{"id":30657,"date":"2026-01-09T13:58:20","date_gmt":"2026-01-09T13:58:20","guid":{"rendered":"https:\/\/topprixsarl.ch\/product\/serviettes-pliees-hartmann-pli-en-z-2-couches-paquet-de-25x250-feuilles\/"},"modified":"2026-04-11T01:25:56","modified_gmt":"2026-04-11T01:25:56","slug":"serviettes-pliees-hartmann-pli-en-z-2-couches-paquet-de-25x250-feuilles","status":"publish","type":"product","link":"https:\/\/topprixsarl.ch\/en\/product\/serviettes-pliees-hartmann-pli-en-z-2-couches-paquet-de-25x250-feuilles\/","title":{"rendered":"Serviettes pli\u00e9es HARTMANN, pli en Z, 2 couches, paquet de 25&#215;250 feuilles"},"content":{"rendered":"<p>Un produit tout simplement indispensable apr\u00e8s le lavage des mains. <\/p>\n<p>Vos mains sont sales et vous avez besoin de les laver? Rien de plus simple. Les syst\u00e8mes de serviettes pli\u00e9es de la marque Hartmann font en sorte que plus rien ne colle aux mains. <\/p>\n<p>+ Serviettes absorbantes et faciles \u00e0 utiliser<br \/>\n+ Prend tr\u00e8s peu de place<br \/>\n+ Composition 100% pure ouate, r\u00e9sistant et difficile \u00e0 d\u00e9chirer  <\/p>\n<p>24&#215;24 cm est la taille d&rsquo;une seule feuille. Une fois pli\u00e9e en accord\u00e9on, ses dimensions ne sont plus que de 24&#215;8 cm par le pliage en Z. Ce pliage ing\u00e9nieux permet une utilisation hygi\u00e9nique du produit. <\/p>\n<p>Le papier a \u00e9t\u00e9 con\u00e7u dans un blanc tout \u00e0 fait sobre. <\/p>\n<p>+ Avantage du rouleau double \u00e9paisseur : con\u00e7u pour entrer en contact avec les aliments  <\/p>\n<p>Si vous ne voulez pas prendre le risque qu&rsquo;une poign\u00e9e de main humide ne joue en votre d\u00e9faveur la premi\u00e8re fois que vous rencontrerez des clients, faites confiance aux syst\u00e8mes de serviettes pli\u00e9es de la marque Hartmann. <\/p>\n<p>Vos mains seront essuy\u00e9es en l&rsquo;espace de quelques secondes et vous pourrez aller vers les gens en toute confiance. <\/p>\n<p>+ Fini les serviettes en tissu humides!<\/p>","protected":false},"excerpt":{"rendered":"<p>Un produit tout simplement indispensable apr\u00e8s le lavage des mains Vos mains sont sales et vous avez besoin de les laver? Rien de plus simple. Les syst\u00e8mes de serviettes pli\u00e9es de la marque Hartmann font en sorte que plus rien ne colle aux mains. Les<\/p>","protected":false},"featured_media":30656,"comment_status":"open","ping_status":"closed","template":"","meta":[],"product_brand":[],"product_cat":[143],"product_tag":[],"class_list":{"0":"post-30657","1":"product","2":"type-product","3":"status-publish","4":"has-post-thumbnail","6":"product_cat-nettoyage","8":"first","9":"instock","10":"shipping-taxable","11":"purchasable","12":"product-type-simple"},"_links":{"self":[{"href":"https:\/\/topprixsarl.ch\/en\/wp-json\/wp\/v2\/product\/30657","targetHints":{"allow":["GET"]}}],"collection":[{"href":"https:\/\/topprixsarl.ch\/en\/wp-json\/wp\/v2\/product"}],"about":[{"href":"https:\/\/topprixsarl.ch\/en\/wp-json\/wp\/v2\/types\/product"}],"replies":[{"embeddable":true,"href":"https:\/\/topprixsarl.ch\/en\/wp-json\/wp\/v2\/comments?post=30657"}],"version-history":[{"count":2,"href":"https:\/\/topprixsarl.ch\/en\/wp-json\/wp\/v2\/product\/30657\/revisions"}],"predecessor-version":[{"id":32658,"href":"https:\/\/topprixsarl.ch\/en\/wp-json\/wp\/v2\/product\/30657\/revisions\/32658"}],"wp:featuredmedia":[{"embeddable":true,"href":"https:\/\/topprixsarl.ch\/en\/wp-json\/wp\/v2\/media\/30656"}],"wp:attachment":[{"href":"https:\/\/topprixsarl.ch\/en\/wp-json\/wp\/v2\/media?parent=30657"}],"wp:term":[{"taxonomy":"product_brand","embeddable":true,"href":"https:\/\/topprixsarl.ch\/en\/wp-json\/wp\/v2\/product_brand?post=30657"},{"taxonomy":"product_cat","embeddable":true,"href":"https:\/\/topprixsarl.ch\/en\/wp-json\/wp\/v2\/product_cat?post=30657"},{"taxonomy":"product_tag","embeddable":true,"href":"https:\/\/topprixsarl.ch\/en\/wp-json\/wp\/v2\/product_tag?post=30657"}],"curies":[{"name":"wp","href":"https:\/\/api.w.org\/{rel}","templated":true}]}}