{"id":30653,"date":"2026-01-09T13:57:51","date_gmt":"2026-01-09T13:57:51","guid":{"rendered":"https:\/\/topprixsarl.ch\/product\/marqueur-tabl-et-tabl-feuilles-berec-pte-bis-larg-trt-3-12mm-lot-4-ass\/"},"modified":"2026-01-14T14:20:16","modified_gmt":"2026-01-14T14:20:16","slug":"marqueur-tabl-et-tabl-feuilles-berec-pte-bis-larg-trt-3-12mm-lot-4-ass","status":"publish","type":"product","link":"https:\/\/topprixsarl.ch\/en\/product\/marqueur-tabl-et-tabl-feuilles-berec-pte-bis-larg-trt-3-12mm-lot-4-ass\/","title":{"rendered":"Marqueur tabl. et tabl feuilles Berec, pte bis., larg. trt 3-12mm, lot 4, ass."},"content":{"rendered":"<p>Les seuls marqueurs dont vous avez besoin<\/p>\n<p>De plus en plus de bureaux sont \u00e9quip\u00e9s de tableaux magn\u00e9tiques destin\u00e9es aux pr\u00e9sentations. Ils sont utiles, mais si vous utilisez un marqueur inadapt\u00e9, il peut \u00eatre difficilement effa\u00e7able. Veillez \u00e0 n&rsquo;utiliser que les bons instruments!<\/p>\n<p>Ces marqueurs fabriqu\u00e9s en Suisse par Berec sont parfaits pour les tableaux blancs et \u00e0 feuilles mobiles. Gr\u00e2ce \u00e0 leurs couleurs vives et satur\u00e9es, vous pouvez pr\u00e9senter un nouveau projet ou repr\u00e9senter des graphiques dont vos coll\u00e8gues se souviendront.<\/p>\n<p>+ Largeur de trait variable entre 3 et 12 mm.<\/p>\n<p>+ Encre \u00e0 l&rsquo;alcool pour un dessin lisse et net.<\/p>\n<p>+ Encre qui s\u00e8che instantan\u00e9ment pour une \u00e9criture facilement effa\u00e7able sans laisser de traces.<\/p>\n<p>+ Corps en m\u00e9tal de taille universelle, ergonomique pour plus de confort.<\/p>\n<p>+ Id\u00e9al pour r\u00e9aliser des croquis rapides.<\/p>\n<p>+ Garder les marqueurs en position horizontale pour une r\u00e9partition uniforme de l\u2019encre sur le papier.<\/p>\n<p>Dessinez et essuyez le tableau sans effort!<\/p>","protected":false},"excerpt":{"rendered":"<p>Les seuls marqueurs dont vous avez besoin De plus en plus de bureaux sont \u00e9quip\u00e9s de tableaux magn\u00e9tiques destin\u00e9es aux pr\u00e9sentations. Ils sont utiles, mais si vous utilisez un marqueur inadapt\u00e9, il peut \u00eatre difficilement effa\u00e7able. Veillez \u00e0 n&rsquo;util<\/p>","protected":false},"featured_media":30652,"comment_status":"open","ping_status":"closed","template":"","meta":[],"product_brand":[],"product_cat":[137],"product_tag":[],"class_list":{"0":"post-30653","1":"product","2":"type-product","3":"status-publish","4":"has-post-thumbnail","6":"product_cat-article-offic","8":"first","9":"instock","10":"shipping-taxable","11":"purchasable","12":"product-type-simple"},"_links":{"self":[{"href":"https:\/\/topprixsarl.ch\/en\/wp-json\/wp\/v2\/product\/30653","targetHints":{"allow":["GET"]}}],"collection":[{"href":"https:\/\/topprixsarl.ch\/en\/wp-json\/wp\/v2\/product"}],"about":[{"href":"https:\/\/topprixsarl.ch\/en\/wp-json\/wp\/v2\/types\/product"}],"replies":[{"embeddable":true,"href":"https:\/\/topprixsarl.ch\/en\/wp-json\/wp\/v2\/comments?post=30653"}],"version-history":[{"count":2,"href":"https:\/\/topprixsarl.ch\/en\/wp-json\/wp\/v2\/product\/30653\/revisions"}],"predecessor-version":[{"id":32656,"href":"https:\/\/topprixsarl.ch\/en\/wp-json\/wp\/v2\/product\/30653\/revisions\/32656"}],"wp:featuredmedia":[{"embeddable":true,"href":"https:\/\/topprixsarl.ch\/en\/wp-json\/wp\/v2\/media\/30652"}],"wp:attachment":[{"href":"https:\/\/topprixsarl.ch\/en\/wp-json\/wp\/v2\/media?parent=30653"}],"wp:term":[{"taxonomy":"product_brand","embeddable":true,"href":"https:\/\/topprixsarl.ch\/en\/wp-json\/wp\/v2\/product_brand?post=30653"},{"taxonomy":"product_cat","embeddable":true,"href":"https:\/\/topprixsarl.ch\/en\/wp-json\/wp\/v2\/product_cat?post=30653"},{"taxonomy":"product_tag","embeddable":true,"href":"https:\/\/topprixsarl.ch\/en\/wp-json\/wp\/v2\/product_tag?post=30653"}],"curies":[{"name":"wp","href":"https:\/\/api.w.org\/{rel}","templated":true}]}}