{"id":30637,"date":"2026-01-09T13:55:44","date_gmt":"2026-01-09T13:55:44","guid":{"rendered":"https:\/\/topprixsarl.ch\/product\/tambour-photoconducteur-hp-ce314a-14000-pages\/"},"modified":"2026-01-14T14:20:17","modified_gmt":"2026-01-14T14:20:17","slug":"tambour-photoconducteur-hp-ce314a-14000-pages","status":"publish","type":"product","link":"https:\/\/topprixsarl.ch\/en\/product-2\/tambour-photoconducteur-hp-ce314a-14000-pages\/","title":{"rendered":"Tambour photoconducteur HP CE314A, 14000\u00a0pages"},"content":{"rendered":"<p>Ce dont vous avez besoin, c&rsquo;est d&rsquo;une batterie comme celle-l\u00e0. Cela vous est-il d\u00e9j\u00e0 arriv\u00e9? Vous avez travaill\u00e9 longtemps sur un document en vous investissant beaucoup et vous avez h\u00e2te de tenir le r\u00e9sultat imprim\u00e9 entre vos mains? De nombreux \u00e9l\u00e8ves et \u00e9tudiants ont s\u00fbrement d\u00e9j\u00e0 v\u00e9cu pareille m\u00e9saventure. En effet, c&rsquo;est souvent \u00e0 ce moment-l\u00e0 que l&rsquo;imprimante se met en gr\u00e8ve. <\/p>\n<p>+ La qualit\u00e9 du tambour de l&rsquo;imprimante d\u00e9termine la clart\u00e9 et la propret\u00e9 de l&rsquo;impression sur le papier. <\/p>\n<p>Ce tambour est livr\u00e9 d\u00e8s sa sortie d&rsquo;usine et r\u00e9pond aux exigences les plus \u00e9lev\u00e9es. <\/p>\n<p>+ Si vous voulez faire des impressions en couleur, vous faites le bon choix en optant pour une imprimante laser couleur. <\/p>\n<p>Elle imprime \u00e9galement en noir avec une superbe r\u00e9solution pour un magnifique rendu au niveau de la brillance. <\/p>\n<p>+ La capacit\u00e9 d&rsquo;impression est de 14 000 pages, ce qui est assez pour imprimer de nombreux documents de bureau ou des documents d&rsquo;affaires de mani\u00e8re propre. <\/p>\n<p>Laissez-nous vous convaincre de la qualit\u00e9 \u00e9prouv\u00e9e d&rsquo;un produit de marque! <\/p>\n<p>+ Garantie 2 ans.<\/p>","protected":false},"excerpt":{"rendered":"<p>Ce dont vous avez besoin, c&rsquo;est d&rsquo;une batterie comme celle-l\u00e0. Cela vous est-il d\u00e9j\u00e0 arriv\u00e9? Vous avez travaill\u00e9 longtemps sur un document en vous investissant beaucoup et vous avez h\u00e2te de tenir le r\u00e9sultat imprim\u00e9 entre vos mains? De nombreux \u00e9l\u00e8ve<\/p>","protected":false},"featured_media":30636,"comment_status":"open","ping_status":"closed","template":"","meta":[],"product_brand":[],"product_cat":[137],"product_tag":[],"class_list":{"0":"post-30637","1":"product","2":"type-product","3":"status-publish","4":"has-post-thumbnail","6":"product_cat-papier","8":"first","9":"instock","10":"shipping-taxable","11":"purchasable","12":"product-type-simple"},"_links":{"self":[{"href":"https:\/\/topprixsarl.ch\/en\/wp-json\/wp\/v2\/product\/30637","targetHints":{"allow":["GET"]}}],"collection":[{"href":"https:\/\/topprixsarl.ch\/en\/wp-json\/wp\/v2\/product"}],"about":[{"href":"https:\/\/topprixsarl.ch\/en\/wp-json\/wp\/v2\/types\/product"}],"replies":[{"embeddable":true,"href":"https:\/\/topprixsarl.ch\/en\/wp-json\/wp\/v2\/comments?post=30637"}],"version-history":[{"count":2,"href":"https:\/\/topprixsarl.ch\/en\/wp-json\/wp\/v2\/product\/30637\/revisions"}],"predecessor-version":[{"id":32648,"href":"https:\/\/topprixsarl.ch\/en\/wp-json\/wp\/v2\/product\/30637\/revisions\/32648"}],"wp:featuredmedia":[{"embeddable":true,"href":"https:\/\/topprixsarl.ch\/en\/wp-json\/wp\/v2\/media\/30636"}],"wp:attachment":[{"href":"https:\/\/topprixsarl.ch\/en\/wp-json\/wp\/v2\/media?parent=30637"}],"wp:term":[{"taxonomy":"product_brand","embeddable":true,"href":"https:\/\/topprixsarl.ch\/en\/wp-json\/wp\/v2\/product_brand?post=30637"},{"taxonomy":"product_cat","embeddable":true,"href":"https:\/\/topprixsarl.ch\/en\/wp-json\/wp\/v2\/product_cat?post=30637"},{"taxonomy":"product_tag","embeddable":true,"href":"https:\/\/topprixsarl.ch\/en\/wp-json\/wp\/v2\/product_tag?post=30637"}],"curies":[{"name":"wp","href":"https:\/\/api.w.org\/{rel}","templated":true}]}}