{"id":30635,"date":"2026-01-09T13:55:28","date_gmt":"2026-01-09T13:55:28","guid":{"rendered":"https:\/\/topprixsarl.ch\/product\/pile-rechargeable-energizer-extreme-aa-hr6-pack-de-4\/"},"modified":"2026-01-14T14:20:17","modified_gmt":"2026-01-14T14:20:17","slug":"pile-rechargeable-energizer-extreme-aa-hr6-pack-de-4","status":"publish","type":"product","link":"https:\/\/topprixsarl.ch\/en\/product-2\/pile-rechargeable-energizer-extreme-aa-hr6-pack-de-4\/","title":{"rendered":"Energizer Extreme AA\/HR6 rechargeable battery - pack of 4"},"content":{"rendered":"<p>Piles rechargeables et fiables<\/p>\n<p>Lorsque vous pr\u00e9parez une pr\u00e9sentation, vous pouvez avoir besoin d&rsquo;\u00e9quipement fonctionnant sur piles. M\u00eame des appareils efficaces peuvent parfois ne pas bien fonctionner en raison des faibles d\u00e9p\u00f4ts d&rsquo;\u00e9nergie. Cette situation est des plus regrettables, surtout lorsque vous ne pouvez pas interrompre votre travail pour chercher une autre pile. C&rsquo;est pourquoi vous devez prendre garde \u00e0 la source d&rsquo;\u00e9nergie que vous choisissez. <\/p>\n<p>Heureusement, il existe des marques comme Energizer qui fabriquent des produits de premi\u00e8re classe. Voici une solution fiable et \u00e9cologique pour tous les appareils. <\/p>\n<p>+ Ces piles peuvent \u00eatre recharg\u00e9es des centaines de fois.<br \/>\n+ Vous r\u00e9duisez ainsi le gaspillage et \u00e9conomisez de l&rsquo;argent.<br \/>\n+ Gr\u00e2ce \u00e0 cette solution innovante, les piles Energizer durent 6 fois plus longtemps dans diff\u00e9rents appareils et stockent l&rsquo;\u00e9nergie pendant des ann\u00e9es.<br \/>\n+ \u00c0 l&rsquo;achat, elles sont pr\u00e9-charg\u00e9es, donc pr\u00eates \u00e0 l&#8217;emploi d\u00e8s leur sortie de l&#8217;emballage.<br \/>\n+ Gardez en permanence vos piles pr\u00eates \u00e0 l&#8217;emploi ! <\/p>\n<p>> Garantie 5 ans*<\/p>","protected":false},"excerpt":{"rendered":"<p>Piles rechargeables et fiables Lorsque vous pr\u00e9parez une pr\u00e9sentation, vous pouvez avoir besoin d&rsquo;\u00e9quipement fonctionnant sur piles. M\u00eame des appareils efficaces peuvent parfois ne pas bien fonctionner en raison des faibles d\u00e9p\u00f4ts d&rsquo;\u00e9nergie. Cette si<\/p>","protected":false},"featured_media":30634,"comment_status":"open","ping_status":"closed","template":"","meta":[],"product_brand":[],"product_cat":[142],"product_tag":[],"class_list":{"0":"post-30635","1":"product","2":"type-product","3":"status-publish","4":"has-post-thumbnail","6":"product_cat-entretien","8":"first","9":"instock","10":"shipping-taxable","11":"purchasable","12":"product-type-simple"},"_links":{"self":[{"href":"https:\/\/topprixsarl.ch\/en\/wp-json\/wp\/v2\/product\/30635","targetHints":{"allow":["GET"]}}],"collection":[{"href":"https:\/\/topprixsarl.ch\/en\/wp-json\/wp\/v2\/product"}],"about":[{"href":"https:\/\/topprixsarl.ch\/en\/wp-json\/wp\/v2\/types\/product"}],"replies":[{"embeddable":true,"href":"https:\/\/topprixsarl.ch\/en\/wp-json\/wp\/v2\/comments?post=30635"}],"version-history":[{"count":2,"href":"https:\/\/topprixsarl.ch\/en\/wp-json\/wp\/v2\/product\/30635\/revisions"}],"predecessor-version":[{"id":32647,"href":"https:\/\/topprixsarl.ch\/en\/wp-json\/wp\/v2\/product\/30635\/revisions\/32647"}],"wp:featuredmedia":[{"embeddable":true,"href":"https:\/\/topprixsarl.ch\/en\/wp-json\/wp\/v2\/media\/30634"}],"wp:attachment":[{"href":"https:\/\/topprixsarl.ch\/en\/wp-json\/wp\/v2\/media?parent=30635"}],"wp:term":[{"taxonomy":"product_brand","embeddable":true,"href":"https:\/\/topprixsarl.ch\/en\/wp-json\/wp\/v2\/product_brand?post=30635"},{"taxonomy":"product_cat","embeddable":true,"href":"https:\/\/topprixsarl.ch\/en\/wp-json\/wp\/v2\/product_cat?post=30635"},{"taxonomy":"product_tag","embeddable":true,"href":"https:\/\/topprixsarl.ch\/en\/wp-json\/wp\/v2\/product_tag?post=30635"}],"curies":[{"name":"wp","href":"https:\/\/api.w.org\/{rel}","templated":true}]}}