{"id":30627,"date":"2026-01-09T13:54:18","date_gmt":"2026-01-09T13:54:18","guid":{"rendered":"https:\/\/topprixsarl.ch\/product\/porte-mines-lyreco-recycle-07-mm\/"},"modified":"2026-01-14T14:20:17","modified_gmt":"2026-01-14T14:20:17","slug":"porte-mines-lyreco-recycle-07-mm","status":"publish","type":"product","link":"https:\/\/topprixsarl.ch\/en\/product-2\/porte-mines-lyreco-recycle-07-mm\/","title":{"rendered":"Porte-mines recycl\u00e9- 0,7 mm"},"content":{"rendered":"<p>Un outil pr\u00e9cieux pour tout employ\u00e9 de bureau.<\/p>\n<p>Plus de 100 ans se sont \u00e9coul\u00e9s depuis l&rsquo;invention du porte-mine traditionnel, mais il reste un outil irrempla\u00e7able. Il est difficile d&rsquo;imaginer le travail de bureau sans lui, car les employ\u00e9s prennent constamment des notes, montrent des dessins et font des croquis. <\/p>\n<p>Ce porte-mine est un outil indispensable pour chaque employ\u00e9 de bureau. <\/p>\n<p>+ Grip en caoutchouc souple, adapt\u00e9 aux droitiers et gauchers. <\/p>\n<p>Le mat\u00e9riau d\u00e9licat recouvrant le crayon ne frotte pas contre la main, il peut donc \u00eatre utilis\u00e9 pour des travaux de longue haleine sans aucun inconfort. <\/p>\n<p>+ \u00c9co-certifi\u00e9, respectueux de l&rsquo;environnement. <\/p>\n<p>Contrairement \u00e0 de nombreux porte-mines, celui-ci est fait de mat\u00e9riaux recycl\u00e9s. De plus, il peut \u00eatre recycl\u00e9 pour un usage ult\u00e9rieur. <\/p>\n<p>Si vous en avez assez de casser votre crayon et de son \u00e9criture impr\u00e9cise, optez pour celui-ci. Une fois vide, vous pouvez changer de mine et continuer. <\/p>\n<p>+ Option id\u00e9ale pour une utilisation confortable \u00e0 long terme dans tout bureau. <\/p>\n<p>Gardez toujours un porte-mine \u00e0 port\u00e9e de main pour un travail rapide et confortable!<\/p>","protected":false},"excerpt":{"rendered":"<p>Un outil pr\u00e9cieux pour tout employ\u00e9 de bureau Plus de 100 ans se sont \u00e9coul\u00e9s depuis l&rsquo;invention du porte-mine traditionnel, mais il reste un outil irrempla\u00e7able. Il est difficile d&rsquo;imaginer le travail de bureau sans lui, car les employ\u00e9s prennent co<\/p>","protected":false},"featured_media":30626,"comment_status":"open","ping_status":"closed","template":"","meta":[],"product_brand":[],"product_cat":[137],"product_tag":[],"class_list":{"0":"post-30627","1":"product","2":"type-product","3":"status-publish","4":"has-post-thumbnail","6":"product_cat-papier","8":"first","9":"instock","10":"shipping-taxable","11":"purchasable","12":"product-type-simple"},"_links":{"self":[{"href":"https:\/\/topprixsarl.ch\/en\/wp-json\/wp\/v2\/product\/30627","targetHints":{"allow":["GET"]}}],"collection":[{"href":"https:\/\/topprixsarl.ch\/en\/wp-json\/wp\/v2\/product"}],"about":[{"href":"https:\/\/topprixsarl.ch\/en\/wp-json\/wp\/v2\/types\/product"}],"replies":[{"embeddable":true,"href":"https:\/\/topprixsarl.ch\/en\/wp-json\/wp\/v2\/comments?post=30627"}],"version-history":[{"count":3,"href":"https:\/\/topprixsarl.ch\/en\/wp-json\/wp\/v2\/product\/30627\/revisions"}],"predecessor-version":[{"id":33314,"href":"https:\/\/topprixsarl.ch\/en\/wp-json\/wp\/v2\/product\/30627\/revisions\/33314"}],"wp:featuredmedia":[{"embeddable":true,"href":"https:\/\/topprixsarl.ch\/en\/wp-json\/wp\/v2\/media\/30626"}],"wp:attachment":[{"href":"https:\/\/topprixsarl.ch\/en\/wp-json\/wp\/v2\/media?parent=30627"}],"wp:term":[{"taxonomy":"product_brand","embeddable":true,"href":"https:\/\/topprixsarl.ch\/en\/wp-json\/wp\/v2\/product_brand?post=30627"},{"taxonomy":"product_cat","embeddable":true,"href":"https:\/\/topprixsarl.ch\/en\/wp-json\/wp\/v2\/product_cat?post=30627"},{"taxonomy":"product_tag","embeddable":true,"href":"https:\/\/topprixsarl.ch\/en\/wp-json\/wp\/v2\/product_tag?post=30627"}],"curies":[{"name":"wp","href":"https:\/\/api.w.org\/{rel}","templated":true}]}}