{"id":30623,"date":"2026-01-09T13:53:47","date_gmt":"2026-01-09T13:53:47","guid":{"rendered":"https:\/\/topprixsarl.ch\/product\/roller-pilot-frixion-clicker-retractable-effacable-pointe-moyenne-noir\/"},"modified":"2026-01-14T14:20:17","modified_gmt":"2026-01-14T14:20:17","slug":"roller-pilot-frixion-clicker-retractable-effacable-pointe-moyenne-noir","status":"publish","type":"product","link":"https:\/\/topprixsarl.ch\/en\/product-2\/roller-pilot-frixion-clicker-retractable-effacable-pointe-moyenne-noir\/","title":{"rendered":"Roller Pilot Frixion Clicker &#8211; r\u00e9tractable &#8211; effa\u00e7able &#8211; pointe moyenne &#8211; noir"},"content":{"rendered":"<p>Un classique pour une belle \u00e9criture manuscrite. <\/p>\n<p>Ce n&rsquo;est pas tout le monde qui ose s&rsquo;aventurer \u00e0 \u00e9crire quelques chapitres de l&rsquo;Histoire. Par contre, quand il s&rsquo;agit d&rsquo;\u00e9crire quelque chose, il faut que ce soit bien \u00e9crit. <\/p>\n<p>Avec le roller de la marque Pilot, vous disposez d&rsquo;un accessoire haut de gamme qui permet d&rsquo;obtenir des caract\u00e8res parfaits. <\/p>\n<p>+ Design intelligent pour une prise en main confortable. <\/p>\n<p>+ Pointe conique pour des notes pr\u00e9cises et des dessins d\u00e9taill\u00e9s. <\/p>\n<p>En utilisant une encre gel s\u00e9chant rapidement, l&rsquo;\u00e9criture est fluide et sans fuite. <\/p>\n<p>+ Couleur noire sobre et classique, adapt\u00e9e \u00e0 toutes les occasions. <\/p>\n<p>Vous pouvez recharger l&rsquo;article \u00e0 tout moment et \u00e9viter ainsi les d\u00e9chets d&#8217;emballage. <\/p>\n<p>+ Ustensile polyvalent, id\u00e9al pour faire preuve de vari\u00e9t\u00e9. <\/p>\n<p>Car le roller de la marque Pilot est fait pour la perfection. <\/p>\n<p>+ R\u00e9sultat facilement visible et convaincant gr\u00e2ce \u00e0 sa longue dur\u00e9e de vie. <\/p>\n<p>De plus, son design est tel qu&rsquo;il peut \u00e9galement \u00eatre utilis\u00e9 pour diff\u00e9rentes t\u00e2ches. <\/p>\n<p>Faites l&rsquo;acquisition d&rsquo;un produit qui non seulement fonctionne, mais qui en plus est source d&rsquo;inspiration!*<\/p>","protected":false},"excerpt":{"rendered":"<p>Un classique pour une belle \u00e9criture manuscrite Ce n&rsquo;est pas tout le monde qui ose s&rsquo;aventurer \u00e0 \u00e9crire quelques chapitres de l&rsquo;Histoire. Par contre, quand il s&rsquo;agit d&rsquo;\u00e9crire quelque chose, il faut que ce soit bien \u00e9crit. Avec le roller de la marque <\/p>","protected":false},"featured_media":30622,"comment_status":"open","ping_status":"closed","template":"","meta":[],"product_brand":[],"product_cat":[137],"product_tag":[],"class_list":{"0":"post-30623","1":"product","2":"type-product","3":"status-publish","4":"has-post-thumbnail","6":"product_cat-papier","8":"first","9":"instock","10":"shipping-taxable","11":"purchasable","12":"product-type-simple"},"_links":{"self":[{"href":"https:\/\/topprixsarl.ch\/en\/wp-json\/wp\/v2\/product\/30623","targetHints":{"allow":["GET"]}}],"collection":[{"href":"https:\/\/topprixsarl.ch\/en\/wp-json\/wp\/v2\/product"}],"about":[{"href":"https:\/\/topprixsarl.ch\/en\/wp-json\/wp\/v2\/types\/product"}],"replies":[{"embeddable":true,"href":"https:\/\/topprixsarl.ch\/en\/wp-json\/wp\/v2\/comments?post=30623"}],"version-history":[{"count":2,"href":"https:\/\/topprixsarl.ch\/en\/wp-json\/wp\/v2\/product\/30623\/revisions"}],"predecessor-version":[{"id":32640,"href":"https:\/\/topprixsarl.ch\/en\/wp-json\/wp\/v2\/product\/30623\/revisions\/32640"}],"wp:featuredmedia":[{"embeddable":true,"href":"https:\/\/topprixsarl.ch\/en\/wp-json\/wp\/v2\/media\/30622"}],"wp:attachment":[{"href":"https:\/\/topprixsarl.ch\/en\/wp-json\/wp\/v2\/media?parent=30623"}],"wp:term":[{"taxonomy":"product_brand","embeddable":true,"href":"https:\/\/topprixsarl.ch\/en\/wp-json\/wp\/v2\/product_brand?post=30623"},{"taxonomy":"product_cat","embeddable":true,"href":"https:\/\/topprixsarl.ch\/en\/wp-json\/wp\/v2\/product_cat?post=30623"},{"taxonomy":"product_tag","embeddable":true,"href":"https:\/\/topprixsarl.ch\/en\/wp-json\/wp\/v2\/product_tag?post=30623"}],"curies":[{"name":"wp","href":"https:\/\/api.w.org\/{rel}","templated":true}]}}