{"id":30621,"date":"2026-01-09T13:53:32","date_gmt":"2026-01-09T13:53:32","guid":{"rendered":"https:\/\/topprixsarl.ch\/product\/liquide-vaisselle-greenspeed-ecolabel-bidon-de-1-l\/"},"modified":"2026-01-14T14:20:17","modified_gmt":"2026-01-14T14:20:17","slug":"liquide-vaisselle-greenspeed-ecolabel-bidon-de-1-l","status":"publish","type":"product","link":"https:\/\/topprixsarl.ch\/en\/product-2\/liquide-vaisselle-greenspeed-ecolabel-bidon-de-1-l\/","title":{"rendered":"Greenspeed dishwashing liquid - Ecolabel - 1 L container"},"content":{"rendered":"<p>**Liquide vaisselle \u00e9cologique**<\/p>\n<p>Ce d\u00e9graissant puissant et n\u00e9anmoins doux pour la peau garantit un lavage parfait de toute la vaisselle. Ne produit pas de mousse excessive.<\/p>\n<p>+ **Dosage** : Pour 1-4 ml de concentr\u00e9, 5 litres d\u2019eau chaude doivent \u00eatre administr\u00e9s.<\/p>\n<p>+ **Certification** : Certifi\u00e9 EU Ecolabel.<\/p>\n<p>+ **Conditionnement** : Flacon de 1 litre. Prix par flacon.<\/p>\n<p>+ **Quantit\u00e9** : 12 bouteilles \/ carton, 60 cartons \/ palette (= 720 bouteilles \/ palette).<\/p>\n<p>+ **S\u00e9curit\u00e9** : Produit dangereux. Respecter les pr\u00e9cautions d\u2019emploi indiqu\u00e9es sur la fiche de donn\u00e9es de s\u00e9curit\u00e9.*<\/p>","protected":false},"excerpt":{"rendered":"<p>Liquide vaisselle \u00e9cologique. Ce d\u00e9graissant puissant et n\u00e9anmoins doux pour la peau garantit un lavage parfait de toute la vaisselle. Ne produit pas de mousse excessive. Pour 1-4 ml de concentr\u00e9, 5 litres d\u2019eau chaude doivent \u00eatre administr\u00e9s. Certi<\/p>","protected":false},"featured_media":30620,"comment_status":"open","ping_status":"closed","template":"","meta":[],"product_brand":[],"product_cat":[142],"product_tag":[],"class_list":{"0":"post-30621","1":"product","2":"type-product","3":"status-publish","4":"has-post-thumbnail","6":"product_cat-entretien","8":"first","9":"instock","10":"shipping-taxable","11":"purchasable","12":"product-type-simple"},"_links":{"self":[{"href":"https:\/\/topprixsarl.ch\/en\/wp-json\/wp\/v2\/product\/30621","targetHints":{"allow":["GET"]}}],"collection":[{"href":"https:\/\/topprixsarl.ch\/en\/wp-json\/wp\/v2\/product"}],"about":[{"href":"https:\/\/topprixsarl.ch\/en\/wp-json\/wp\/v2\/types\/product"}],"replies":[{"embeddable":true,"href":"https:\/\/topprixsarl.ch\/en\/wp-json\/wp\/v2\/comments?post=30621"}],"version-history":[{"count":2,"href":"https:\/\/topprixsarl.ch\/en\/wp-json\/wp\/v2\/product\/30621\/revisions"}],"predecessor-version":[{"id":32639,"href":"https:\/\/topprixsarl.ch\/en\/wp-json\/wp\/v2\/product\/30621\/revisions\/32639"}],"wp:featuredmedia":[{"embeddable":true,"href":"https:\/\/topprixsarl.ch\/en\/wp-json\/wp\/v2\/media\/30620"}],"wp:attachment":[{"href":"https:\/\/topprixsarl.ch\/en\/wp-json\/wp\/v2\/media?parent=30621"}],"wp:term":[{"taxonomy":"product_brand","embeddable":true,"href":"https:\/\/topprixsarl.ch\/en\/wp-json\/wp\/v2\/product_brand?post=30621"},{"taxonomy":"product_cat","embeddable":true,"href":"https:\/\/topprixsarl.ch\/en\/wp-json\/wp\/v2\/product_cat?post=30621"},{"taxonomy":"product_tag","embeddable":true,"href":"https:\/\/topprixsarl.ch\/en\/wp-json\/wp\/v2\/product_tag?post=30621"}],"curies":[{"name":"wp","href":"https:\/\/api.w.org\/{rel}","templated":true}]}}