{"id":30617,"date":"2026-01-09T13:52:55","date_gmt":"2026-01-09T13:52:55","guid":{"rendered":"https:\/\/topprixsarl.ch\/product\/armoire-a-rideaux-paperflow-easy-office-104-x-110-cm-blanche\/"},"modified":"2026-01-14T14:20:18","modified_gmt":"2026-01-14T14:20:18","slug":"armoire-a-rideaux-paperflow-easy-office-104-x-110-cm-blanche","status":"publish","type":"product","link":"https:\/\/topprixsarl.ch\/en\/product-2\/armoire-a-rideaux-paperflow-easy-office-104-x-110-cm-blanche\/","title":{"rendered":"Paperflow Easy Office curtain cabinet - 104 x 110 cm - white"},"content":{"rendered":"<p>**Description du produit :**<\/p>\n<p>**Structure :**<br \/>\n&#8211; M\u00e9tallique<br \/>\n&#8211; Corps en polystyr\u00e8ne teint\u00e9, r\u00e9sistant aux chocs et aux rayures  <\/p>\n<p>**Fermeture :**<br \/>\n&#8211; Rideau polypropyl\u00e8ne, lamelles 15 mm, s\u2019escamotant totalement dans les parois pour un acc\u00e8s et une visibilit\u00e9 totale du contenu de l\u2019armoire<br \/>\n&#8211; Poign\u00e9es encastr\u00e9es avec cache escamotable<br \/>\n&#8211; Serrure \u00e0 double sortie, livr\u00e9e avec un jeu de 2 cl\u00e9s num\u00e9rot\u00e9es  <\/p>\n<p>**\u00c9quipement :**<br \/>\n+ Tablettes m\u00e9talliques noires r\u00e9glables tous les 8 cm avec replis pour dossiers suspendus<br \/>\n+ Charge utile jusqu\u2019\u00e0 75 kg par tablette<br \/>\n+ Volume de classement par tablette :<br \/>\n  &#8211; 80 dossiers suspendus<br \/>\n  &#8211; 11 classeurs dos 7,5 cm<br \/>\n  &#8211; 10 bo\u00eetes d\u2019archives dos 8 cm  <\/p>\n<p>**Dimensions :**<br \/>\n+ Dimensions utiles : L. 86 x P. 37.5 cm<br \/>\n+ Dimensions ext\u00e9rieures : L. 110 x P. 41.5 cm<br \/>\n+ Hauteur : 104 cm (2 tablettes)  <\/p>\n<p>**Livraison :**<br \/>\n&#8211; Livr\u00e9e \u00e0 plat<br \/>\n&#8211; Garantie 1 an  <\/p>\n<p>*Notes de bas de page :*<br \/>\n*1. Conditions de garantie applicables.*<br \/>\n*2. Instructions de montage incluses.*<\/p>","protected":false},"excerpt":{"rendered":"<p>Structure : m\u00e9tallique, corps en polystyr\u00e8ne teint\u00e9, r\u00e9sistant aux chocs et aux rayures. Fermeture : Rideau polypropyl\u00e8ne, lamelles 15 mm, s\u2019escamotant totalement dans les parois pour un acc\u00e8s et une visibilit\u00e9 totale du contenu de l\u2019armoire. Poign\u00e9e<\/p>","protected":false},"featured_media":30616,"comment_status":"open","ping_status":"closed","template":"","meta":[],"product_brand":[],"product_cat":[143],"product_tag":[],"class_list":{"0":"post-30617","1":"product","2":"type-product","3":"status-publish","4":"has-post-thumbnail","6":"product_cat-nettoyage","8":"first","9":"instock","10":"shipping-taxable","11":"purchasable","12":"product-type-simple"},"_links":{"self":[{"href":"https:\/\/topprixsarl.ch\/en\/wp-json\/wp\/v2\/product\/30617","targetHints":{"allow":["GET"]}}],"collection":[{"href":"https:\/\/topprixsarl.ch\/en\/wp-json\/wp\/v2\/product"}],"about":[{"href":"https:\/\/topprixsarl.ch\/en\/wp-json\/wp\/v2\/types\/product"}],"replies":[{"embeddable":true,"href":"https:\/\/topprixsarl.ch\/en\/wp-json\/wp\/v2\/comments?post=30617"}],"version-history":[{"count":2,"href":"https:\/\/topprixsarl.ch\/en\/wp-json\/wp\/v2\/product\/30617\/revisions"}],"predecessor-version":[{"id":32636,"href":"https:\/\/topprixsarl.ch\/en\/wp-json\/wp\/v2\/product\/30617\/revisions\/32636"}],"wp:featuredmedia":[{"embeddable":true,"href":"https:\/\/topprixsarl.ch\/en\/wp-json\/wp\/v2\/media\/30616"}],"wp:attachment":[{"href":"https:\/\/topprixsarl.ch\/en\/wp-json\/wp\/v2\/media?parent=30617"}],"wp:term":[{"taxonomy":"product_brand","embeddable":true,"href":"https:\/\/topprixsarl.ch\/en\/wp-json\/wp\/v2\/product_brand?post=30617"},{"taxonomy":"product_cat","embeddable":true,"href":"https:\/\/topprixsarl.ch\/en\/wp-json\/wp\/v2\/product_cat?post=30617"},{"taxonomy":"product_tag","embeddable":true,"href":"https:\/\/topprixsarl.ch\/en\/wp-json\/wp\/v2\/product_tag?post=30617"}],"curies":[{"name":"wp","href":"https:\/\/api.w.org\/{rel}","templated":true}]}}