{"id":30609,"date":"2026-01-09T13:51:55","date_gmt":"2026-01-09T13:51:55","guid":{"rendered":"https:\/\/topprixsarl.ch\/product\/poubelle-tork-elevation-b3-5-litres-blanc\/"},"modified":"2026-01-14T14:20:18","modified_gmt":"2026-01-14T14:20:18","slug":"poubelle-tork-elevation-b3-5-litres-blanc","status":"publish","type":"product","link":"https:\/\/topprixsarl.ch\/en\/product\/poubelle-tork-elevation-b3-5-litres-blanc\/","title":{"rendered":"Poubelle Tork Elevation B3, 5 litres, blanc"},"content":{"rendered":"<p>**Design et fonctionnalit\u00e9 exceptionnels**<\/p>\n<p>\u00c0 quoi devraient ressembler les toilettes id\u00e9ales dans une entreprise prosp\u00e8re? Un \u00e9quipement de haute qualit\u00e9 est bien s\u00fbr indispensable, il doit \u00eatre approvisionn\u00e9 en produits d&rsquo;hygi\u00e8ne et avoir un design \u00e9l\u00e9gant. Mais, de petits d\u00e9tails peuvent facilement g\u00e2cher le design, aussi \u00e9l\u00e9gant soit-il. <\/p>\n<p>Avec cette poubelle attrayante Tork Elevation, ce probl\u00e8me ne se posera pas. <\/p>\n<p>+ **Design \u00e9l\u00e9gant** : Gr\u00e2ce \u00e0 ses lignes douces et ses formes gracieuses, superbes sous tous les angles, la poubelle s&rsquo;adapte \u00e0 tout int\u00e9rieur et conf\u00e8re fonctionnalit\u00e9 et \u00e9l\u00e9gance aux toilettes. <\/p>\n<p>+ **Couvercle \u00e0 fermeture automatique** : Le couvercle cache les d\u00e9chets \u00e0 la vue. <\/p>\n<p>+ **Sac poubelle int\u00e9gr\u00e9** : Le sac poubelle s\u2019ins\u00e8re totalement dans le bac et pr\u00e9serve l\u2019\u00e9l\u00e9gance de la poubelle. <\/p>\n<p>+ **Mat\u00e9riaux durables** : Le plastique durable r\u00e9siste \u00e0 l&rsquo;eau, le bac est donc facile \u00e0 nettoyer et peut \u00eatre conserv\u00e9 longtemps. <\/p>\n<p>+ **Compact et pratique** : Gr\u00e2ce \u00e0 sa petite taille et \u00e0 sa capacit\u00e9 optimale de cinq litres, le bac ne prend pas beaucoup de place et peut \u00eatre fix\u00e9 au mur dans les petites toilettes. <\/p>\n<p>Choisissez le style sans sacrifier la fonctionnalit\u00e9!<\/p>","protected":false},"excerpt":{"rendered":"<p>Design et fonctionnalit\u00e9 exceptionnels \u00c0 quoi devraient ressembler les toilettes id\u00e9ales dans une entreprise prosp\u00e8re? Un \u00e9quipement de haute qualit\u00e9 est bien s\u00fbr indispensable, il doit \u00eatre approvisionn\u00e9 en produits d&rsquo;hygi\u00e8ne et avoir un design \u00e9l\u00e9g<\/p>","protected":false},"featured_media":30608,"comment_status":"open","ping_status":"closed","template":"","meta":[],"product_brand":[],"product_cat":[143],"product_tag":[],"class_list":{"0":"post-30609","1":"product","2":"type-product","3":"status-publish","4":"has-post-thumbnail","6":"product_cat-nettoyage","8":"first","9":"instock","10":"shipping-taxable","11":"purchasable","12":"product-type-simple"},"_links":{"self":[{"href":"https:\/\/topprixsarl.ch\/en\/wp-json\/wp\/v2\/product\/30609","targetHints":{"allow":["GET"]}}],"collection":[{"href":"https:\/\/topprixsarl.ch\/en\/wp-json\/wp\/v2\/product"}],"about":[{"href":"https:\/\/topprixsarl.ch\/en\/wp-json\/wp\/v2\/types\/product"}],"replies":[{"embeddable":true,"href":"https:\/\/topprixsarl.ch\/en\/wp-json\/wp\/v2\/comments?post=30609"}],"version-history":[{"count":2,"href":"https:\/\/topprixsarl.ch\/en\/wp-json\/wp\/v2\/product\/30609\/revisions"}],"predecessor-version":[{"id":32632,"href":"https:\/\/topprixsarl.ch\/en\/wp-json\/wp\/v2\/product\/30609\/revisions\/32632"}],"wp:featuredmedia":[{"embeddable":true,"href":"https:\/\/topprixsarl.ch\/en\/wp-json\/wp\/v2\/media\/30608"}],"wp:attachment":[{"href":"https:\/\/topprixsarl.ch\/en\/wp-json\/wp\/v2\/media?parent=30609"}],"wp:term":[{"taxonomy":"product_brand","embeddable":true,"href":"https:\/\/topprixsarl.ch\/en\/wp-json\/wp\/v2\/product_brand?post=30609"},{"taxonomy":"product_cat","embeddable":true,"href":"https:\/\/topprixsarl.ch\/en\/wp-json\/wp\/v2\/product_cat?post=30609"},{"taxonomy":"product_tag","embeddable":true,"href":"https:\/\/topprixsarl.ch\/en\/wp-json\/wp\/v2\/product_tag?post=30609"}],"curies":[{"name":"wp","href":"https:\/\/api.w.org\/{rel}","templated":true}]}}