{"id":30603,"date":"2026-01-09T13:51:05","date_gmt":"2026-01-09T13:51:05","guid":{"rendered":"https:\/\/topprixsarl.ch\/product\/porte-cartes-de-visite-booffice-portrait-transp\/"},"modified":"2026-01-14T14:20:18","modified_gmt":"2026-01-14T14:20:18","slug":"porte-cartes-de-visite-booffice-portrait-transp","status":"publish","type":"product","link":"https:\/\/topprixsarl.ch\/en\/product\/porte-cartes-de-visite-booffice-portrait-transp\/","title":{"rendered":"Porte-cartes de visite BoOffice, portrait, transp."},"content":{"rendered":"<p>Affichez des porte-cartes de visite \u00e0 haute capacit\u00e9. <\/p>\n<p>Certains peuvent penser qu&rsquo;Internet a conquis toutes les sph\u00e8res de notre vie et qu\u2019il remplacera tout. Mais, en affaires, il existe des choses immuables comme les cartes de visite et, en particulier, leurs avantages. <\/p>\n<p>Elles aident \u00e0 partager rapidement des informations sur une entreprise ou une personne. Dictez un num\u00e9ro \u00e0 une personne press\u00e9e ou qui n\u2019a pas le temps est difficile. Disposer d\u2019un porte-cartes de visite facilitera l\u2019\u00e9change des informations. Ces cartes sont facilement accessibles pour les remettre \u00e0 une personne. <\/p>\n<p>Le porte-cartes de visite Bo-Office est \u00e9l\u00e9gant et robuste gr\u00e2ce \u00e0 sa fabrication en acrylique de haute qualit\u00e9. <\/p>\n<p>+ Capacit\u00e9 : Il peut contenir jusqu\u2019\u00e0 50 cartes de visite rang\u00e9es \u00e0 la verticale, ce qui est id\u00e9al pour les comptoirs ou les tables de consultation. <\/p>\n<p>+ Indispensable : Ce produit est indispensable pour \u00e9largir votre r\u00e9seau, alors ne manquez pas une telle opportunit\u00e9. <\/p>\n<p>+ Visibilit\u00e9 : Ne laissez personne oublier vos activit\u00e9s!<\/p>","protected":false},"excerpt":{"rendered":"<p>Affichez des porte-cartes de visite \u00e0 haute capacit\u00e9 Certains peuvent penser qu&rsquo;Internet a conquis toutes les sph\u00e8res de notre vie et qu\u2019il remplacera tout. Mais, en affaires, il existe des choses immuables comme les cartes de visite et, en particuli<\/p>","protected":false},"featured_media":30602,"comment_status":"open","ping_status":"closed","template":"","meta":[],"product_brand":[],"product_cat":[137],"product_tag":[],"class_list":{"0":"post-30603","1":"product","2":"type-product","3":"status-publish","4":"has-post-thumbnail","6":"product_cat-article-offic","8":"first","9":"instock","10":"shipping-taxable","11":"purchasable","12":"product-type-simple"},"_links":{"self":[{"href":"https:\/\/topprixsarl.ch\/en\/wp-json\/wp\/v2\/product\/30603","targetHints":{"allow":["GET"]}}],"collection":[{"href":"https:\/\/topprixsarl.ch\/en\/wp-json\/wp\/v2\/product"}],"about":[{"href":"https:\/\/topprixsarl.ch\/en\/wp-json\/wp\/v2\/types\/product"}],"replies":[{"embeddable":true,"href":"https:\/\/topprixsarl.ch\/en\/wp-json\/wp\/v2\/comments?post=30603"}],"version-history":[{"count":2,"href":"https:\/\/topprixsarl.ch\/en\/wp-json\/wp\/v2\/product\/30603\/revisions"}],"predecessor-version":[{"id":32629,"href":"https:\/\/topprixsarl.ch\/en\/wp-json\/wp\/v2\/product\/30603\/revisions\/32629"}],"wp:featuredmedia":[{"embeddable":true,"href":"https:\/\/topprixsarl.ch\/en\/wp-json\/wp\/v2\/media\/30602"}],"wp:attachment":[{"href":"https:\/\/topprixsarl.ch\/en\/wp-json\/wp\/v2\/media?parent=30603"}],"wp:term":[{"taxonomy":"product_brand","embeddable":true,"href":"https:\/\/topprixsarl.ch\/en\/wp-json\/wp\/v2\/product_brand?post=30603"},{"taxonomy":"product_cat","embeddable":true,"href":"https:\/\/topprixsarl.ch\/en\/wp-json\/wp\/v2\/product_cat?post=30603"},{"taxonomy":"product_tag","embeddable":true,"href":"https:\/\/topprixsarl.ch\/en\/wp-json\/wp\/v2\/product_tag?post=30603"}],"curies":[{"name":"wp","href":"https:\/\/api.w.org\/{rel}","templated":true}]}}