{"id":30589,"date":"2026-01-09T13:49:18","date_gmt":"2026-01-09T13:49:18","guid":{"rendered":"https:\/\/topprixsarl.ch\/product\/ruban-adhesif-transparent-scotch-crystal-19-mm-x-33-m-8-rouleaux\/"},"modified":"2026-01-14T14:20:19","modified_gmt":"2026-01-14T14:20:19","slug":"ruban-adhesif-transparent-scotch-crystal-19-mm-x-33-m-8-rouleaux","status":"publish","type":"product","link":"https:\/\/topprixsarl.ch\/en\/product\/ruban-adhesif-transparent-scotch-crystal-19-mm-x-33-m-8-rouleaux\/","title":{"rendered":"Ruban adh\u00e9sif transparent Scotch Crystal &#8211; 19 mm x 33 m &#8211; 8 rouleaux"},"content":{"rendered":"<p>Prot\u00e9gez tout ce qui est essentiel. <\/p>\n<p>Vous travaillez dans un bureau, dans le commerce de d\u00e9tail ou dans la restauration? Peu importe l&rsquo;endroit, il y a une chose qui ne doit pas vous faire d\u00e9faut: le ruban adh\u00e9sif de la marque Scotch. <\/p>\n<p>+ Produit polyvalent et compact<br \/>\n+ R\u00e9sistant \u00e0 l&rsquo;usure<br \/>\n+ Adh\u00e9rence puissante  <\/p>\n<p>Suffisamment fin, il peut \u00eatre copi\u00e9 et est donc parfaitement appropri\u00e9 pour \u00eatre utilis\u00e9 pour divers dossiers. <\/p>\n<p>Ce ruban est de 33 m de longueur et de 19 mm de largeur. <\/p>\n<p>Laissez-vous convaincre par les avantages du ruban adh\u00e9sif de la marque Scotch: <\/p>\n<p>+ Utilisation facile<br \/>\n+ Puissance adh\u00e9sive forte et durable sur laquelle vous pouvez compter pendant longtemps  <\/p>\n<p>Faites confiance \u00e0 cette liaison!<\/p>","protected":false},"excerpt":{"rendered":"<p>Prot\u00e9gez tout ce qui est essentiel Vous travaillez dans un bureau, dans le commerce de d\u00e9tail ou dans la restauration? Peu importe l&rsquo;endroit, il y a une chose qui ne doit pas vous faire d\u00e9faut: le ruban adh\u00e9sif de la marque Scotch. Effectivement, ce <\/p>","protected":false},"featured_media":30588,"comment_status":"open","ping_status":"closed","template":"","meta":[],"product_brand":[],"product_cat":[137],"product_tag":[],"class_list":{"0":"post-30589","1":"product","2":"type-product","3":"status-publish","4":"has-post-thumbnail","6":"product_cat-article-offic","8":"first","9":"instock","10":"shipping-taxable","11":"purchasable","12":"product-type-simple"},"_links":{"self":[{"href":"https:\/\/topprixsarl.ch\/en\/wp-json\/wp\/v2\/product\/30589","targetHints":{"allow":["GET"]}}],"collection":[{"href":"https:\/\/topprixsarl.ch\/en\/wp-json\/wp\/v2\/product"}],"about":[{"href":"https:\/\/topprixsarl.ch\/en\/wp-json\/wp\/v2\/types\/product"}],"replies":[{"embeddable":true,"href":"https:\/\/topprixsarl.ch\/en\/wp-json\/wp\/v2\/comments?post=30589"}],"version-history":[{"count":2,"href":"https:\/\/topprixsarl.ch\/en\/wp-json\/wp\/v2\/product\/30589\/revisions"}],"predecessor-version":[{"id":32622,"href":"https:\/\/topprixsarl.ch\/en\/wp-json\/wp\/v2\/product\/30589\/revisions\/32622"}],"wp:featuredmedia":[{"embeddable":true,"href":"https:\/\/topprixsarl.ch\/en\/wp-json\/wp\/v2\/media\/30588"}],"wp:attachment":[{"href":"https:\/\/topprixsarl.ch\/en\/wp-json\/wp\/v2\/media?parent=30589"}],"wp:term":[{"taxonomy":"product_brand","embeddable":true,"href":"https:\/\/topprixsarl.ch\/en\/wp-json\/wp\/v2\/product_brand?post=30589"},{"taxonomy":"product_cat","embeddable":true,"href":"https:\/\/topprixsarl.ch\/en\/wp-json\/wp\/v2\/product_cat?post=30589"},{"taxonomy":"product_tag","embeddable":true,"href":"https:\/\/topprixsarl.ch\/en\/wp-json\/wp\/v2\/product_tag?post=30589"}],"curies":[{"name":"wp","href":"https:\/\/api.w.org\/{rel}","templated":true}]}}