{"id":30577,"date":"2026-01-09T13:47:46","date_gmt":"2026-01-09T13:47:46","guid":{"rendered":"https:\/\/topprixsarl.ch\/product\/cartouche-de-toner-hp-307a-ce740a-noire\/"},"modified":"2026-01-14T14:20:19","modified_gmt":"2026-01-14T14:20:19","slug":"cartouche-de-toner-hp-307a-ce740a-noire","status":"publish","type":"product","link":"https:\/\/topprixsarl.ch\/en\/product\/cartouche-de-toner-hp-307a-ce740a-noire\/","title":{"rendered":"Cartouche de toner HP 307A- CE740A- noire"},"content":{"rendered":"<p>HP : la qualit\u00e9 dont vous avez besoin !<\/p>\n<p>En vous offrant une technologie d&rsquo;impression de pointe, vous faites le choix de la qualit\u00e9. Les cartouches de toner HP sont les consommables id\u00e9aux pour votre imprimante. <\/p>\n<p>+ Technologie d&rsquo;impression de pointe<br \/> + Documents pr\u00e9cis aux bords nets<br \/> + Encre noire de qualit\u00e9 sup\u00e9rieure <\/p>\n<p>Gr\u00e2ce \u00e0 l&rsquo;encre noire de qualit\u00e9 sup\u00e9rieure et \u00e0 la technologie avanc\u00e9e d&rsquo;HP, vos tirages artistiques et vos photographies en noir et blanc seront parfaits. <\/p>\n<p>+ Tirages artistiques impeccables<br \/> + Photographies en noir et blanc de haute qualit\u00e9 <\/p>\n<p>En choisissant ce produit de marque authentique et neuf, vous optez pour la qualit\u00e9 et la fiabilit\u00e9. <\/p>\n<p>+ Marque authentique<br \/> + Produit neuf <\/p>\n<p>**Code fabricant :** CE740A<br \/> **Nombre d&rsquo;unit\u00e9s emball\u00e9es :** 1<br \/> **Couleur :** noir <\/p>\n<p>Profitez de notre service de r\u00e9approvisionnement automatique de vos consommables : budget ma\u00eetris\u00e9, tranquillit\u00e9 assur\u00e9e ! <\/p>\n<p>En fin de vie, vos cartouches ont encore une utilit\u00e9 : d\u00e9posez-les dans le container (r\u00e9f\u00e9rence : 2.157.879). <\/p>\n<p>Commandez d\u00e8s \u00e0 pr\u00e9sent ! <\/p>\n<p>> Garantie 2 ans<\/p>","protected":false},"excerpt":{"rendered":"<p>HP : la qualit\u00e9 dont vous avez besoin ! En vous offrant une technologie d&rsquo;impression de pointe, vous faites le choix de la qualit\u00e9. Les cartouches de toner HP sont les consommables id\u00e9aux pour votre imprimante. Ils vous permettent d&rsquo;obtenir des docum<\/p>","protected":false},"featured_media":30576,"comment_status":"open","ping_status":"closed","template":"","meta":[],"product_brand":[],"product_cat":[137],"product_tag":[],"class_list":{"0":"post-30577","1":"product","2":"type-product","3":"status-publish","4":"has-post-thumbnail","6":"product_cat-article-offic","8":"first","9":"instock","10":"shipping-taxable","11":"purchasable","12":"product-type-simple"},"_links":{"self":[{"href":"https:\/\/topprixsarl.ch\/en\/wp-json\/wp\/v2\/product\/30577","targetHints":{"allow":["GET"]}}],"collection":[{"href":"https:\/\/topprixsarl.ch\/en\/wp-json\/wp\/v2\/product"}],"about":[{"href":"https:\/\/topprixsarl.ch\/en\/wp-json\/wp\/v2\/types\/product"}],"replies":[{"embeddable":true,"href":"https:\/\/topprixsarl.ch\/en\/wp-json\/wp\/v2\/comments?post=30577"}],"version-history":[{"count":3,"href":"https:\/\/topprixsarl.ch\/en\/wp-json\/wp\/v2\/product\/30577\/revisions"}],"predecessor-version":[{"id":33317,"href":"https:\/\/topprixsarl.ch\/en\/wp-json\/wp\/v2\/product\/30577\/revisions\/33317"}],"wp:featuredmedia":[{"embeddable":true,"href":"https:\/\/topprixsarl.ch\/en\/wp-json\/wp\/v2\/media\/30576"}],"wp:attachment":[{"href":"https:\/\/topprixsarl.ch\/en\/wp-json\/wp\/v2\/media?parent=30577"}],"wp:term":[{"taxonomy":"product_brand","embeddable":true,"href":"https:\/\/topprixsarl.ch\/en\/wp-json\/wp\/v2\/product_brand?post=30577"},{"taxonomy":"product_cat","embeddable":true,"href":"https:\/\/topprixsarl.ch\/en\/wp-json\/wp\/v2\/product_cat?post=30577"},{"taxonomy":"product_tag","embeddable":true,"href":"https:\/\/topprixsarl.ch\/en\/wp-json\/wp\/v2\/product_tag?post=30577"}],"curies":[{"name":"wp","href":"https:\/\/api.w.org\/{rel}","templated":true}]}}