{"id":30573,"date":"2026-01-09T13:47:14","date_gmt":"2026-01-09T13:47:14","guid":{"rendered":"https:\/\/topprixsarl.ch\/product\/agrafeuse-bostitch-flat-clinch-b8-pour-30-feuilles-noire\/"},"modified":"2026-01-14T14:27:00","modified_gmt":"2026-01-14T14:27:00","slug":"bostitch-flat-clinch-b8-stapler-for-30-sheets-black","status":"publish","type":"product","link":"https:\/\/topprixsarl.ch\/en\/product-2\/bostitch-flat-clinch-b8-stapler-for-30-sheets-black\/","title":{"rendered":"Bostitch Flat Clinch B8 stapler, for 30 sheets, black"},"content":{"rendered":"<p>Practical use and excellent performance<\/p>\n<p>A stapler is a handy tool for organizing documents, which is why the Bostitch stapler is a real must-have for the office. <\/p>\n<p>This product, with its integrated staple remover, guarantees excellent results for both stapling and staple removal. <\/p>\n<p>It will give you clean, high-quality documents. What's more, its 2-in-1 function will save you time. <\/p>\n<p>+ Keep your papers tidy with Bostitch!<\/p>\n<p>+ 1-year warranty<\/p>","protected":false},"excerpt":{"rendered":"<p>Usage pratique et excellentes performances Une agrafeuse est un outil pratique pour organiser les documents, pour cette raison l&rsquo;agrafeuse Bostitch est un v\u00e9ritable must au bureau. Ce produit, avec arrache-agrafes int\u00e9gr\u00e9, vous garantira d&rsquo;excellents<\/p>","protected":false},"featured_media":30572,"comment_status":"open","ping_status":"closed","template":"","meta":[],"product_brand":[],"product_cat":[137],"product_tag":[],"class_list":{"0":"post-30573","1":"product","2":"type-product","3":"status-publish","4":"has-post-thumbnail","6":"product_cat-papier","8":"first","9":"instock","10":"shipping-taxable","11":"purchasable","12":"product-type-simple"},"_links":{"self":[{"href":"https:\/\/topprixsarl.ch\/en\/wp-json\/wp\/v2\/product\/30573","targetHints":{"allow":["GET"]}}],"collection":[{"href":"https:\/\/topprixsarl.ch\/en\/wp-json\/wp\/v2\/product"}],"about":[{"href":"https:\/\/topprixsarl.ch\/en\/wp-json\/wp\/v2\/types\/product"}],"replies":[{"embeddable":true,"href":"https:\/\/topprixsarl.ch\/en\/wp-json\/wp\/v2\/comments?post=30573"}],"version-history":[{"count":2,"href":"https:\/\/topprixsarl.ch\/en\/wp-json\/wp\/v2\/product\/30573\/revisions"}],"predecessor-version":[{"id":32614,"href":"https:\/\/topprixsarl.ch\/en\/wp-json\/wp\/v2\/product\/30573\/revisions\/32614"}],"wp:featuredmedia":[{"embeddable":true,"href":"https:\/\/topprixsarl.ch\/en\/wp-json\/wp\/v2\/media\/30572"}],"wp:attachment":[{"href":"https:\/\/topprixsarl.ch\/en\/wp-json\/wp\/v2\/media?parent=30573"}],"wp:term":[{"taxonomy":"product_brand","embeddable":true,"href":"https:\/\/topprixsarl.ch\/en\/wp-json\/wp\/v2\/product_brand?post=30573"},{"taxonomy":"product_cat","embeddable":true,"href":"https:\/\/topprixsarl.ch\/en\/wp-json\/wp\/v2\/product_cat?post=30573"},{"taxonomy":"product_tag","embeddable":true,"href":"https:\/\/topprixsarl.ch\/en\/wp-json\/wp\/v2\/product_tag?post=30573"}],"curies":[{"name":"wp","href":"https:\/\/api.w.org\/{rel}","templated":true}]}}