{"id":30565,"date":"2026-01-09T13:46:09","date_gmt":"2026-01-09T13:46:09","guid":{"rendered":"https:\/\/topprixsarl.ch\/product\/ruban-adhesif-transparent-scotch-crystal-19-mm-x-33-m-10-rouleaux-devidoir\/"},"modified":"2026-01-14T14:20:19","modified_gmt":"2026-01-14T14:20:19","slug":"ruban-adhesif-transparent-scotch-crystal-19-mm-x-33-m-10-rouleaux-devidoir","status":"publish","type":"product","link":"https:\/\/topprixsarl.ch\/en\/product\/ruban-adhesif-transparent-scotch-crystal-19-mm-x-33-m-10-rouleaux-devidoir\/","title":{"rendered":"Ruban adh\u00e9sif transparent Scotch Crystal &#8211; 19 mm x 33 m &#8211; 10 rouleaux + d\u00e9vidoir"},"content":{"rendered":"<p>Mettez la colle ! Si vous avez d\u00e9j\u00e0 voulu d\u00e9corer ou emballer un pr\u00e9sent, vous savez combien une bonne fixation est importante. Pour de telles situations, utilisez le ruban adh\u00e9sif de la marque Scotch. <\/p>\n<p>+ Il adh\u00e8re particuli\u00e8rement bien et assure ainsi une protection fiable. <\/p>\n<p>De plus, il est con\u00e7u pour une utilisation universelle, ne jaunit pas et est presque invisible. <\/p>\n<p>+ Ce ruban est de 33 m de longueur et de 19 mm de largeur. <\/p>\n<p>Vous le remarquerez aussit\u00f4t quand il sera \u00e9puis\u00e9. Car une fois que le ruban adh\u00e9sif de la marque Scotch ne sera plus l\u00e0, vous sentirez \u00e0 quel point cet accessoire utile est devenu indispensable. <\/p>\n<p>+ Avant tout, il impressionne par sa force adh\u00e9sive durable sur laquelle vous pouvez compter pendant longtemps. <\/p>\n<p>Choisissez d\u00e8s maintenant une fixation styl\u00e9e !<\/p>","protected":false},"excerpt":{"rendered":"<p>Mettez la colle! Si vous avez d\u00e9j\u00e0 voulu d\u00e9corer ou emballer un pr\u00e9sent, vous savez combien une bonne fixation est importante. Pour de telles situations, utilisez le ruban adh\u00e9sif de la marque Scotch. Il adh\u00e8re particuli\u00e8rement bien et assure ainsi u<\/p>","protected":false},"featured_media":30564,"comment_status":"open","ping_status":"closed","template":"","meta":[],"product_brand":[],"product_cat":[137],"product_tag":[],"class_list":{"0":"post-30565","1":"product","2":"type-product","3":"status-publish","4":"has-post-thumbnail","6":"product_cat-article-offic","8":"first","9":"instock","10":"shipping-taxable","11":"purchasable","12":"product-type-simple"},"_links":{"self":[{"href":"https:\/\/topprixsarl.ch\/en\/wp-json\/wp\/v2\/product\/30565","targetHints":{"allow":["GET"]}}],"collection":[{"href":"https:\/\/topprixsarl.ch\/en\/wp-json\/wp\/v2\/product"}],"about":[{"href":"https:\/\/topprixsarl.ch\/en\/wp-json\/wp\/v2\/types\/product"}],"replies":[{"embeddable":true,"href":"https:\/\/topprixsarl.ch\/en\/wp-json\/wp\/v2\/comments?post=30565"}],"version-history":[{"count":2,"href":"https:\/\/topprixsarl.ch\/en\/wp-json\/wp\/v2\/product\/30565\/revisions"}],"predecessor-version":[{"id":32610,"href":"https:\/\/topprixsarl.ch\/en\/wp-json\/wp\/v2\/product\/30565\/revisions\/32610"}],"wp:featuredmedia":[{"embeddable":true,"href":"https:\/\/topprixsarl.ch\/en\/wp-json\/wp\/v2\/media\/30564"}],"wp:attachment":[{"href":"https:\/\/topprixsarl.ch\/en\/wp-json\/wp\/v2\/media?parent=30565"}],"wp:term":[{"taxonomy":"product_brand","embeddable":true,"href":"https:\/\/topprixsarl.ch\/en\/wp-json\/wp\/v2\/product_brand?post=30565"},{"taxonomy":"product_cat","embeddable":true,"href":"https:\/\/topprixsarl.ch\/en\/wp-json\/wp\/v2\/product_cat?post=30565"},{"taxonomy":"product_tag","embeddable":true,"href":"https:\/\/topprixsarl.ch\/en\/wp-json\/wp\/v2\/product_tag?post=30565"}],"curies":[{"name":"wp","href":"https:\/\/api.w.org\/{rel}","templated":true}]}}