{"id":30549,"date":"2026-01-09T13:43:52","date_gmt":"2026-01-09T13:43:52","guid":{"rendered":"https:\/\/topprixsarl.ch\/product\/distributeur-de-serviettes-pliees-tork-mini-elevation-h3-553100-plastiqueblanc\/"},"modified":"2026-01-14T14:20:20","modified_gmt":"2026-01-14T14:20:20","slug":"distributeur-de-serviettes-pliees-tork-mini-elevation-h3-553100-plastiqueblanc","status":"publish","type":"product","link":"https:\/\/topprixsarl.ch\/en\/product-2\/distributeur-de-serviettes-pliees-tork-mini-elevation-h3-553100-plastiqueblanc\/","title":{"rendered":"Distributeur de serviettes pli\u00e9es Tork Mini Elevation H3 553100, plastique,blanc"},"content":{"rendered":"<p>Un produit de qualit\u00e9 d&rsquo;une entreprise de longue date. <\/p>\n<p>L&rsquo;histoire de la soci\u00e9t\u00e9 allemande Tork remonte au 19\u00e8me si\u00e8cle. Depuis lors, l&rsquo;entreprise a acquis une vaste exp\u00e9rience dans la production de produits d&rsquo;hygi\u00e8ne. Le r\u00e9sultat: des produits de haute qualit\u00e9 qui r\u00e9pondent aux exigences modernes, comme ce distributeur de serviettes en papier Elevation H3.<\/p>\n<p>+ Dimensions compactes, id\u00e9ales pour les petites toilettes.<\/p>\n<p>+ Syst\u00e8me de fixation pratique, avec toutes les pi\u00e8ces incluses, permettant de fixer le distributeur \u00e0 un mur.<\/p>\n<p>+ Compartiment verrouillable emp\u00eachant le vol des serviettes.<\/p>\n<p>+ M\u00e9canisme de chargement lat\u00e9ral pour un remplissage rapide.<\/p>\n<p>+ M\u00e9canisme de distribution simple et unique des feuilles, r\u00e9duisant le gaspillage, ce qui est bon pour l&rsquo;environnement et votre portefeuille.<\/p>\n<p>+ Fen\u00eatre de visualisation pour savoir quand les serviettes sont sur le point de s&rsquo;\u00e9puiser : vous ne serez jamais \u00e0 court.<\/p>\n<p>+ Recharges rapides et pratiques ; possibilit\u00e9 de charger une grande vari\u00e9t\u00e9 de serviettes Tork dans le compartiment.<\/p>\n<p>Une telle vari\u00e9t\u00e9 vous permet de trouver l&rsquo;option parfaite pour vos conditions sp\u00e9cifiques. <\/p>\n<p>Choisissez une marque de confiance pour veiller \u00e0 votre hygi\u00e8ne!<\/p>","protected":false},"excerpt":{"rendered":"<p>Un produit de qualit\u00e9 d&rsquo;une entreprise de longue date L&rsquo;histoire de la soci\u00e9t\u00e9 allemande Tork remonte au 19\u00e8me si\u00e8cle. Depuis lors, l&rsquo;entreprise a acquis une vaste exp\u00e9rience dans la production de produits d&rsquo;hygi\u00e8ne. Le r\u00e9sultat: des produits de haut<\/p>","protected":false},"featured_media":30548,"comment_status":"open","ping_status":"closed","template":"","meta":[],"product_brand":[],"product_cat":[137],"product_tag":[],"class_list":{"0":"post-30549","1":"product","2":"type-product","3":"status-publish","4":"has-post-thumbnail","6":"product_cat-papier","8":"first","9":"instock","10":"shipping-taxable","11":"purchasable","12":"product-type-simple"},"_links":{"self":[{"href":"https:\/\/topprixsarl.ch\/en\/wp-json\/wp\/v2\/product\/30549","targetHints":{"allow":["GET"]}}],"collection":[{"href":"https:\/\/topprixsarl.ch\/en\/wp-json\/wp\/v2\/product"}],"about":[{"href":"https:\/\/topprixsarl.ch\/en\/wp-json\/wp\/v2\/types\/product"}],"replies":[{"embeddable":true,"href":"https:\/\/topprixsarl.ch\/en\/wp-json\/wp\/v2\/comments?post=30549"}],"version-history":[{"count":2,"href":"https:\/\/topprixsarl.ch\/en\/wp-json\/wp\/v2\/product\/30549\/revisions"}],"predecessor-version":[{"id":32601,"href":"https:\/\/topprixsarl.ch\/en\/wp-json\/wp\/v2\/product\/30549\/revisions\/32601"}],"wp:featuredmedia":[{"embeddable":true,"href":"https:\/\/topprixsarl.ch\/en\/wp-json\/wp\/v2\/media\/30548"}],"wp:attachment":[{"href":"https:\/\/topprixsarl.ch\/en\/wp-json\/wp\/v2\/media?parent=30549"}],"wp:term":[{"taxonomy":"product_brand","embeddable":true,"href":"https:\/\/topprixsarl.ch\/en\/wp-json\/wp\/v2\/product_brand?post=30549"},{"taxonomy":"product_cat","embeddable":true,"href":"https:\/\/topprixsarl.ch\/en\/wp-json\/wp\/v2\/product_cat?post=30549"},{"taxonomy":"product_tag","embeddable":true,"href":"https:\/\/topprixsarl.ch\/en\/wp-json\/wp\/v2\/product_tag?post=30549"}],"curies":[{"name":"wp","href":"https:\/\/api.w.org\/{rel}","templated":true}]}}