{"id":30545,"date":"2026-01-09T13:43:11","date_gmt":"2026-01-09T13:43:11","guid":{"rendered":"https:\/\/topprixsarl.ch\/product\/tampon-confidentiel-colop-green-line-14-x-38-mm-rouge\/"},"modified":"2026-01-14T14:20:20","modified_gmt":"2026-01-14T14:20:20","slug":"tampon-confidentiel-colop-green-line-14-x-38-mm-rouge","status":"publish","type":"product","link":"https:\/\/topprixsarl.ch\/en\/product\/tampon-confidentiel-colop-green-line-14-x-38-mm-rouge\/","title":{"rendered":"Tampon \u00ab CONFIDENTIEL \u00bb, Colop Green Line, 14 x 38 mm, rouge"},"content":{"rendered":"<p>Le tampon Colop \u00ab\u00a0CONFIDENTIEL\u00a0\u00bb 135706 permet un marquage clair et fiable des documents sensibles. <\/p>\n<p>+ Empreinte rouge vif signalant imm\u00e9diatement les documents \u00e0 traiter avec confidentialit\u00e9, facilitant ainsi le flux de travail et la gestion documentaire.<\/p>\n<p>La version Green Line allie fonctionnalit\u00e9 professionnelle et responsabilit\u00e9 \u00e9cologique. <\/p>\n<p>+ Fabriqu\u00e9 principalement avec des mat\u00e9riaux recycl\u00e9s, contenant jusqu\u2019\u00e0 80% de plastique recycl\u00e9. <\/p>\n<p>+ Emball\u00e9 dans du carton 80\u2013100% recycl\u00e9. <\/p>\n<p>+ Les \u00e9missions de CO2 in\u00e9vitables sont compens\u00e9es par des projets climatiques.<\/p>\n<p>Procurez-vous d\u00e8s maintenant ce tampon pour un marquage s\u00e9curis\u00e9 et \u00e9cologique !<\/p>","protected":false},"excerpt":{"rendered":"<p>Le tampon Colop \u00ab\u00a0CONFIDENTIEL\u00a0\u00bb 135706 permet un marquage clair et fiable des documents sensibles. Son empreinte rouge vif signale imm\u00e9diatement les documents \u00e0 traiter avec confidentialit\u00e9, facilitant ainsi le flux de travail et la gestion documentai<\/p>","protected":false},"featured_media":30544,"comment_status":"open","ping_status":"closed","template":"","meta":[],"product_brand":[],"product_cat":[137],"product_tag":[],"class_list":{"0":"post-30545","1":"product","2":"type-product","3":"status-publish","4":"has-post-thumbnail","6":"product_cat-article-offic","8":"first","9":"instock","10":"shipping-taxable","11":"purchasable","12":"product-type-simple"},"_links":{"self":[{"href":"https:\/\/topprixsarl.ch\/en\/wp-json\/wp\/v2\/product\/30545","targetHints":{"allow":["GET"]}}],"collection":[{"href":"https:\/\/topprixsarl.ch\/en\/wp-json\/wp\/v2\/product"}],"about":[{"href":"https:\/\/topprixsarl.ch\/en\/wp-json\/wp\/v2\/types\/product"}],"replies":[{"embeddable":true,"href":"https:\/\/topprixsarl.ch\/en\/wp-json\/wp\/v2\/comments?post=30545"}],"version-history":[{"count":2,"href":"https:\/\/topprixsarl.ch\/en\/wp-json\/wp\/v2\/product\/30545\/revisions"}],"predecessor-version":[{"id":32598,"href":"https:\/\/topprixsarl.ch\/en\/wp-json\/wp\/v2\/product\/30545\/revisions\/32598"}],"wp:featuredmedia":[{"embeddable":true,"href":"https:\/\/topprixsarl.ch\/en\/wp-json\/wp\/v2\/media\/30544"}],"wp:attachment":[{"href":"https:\/\/topprixsarl.ch\/en\/wp-json\/wp\/v2\/media?parent=30545"}],"wp:term":[{"taxonomy":"product_brand","embeddable":true,"href":"https:\/\/topprixsarl.ch\/en\/wp-json\/wp\/v2\/product_brand?post=30545"},{"taxonomy":"product_cat","embeddable":true,"href":"https:\/\/topprixsarl.ch\/en\/wp-json\/wp\/v2\/product_cat?post=30545"},{"taxonomy":"product_tag","embeddable":true,"href":"https:\/\/topprixsarl.ch\/en\/wp-json\/wp\/v2\/product_tag?post=30545"}],"curies":[{"name":"wp","href":"https:\/\/api.w.org\/{rel}","templated":true}]}}