{"id":30537,"date":"2026-01-09T13:42:06","date_gmt":"2026-01-09T13:42:06","guid":{"rendered":"https:\/\/topprixsarl.ch\/product\/bloc-notes-elco-a4-65-g-m2-4-mm-a-carreaux-100-recycle-100-feuilles\/"},"modified":"2026-01-14T14:20:20","modified_gmt":"2026-01-14T14:20:20","slug":"bloc-notes-elco-a4-65-g-m2-4-mm-a-carreaux-100-recycle-100-feuilles","status":"publish","type":"product","link":"https:\/\/topprixsarl.ch\/en\/product-2\/bloc-notes-elco-a4-65-g-m2-4-mm-a-carreaux-100-recycle-100-feuilles\/","title":{"rendered":"Elco A4 notepad, 65 g\/m2, 4 mm check, 100 % recycled, 100 sheets"},"content":{"rendered":"<p>Facilite l&rsquo;organisation d\u00e9j\u00e0 dans la t\u00eate<\/p>\n<p>Vous voulez am\u00e9liorer votre concentration et vos performances ? Dans ce cas, prenez des notes avec le carnet de notes de la marque Elco et apprenez \u00e0 mieux g\u00e9rer votre temps. Car en prenant des notes, vous pouvez vous concentrer sur les choses importantes. Cela vous permet de gagner beaucoup de temps pr\u00e9cieux et de travailler sur les d\u00e9fis \u00e0 venir de mani\u00e8re beaucoup plus cibl\u00e9e.<\/p>\n<p>+ 100 pages pour un maximum d&rsquo;espace de prise de notes<\/p>\n<p>Si vous cherchez un article avec un nombre de pages \u00e9lev\u00e9, vous le trouverez ici. Dot\u00e9 de 100 pages, celui-ci vous laisse beaucoup de place pour prendre des notes. De plus, le carnet de notes est agraf\u00e9, ce qui lui conf\u00e8re une apparence \u00e9l\u00e9gante et professionnelle.<\/p>\n<p>+ Micro-perforations pour un retrait facile des feuilles<\/p>\n<p>Autre atout de ce produit : les micro-perforations permettent de retirer facilement les feuilles individuelles. Toutes les informations primordiales r\u00e9unies en un seul endroit !<\/p>\n<p>Gr\u00e2ce au carnet de notes de la marque Elco, vous pouvez d\u00e9sormais mener votre vie professionnelle de mani\u00e8re plus structur\u00e9e et plus professionnelle. Et qu&rsquo;importe si vous ne vous souvenez pas d&rsquo;une information primordiale qui vous a \u00e9t\u00e9 donn\u00e9e, vous saurez la retrouver facilement gr\u00e2ce \u00e0 cet accessoire.<\/p>\n<p>+ Notez tout ce qui est essentiel !<\/p>","protected":false},"excerpt":{"rendered":"<p>Facilite l&rsquo;organisation d\u00e9j\u00e0 dans la t\u00eate Vous voulez am\u00e9liorer votre concentration et vos performances? Dans ce cas, prenez des notes avec le carnet de notes de la marque Elco et apprenez \u00e0 mieux g\u00e9rer votre temps. Car en prenant des notes, vous pou<\/p>","protected":false},"featured_media":30536,"comment_status":"open","ping_status":"closed","template":"","meta":[],"product_brand":[],"product_cat":[137],"product_tag":[],"class_list":{"0":"post-30537","1":"product","2":"type-product","3":"status-publish","4":"has-post-thumbnail","6":"product_cat-papier","8":"first","9":"instock","10":"shipping-taxable","11":"purchasable","12":"product-type-simple"},"_links":{"self":[{"href":"https:\/\/topprixsarl.ch\/en\/wp-json\/wp\/v2\/product\/30537","targetHints":{"allow":["GET"]}}],"collection":[{"href":"https:\/\/topprixsarl.ch\/en\/wp-json\/wp\/v2\/product"}],"about":[{"href":"https:\/\/topprixsarl.ch\/en\/wp-json\/wp\/v2\/types\/product"}],"replies":[{"embeddable":true,"href":"https:\/\/topprixsarl.ch\/en\/wp-json\/wp\/v2\/comments?post=30537"}],"version-history":[{"count":2,"href":"https:\/\/topprixsarl.ch\/en\/wp-json\/wp\/v2\/product\/30537\/revisions"}],"predecessor-version":[{"id":32594,"href":"https:\/\/topprixsarl.ch\/en\/wp-json\/wp\/v2\/product\/30537\/revisions\/32594"}],"wp:featuredmedia":[{"embeddable":true,"href":"https:\/\/topprixsarl.ch\/en\/wp-json\/wp\/v2\/media\/30536"}],"wp:attachment":[{"href":"https:\/\/topprixsarl.ch\/en\/wp-json\/wp\/v2\/media?parent=30537"}],"wp:term":[{"taxonomy":"product_brand","embeddable":true,"href":"https:\/\/topprixsarl.ch\/en\/wp-json\/wp\/v2\/product_brand?post=30537"},{"taxonomy":"product_cat","embeddable":true,"href":"https:\/\/topprixsarl.ch\/en\/wp-json\/wp\/v2\/product_cat?post=30537"},{"taxonomy":"product_tag","embeddable":true,"href":"https:\/\/topprixsarl.ch\/en\/wp-json\/wp\/v2\/product_tag?post=30537"}],"curies":[{"name":"wp","href":"https:\/\/api.w.org\/{rel}","templated":true}]}}