{"id":30521,"date":"2026-01-09T13:40:09","date_gmt":"2026-01-09T13:40:09","guid":{"rendered":"https:\/\/topprixsarl.ch\/product\/etiquettes-a4-herma-10021-210-x-297-mm-detachable-blanc-paq-25-unites\/"},"modified":"2026-01-14T14:20:21","modified_gmt":"2026-01-14T14:20:21","slug":"etiquettes-a4-herma-10021-210-x-297-mm-detachable-blanc-paq-25-unites","status":"publish","type":"product","link":"https:\/\/topprixsarl.ch\/en\/product-2\/etiquettes-a4-herma-10021-210-x-297-mm-detachable-blanc-paq-25-unites\/","title":{"rendered":"\u00c9tiquettes A4 Herma 10021, 210 x 297 mm, d\u00e9tachable, blanc, paq. 25\u00a0unit\u00e9s"},"content":{"rendered":"<p>Une solution flexible pour l&rsquo;\u00e9tiquetage provisoire ou changeant sur des surfaces \u00e0 ne pas endommager. <\/p>\n<p>Etiquettes autocollantes sur feuilles 210&#215;297 mm. <\/p>\n<p>+ Gr\u00e2ce \u00e0 l&rsquo;enduit \u00abFree-to-Move\u00ae\u00bb, elles collent parfaitement et s&rsquo;enl\u00e8vent sans laisser de traces et sans endommager le support. <\/p>\n<p>+ Se repositionnent sans probl\u00e8me et recollent plusieurs fois. <\/p>\n<p>+ Qualit\u00e9 d&rsquo;impression irr\u00e9prochable avec les copieurs et les imprimantes laser et jet d&rsquo;encre. <\/p>\n<p>Emballage de 25 feuilles. <\/p>\n<p>Price per package. <\/p>\n<p>*Notes de bas de page.<\/p>","protected":false},"excerpt":{"rendered":"<p>Une solution flexible pour l&rsquo;\u00e9tiquetage provisoire ou changeant sur des surfaces \u00e0 ne pas endommager. Etiquettes autocollantes sur feuilles 210&#215;297 mm. Gr\u00e2ce \u00e0 l&rsquo;enduit \u00abFree-to-Move\u00ae\u00bb, elles collent parfaitement et s&rsquo;enl\u00e8vent sans laisser de traces <\/p>","protected":false},"featured_media":30520,"comment_status":"open","ping_status":"closed","template":"","meta":[],"product_brand":[],"product_cat":[137],"product_tag":[],"class_list":{"0":"post-30521","1":"product","2":"type-product","3":"status-publish","4":"has-post-thumbnail","6":"product_cat-papier","8":"first","9":"instock","10":"shipping-taxable","11":"purchasable","12":"product-type-simple"},"_links":{"self":[{"href":"https:\/\/topprixsarl.ch\/en\/wp-json\/wp\/v2\/product\/30521","targetHints":{"allow":["GET"]}}],"collection":[{"href":"https:\/\/topprixsarl.ch\/en\/wp-json\/wp\/v2\/product"}],"about":[{"href":"https:\/\/topprixsarl.ch\/en\/wp-json\/wp\/v2\/types\/product"}],"replies":[{"embeddable":true,"href":"https:\/\/topprixsarl.ch\/en\/wp-json\/wp\/v2\/comments?post=30521"}],"version-history":[{"count":2,"href":"https:\/\/topprixsarl.ch\/en\/wp-json\/wp\/v2\/product\/30521\/revisions"}],"predecessor-version":[{"id":32586,"href":"https:\/\/topprixsarl.ch\/en\/wp-json\/wp\/v2\/product\/30521\/revisions\/32586"}],"wp:featuredmedia":[{"embeddable":true,"href":"https:\/\/topprixsarl.ch\/en\/wp-json\/wp\/v2\/media\/30520"}],"wp:attachment":[{"href":"https:\/\/topprixsarl.ch\/en\/wp-json\/wp\/v2\/media?parent=30521"}],"wp:term":[{"taxonomy":"product_brand","embeddable":true,"href":"https:\/\/topprixsarl.ch\/en\/wp-json\/wp\/v2\/product_brand?post=30521"},{"taxonomy":"product_cat","embeddable":true,"href":"https:\/\/topprixsarl.ch\/en\/wp-json\/wp\/v2\/product_cat?post=30521"},{"taxonomy":"product_tag","embeddable":true,"href":"https:\/\/topprixsarl.ch\/en\/wp-json\/wp\/v2\/product_tag?post=30521"}],"curies":[{"name":"wp","href":"https:\/\/api.w.org\/{rel}","templated":true}]}}