{"id":30519,"date":"2026-01-09T13:39:52","date_gmt":"2026-01-09T13:39:52","guid":{"rendered":"https:\/\/topprixsarl.ch\/product\/caisse-de-transport-tidypac-680-x-350-x-355-mm\/"},"modified":"2026-01-14T14:20:21","modified_gmt":"2026-01-14T14:20:21","slug":"caisse-de-transport-tidypac-680-x-350-x-355-mm","status":"publish","type":"product","link":"https:\/\/topprixsarl.ch\/en\/product-2\/caisse-de-transport-tidypac-680-x-350-x-355-mm\/","title":{"rendered":"Caisse de transport Tidypac &#8211; 680 x 350 x 355 mm"},"content":{"rendered":"<p>Une bo\u00eete robuste pour un transport s\u00fbr<\/p>\n<p>Vous devez transporter des objets de grande valeur en ayant l&rsquo;assurance qu&rsquo;ils ne seront pas endommag\u00e9s ? Les bo\u00eetes Colompack Tidypack sont exactement ce dont vous avez besoin. <\/p>\n<p>+ Fabriqu\u00e9es en carton ondul\u00e9 double, elles sont tr\u00e8s r\u00e9sistantes pour des articles tels que la vaisselle, les meubles, les jouets fragiles, les livres, etc.<\/p>\n<p>Chaque bo\u00eete est assez grande pour contenir plusieurs articles, \u00e0 hauteur de 30 kg au total. <\/p>\n<p>+ Gr\u00e2ce au fond tr\u00e8s solide qui se chevauche compl\u00e8tement, chaque bo\u00eete est s\u00fbre d&rsquo;arriver \u00e0 destination sans \u00eatre endommag\u00e9e &#8211; ne craignez pas que des objets lourds ne cassent le fond et ne tombent. <\/p>\n<p>+ De plus, des poign\u00e9es doublement renforc\u00e9es facilitent grandement le transport de la bo\u00eete. <\/p>\n<p>+ Un grand espace d&rsquo;\u00e9tiquetage situ\u00e9 de chaque c\u00f4t\u00e9 de l&#8217;emballage \u00e9vite d&rsquo;\u00e9garer les bo\u00eetes ; nous savons tous combien il est ennuyeux de d\u00e9couvrir la perte d&rsquo;un ou plusieurs de nos colis ! <\/p>\n<p>+ De plus, ces bo\u00eetes sont faites de mat\u00e9riaux recyclables. <\/p>\n<p>Livrez sans probl\u00e8me, des colis lourds !<\/p>","protected":false},"excerpt":{"rendered":"<p>Une bo\u00eete robuste pour un transport s\u00fbr Vous devez transporter des objets de grande valeur en ayant l&rsquo;assurance qu&rsquo;ils ne seront pas endommag\u00e9s? Les bo\u00eetes Colompack Tidypack sont exactement ce dont vous avez besoin. Fabriqu\u00e9es en carton ondul\u00e9 doubl<\/p>","protected":false},"featured_media":30518,"comment_status":"open","ping_status":"closed","template":"","meta":[],"product_brand":[],"product_cat":[143],"product_tag":[],"class_list":{"0":"post-30519","1":"product","2":"type-product","3":"status-publish","4":"has-post-thumbnail","6":"product_cat-nettoyage","8":"first","9":"instock","10":"shipping-taxable","11":"purchasable","12":"product-type-simple"},"_links":{"self":[{"href":"https:\/\/topprixsarl.ch\/en\/wp-json\/wp\/v2\/product\/30519","targetHints":{"allow":["GET"]}}],"collection":[{"href":"https:\/\/topprixsarl.ch\/en\/wp-json\/wp\/v2\/product"}],"about":[{"href":"https:\/\/topprixsarl.ch\/en\/wp-json\/wp\/v2\/types\/product"}],"replies":[{"embeddable":true,"href":"https:\/\/topprixsarl.ch\/en\/wp-json\/wp\/v2\/comments?post=30519"}],"version-history":[{"count":2,"href":"https:\/\/topprixsarl.ch\/en\/wp-json\/wp\/v2\/product\/30519\/revisions"}],"predecessor-version":[{"id":32585,"href":"https:\/\/topprixsarl.ch\/en\/wp-json\/wp\/v2\/product\/30519\/revisions\/32585"}],"wp:featuredmedia":[{"embeddable":true,"href":"https:\/\/topprixsarl.ch\/en\/wp-json\/wp\/v2\/media\/30518"}],"wp:attachment":[{"href":"https:\/\/topprixsarl.ch\/en\/wp-json\/wp\/v2\/media?parent=30519"}],"wp:term":[{"taxonomy":"product_brand","embeddable":true,"href":"https:\/\/topprixsarl.ch\/en\/wp-json\/wp\/v2\/product_brand?post=30519"},{"taxonomy":"product_cat","embeddable":true,"href":"https:\/\/topprixsarl.ch\/en\/wp-json\/wp\/v2\/product_cat?post=30519"},{"taxonomy":"product_tag","embeddable":true,"href":"https:\/\/topprixsarl.ch\/en\/wp-json\/wp\/v2\/product_tag?post=30519"}],"curies":[{"name":"wp","href":"https:\/\/api.w.org\/{rel}","templated":true}]}}