{"id":30517,"date":"2026-01-09T13:39:37","date_gmt":"2026-01-09T13:39:37","guid":{"rendered":"https:\/\/topprixsarl.ch\/product\/corbeille-a-papier-alba-mesh-18-l-metal\/"},"modified":"2026-01-14T14:20:21","modified_gmt":"2026-01-14T14:20:21","slug":"corbeille-a-papier-alba-mesh-18-l-metal","status":"publish","type":"product","link":"https:\/\/topprixsarl.ch\/en\/product-2\/corbeille-a-papier-alba-mesh-18-l-metal\/","title":{"rendered":"Alba Mesh wastepaper basket - 18 L - metal"},"content":{"rendered":"<p>Une poubelle qui \u00e9conomise de l&rsquo;espace de bureau<\/p>\n<p>Tous ceux qui travaillent dans un bureau connaissent la quantit\u00e9 de d\u00e9chets accumul\u00e9s pendant la journ\u00e9e. Les employ\u00e9s doivent mettre les documents inutiles, les fournitures de bureau usag\u00e9es, les marqueurs ou les emballages d&rsquo;aliments quelque part. Pour cela, vous avez besoin d&rsquo;une poubelle. Mais, s&rsquo;il est d&rsquo;une petite capacit\u00e9, les employ\u00e9s devront perdre du temps \u00e0 vider ou \u00e0 condenser les d\u00e9chets, ce qui r\u00e9duit leur productivit\u00e9.<\/p>\n<p>Le seau moderne et \u00e9l\u00e9gant Alba Mesh r\u00e9sout non seulement ce probl\u00e8me, mais plusieurs autres. <\/p>\n<p>+ Ses dimensions compactes et sa hauteur vous permettent de l&rsquo;installer en tout lieu : sous la table, pr\u00e8s de l&rsquo;entr\u00e9e ou pr\u00e8s de votre chaise. <\/p>\n<p>+ Ce produit a une forme elliptique sp\u00e9ciale qui permet \u00e0 l&#8217;employ\u00e9 de jeter plus facilement les d\u00e9chets \u00e0 distance et de retourner rapidement au travail. <\/p>\n<p>+ De plus, gr\u00e2ce \u00e0 sa capacit\u00e9 de 20 litres, il peut r\u00e9pondre aux exigences des bureaux les plus fr\u00e9quent\u00e9s. <\/p>\n<p>+ La poubelle Alba est faite d&rsquo;un treillis m\u00e9tallique, ce qui signifie qu&rsquo;elle est l\u00e9g\u00e8re et facile \u00e0 nettoyer. <\/p>\n<p>+ Le m\u00e9tal trait\u00e9 est r\u00e9sistant \u00e0 la corrosion et sa structure solide r\u00e9siste \u00e9galement tr\u00e8s bien aux dommages. <\/p>\n<p>Ce produit servira pendant de nombreuses ann\u00e9es. <\/p>\n<p>Optez pour une poubelle \u00e9l\u00e9gante et pratique pour votre bureau!<\/p>","protected":false},"excerpt":{"rendered":"<p>Une poubelle qui \u00e9conomise de l&rsquo;espace de bureauTous ceux qui travaillent dans un bureau connaissent la quantit\u00e9 de d\u00e9chets accumul\u00e9s pendant la journ\u00e9e. Les employ\u00e9s doivent mettre les documents inutiles, les fournitures de bureau usag\u00e9es, les marqu<\/p>","protected":false},"featured_media":30516,"comment_status":"open","ping_status":"closed","template":"","meta":[],"product_brand":[],"product_cat":[138],"product_tag":[],"class_list":{"0":"post-30517","1":"product","2":"type-product","3":"status-publish","4":"has-post-thumbnail","6":"product_cat-sac-a-dechet","8":"first","9":"instock","10":"shipping-taxable","11":"purchasable","12":"product-type-simple"},"_links":{"self":[{"href":"https:\/\/topprixsarl.ch\/en\/wp-json\/wp\/v2\/product\/30517","targetHints":{"allow":["GET"]}}],"collection":[{"href":"https:\/\/topprixsarl.ch\/en\/wp-json\/wp\/v2\/product"}],"about":[{"href":"https:\/\/topprixsarl.ch\/en\/wp-json\/wp\/v2\/types\/product"}],"replies":[{"embeddable":true,"href":"https:\/\/topprixsarl.ch\/en\/wp-json\/wp\/v2\/comments?post=30517"}],"version-history":[{"count":2,"href":"https:\/\/topprixsarl.ch\/en\/wp-json\/wp\/v2\/product\/30517\/revisions"}],"predecessor-version":[{"id":32584,"href":"https:\/\/topprixsarl.ch\/en\/wp-json\/wp\/v2\/product\/30517\/revisions\/32584"}],"wp:featuredmedia":[{"embeddable":true,"href":"https:\/\/topprixsarl.ch\/en\/wp-json\/wp\/v2\/media\/30516"}],"wp:attachment":[{"href":"https:\/\/topprixsarl.ch\/en\/wp-json\/wp\/v2\/media?parent=30517"}],"wp:term":[{"taxonomy":"product_brand","embeddable":true,"href":"https:\/\/topprixsarl.ch\/en\/wp-json\/wp\/v2\/product_brand?post=30517"},{"taxonomy":"product_cat","embeddable":true,"href":"https:\/\/topprixsarl.ch\/en\/wp-json\/wp\/v2\/product_cat?post=30517"},{"taxonomy":"product_tag","embeddable":true,"href":"https:\/\/topprixsarl.ch\/en\/wp-json\/wp\/v2\/product_tag?post=30517"}],"curies":[{"name":"wp","href":"https:\/\/api.w.org\/{rel}","templated":true}]}}