{"id":30515,"date":"2026-01-09T13:39:21","date_gmt":"2026-01-09T13:39:21","guid":{"rendered":"https:\/\/topprixsarl.ch\/product\/organisateur-de-bureau-cep-ellypse-4-compartiments-transparent\/"},"modified":"2026-01-14T14:20:21","modified_gmt":"2026-01-14T14:20:21","slug":"organisateur-de-bureau-cep-ellypse-4-compartiments-transparent","status":"publish","type":"product","link":"https:\/\/topprixsarl.ch\/en\/product-2\/organisateur-de-bureau-cep-ellypse-4-compartiments-transparent\/","title":{"rendered":"Organisateur de bureau Cep Ellypse &#8211; 4 compartiments &#8211; transparent"},"content":{"rendered":"<p>Trop de stylos sur le bureau ? En avez-vous assez d&rsquo;avoir un tel d\u00e9sordre sur votre bureau ? Des stylos, des crayons, des gommes partout. Vous savez, il existe un moyen simple de les ranger. <\/p>\n<p>Un pot \u00e0 crayons pratique fabriqu\u00e9 par CEP vous aidera. Quatre bacs vous permettent de placer tous les accessoires n\u00e9cessaires, chacun dans son compartiment. Il am\u00e9liore l&rsquo;organisation de votre journ\u00e9e et r\u00e9duit le temps pass\u00e9 \u00e0 chercher des objets. <\/p>\n<p>+ Capacit\u00e9 : Vous pouvez mettre jusqu&rsquo;\u00e0 45 crayons dans le pot et il restera toujours un petit compartiment pour les cl\u00e9s, les gommes, les trombones ou les cartes m\u00e9moire. <\/p>\n<p>+ Mat\u00e9riau : Ce produit est fait de plastique transparent tr\u00e8s r\u00e9sistant, qui est \u00e9galement recyclable \u00e0 100%. <\/p>\n<p>+ Design : Gr\u00e2ce \u00e0 son design \u00e9l\u00e9gant et \u00e0 ses formes originales, il est tr\u00e8s \u00e9l\u00e9gant sur le bureau et durable, ce qui lui permet de ne pas s&rsquo;user ou subir d&rsquo;\u00e9raflures. <\/p>\n<p>Gardez toutes les fournitures n\u00e9cessaires \u00e0 proximit\u00e9 avec ce pot \u00e0 crayons pratique ! <\/p>\n<p>&gt; 5-year warranty<\/p>","protected":false},"excerpt":{"rendered":"<p>Trop de stylos sur le bureau?En avez-vous assez d&rsquo;avoir un tel d\u00e9sordre sur votre bureau? Des stylos, des crayons, des gommes partout. Vous savez, il existe un moyen simple de les ranger. Un pot \u00e0 crayons pratique fabriqu\u00e9 par CEP vous aidera. Quatre<\/p>","protected":false},"featured_media":30514,"comment_status":"open","ping_status":"closed","template":"","meta":[],"product_brand":[],"product_cat":[137],"product_tag":[],"class_list":{"0":"post-30515","1":"product","2":"type-product","3":"status-publish","4":"has-post-thumbnail","6":"product_cat-papier","8":"first","9":"instock","10":"shipping-taxable","11":"purchasable","12":"product-type-simple"},"_links":{"self":[{"href":"https:\/\/topprixsarl.ch\/en\/wp-json\/wp\/v2\/product\/30515","targetHints":{"allow":["GET"]}}],"collection":[{"href":"https:\/\/topprixsarl.ch\/en\/wp-json\/wp\/v2\/product"}],"about":[{"href":"https:\/\/topprixsarl.ch\/en\/wp-json\/wp\/v2\/types\/product"}],"replies":[{"embeddable":true,"href":"https:\/\/topprixsarl.ch\/en\/wp-json\/wp\/v2\/comments?post=30515"}],"version-history":[{"count":2,"href":"https:\/\/topprixsarl.ch\/en\/wp-json\/wp\/v2\/product\/30515\/revisions"}],"predecessor-version":[{"id":32583,"href":"https:\/\/topprixsarl.ch\/en\/wp-json\/wp\/v2\/product\/30515\/revisions\/32583"}],"wp:featuredmedia":[{"embeddable":true,"href":"https:\/\/topprixsarl.ch\/en\/wp-json\/wp\/v2\/media\/30514"}],"wp:attachment":[{"href":"https:\/\/topprixsarl.ch\/en\/wp-json\/wp\/v2\/media?parent=30515"}],"wp:term":[{"taxonomy":"product_brand","embeddable":true,"href":"https:\/\/topprixsarl.ch\/en\/wp-json\/wp\/v2\/product_brand?post=30515"},{"taxonomy":"product_cat","embeddable":true,"href":"https:\/\/topprixsarl.ch\/en\/wp-json\/wp\/v2\/product_cat?post=30515"},{"taxonomy":"product_tag","embeddable":true,"href":"https:\/\/topprixsarl.ch\/en\/wp-json\/wp\/v2\/product_tag?post=30515"}],"curies":[{"name":"wp","href":"https:\/\/api.w.org\/{rel}","templated":true}]}}