{"id":30513,"date":"2026-01-09T13:39:07","date_gmt":"2026-01-09T13:39:07","guid":{"rendered":"https:\/\/topprixsarl.ch\/product\/corbeille-a-courrier-cep-ellypse-transparente\/"},"modified":"2026-01-14T14:20:22","modified_gmt":"2026-01-14T14:20:22","slug":"corbeille-a-courrier-cep-ellypse-transparente","status":"publish","type":"product","link":"https:\/\/topprixsarl.ch\/en\/product-2\/corbeille-a-courrier-cep-ellypse-transparente\/","title":{"rendered":"Corbeille \u00e0 courrier Cep Ellypse &#8211; transparente"},"content":{"rendered":"<p>Organisez facilement vos documents avec la corbeille \u00e0 courrier CEP. <\/p>\n<p>Votre espace de travail m\u00e9rite d&rsquo;\u00eatre aussi productif que vous. Cette corbeille \u00e0 courrier est con\u00e7ue pour vous aider \u00e0 maximiser l&rsquo;efficacit\u00e9 de votre bureau en gardant tout sous contr\u00f4le. <\/p>\n<p>+ Solide et stable<br \/>\n+ Empilable et modulable selon vos besoins<br \/>\n+ Encoches frontales pour un acc\u00e8s facile aux documents  <\/p>\n<p>Dimensions du produit : 8.2 cm x 27.5 cm x 38 cm (hauteur x largeur x profondeur)<br \/>\nMati\u00e8re : polystyr\u00e8ne<br \/>\nCouleur : transparent<br \/>\nCapacit\u00e9 : 500 feuilles  <\/p>\n<p>N&rsquo;attendez plus, commandez d\u00e8s maintenant !  <\/p>\n<p>> Garantie 5 ans*<\/p>","protected":false},"excerpt":{"rendered":"<p>Organisez facilement vos documents avec la corbeille \u00e0 courrier CEP Votre espace de travail m\u00e9rite d&rsquo;\u00eatre aussi productif que vous. Cette corbeille \u00e0 courrier est con\u00e7ue pour vous aider \u00e0 maximiser l&rsquo;efficacit\u00e9 de votre bureau en gardant tout sous co<\/p>","protected":false},"featured_media":30512,"comment_status":"open","ping_status":"closed","template":"","meta":[],"product_brand":[],"product_cat":[137],"product_tag":[],"class_list":{"0":"post-30513","1":"product","2":"type-product","3":"status-publish","4":"has-post-thumbnail","6":"product_cat-papier","8":"first","9":"instock","10":"shipping-taxable","11":"purchasable","12":"product-type-simple"},"_links":{"self":[{"href":"https:\/\/topprixsarl.ch\/en\/wp-json\/wp\/v2\/product\/30513","targetHints":{"allow":["GET"]}}],"collection":[{"href":"https:\/\/topprixsarl.ch\/en\/wp-json\/wp\/v2\/product"}],"about":[{"href":"https:\/\/topprixsarl.ch\/en\/wp-json\/wp\/v2\/types\/product"}],"replies":[{"embeddable":true,"href":"https:\/\/topprixsarl.ch\/en\/wp-json\/wp\/v2\/comments?post=30513"}],"version-history":[{"count":2,"href":"https:\/\/topprixsarl.ch\/en\/wp-json\/wp\/v2\/product\/30513\/revisions"}],"predecessor-version":[{"id":32582,"href":"https:\/\/topprixsarl.ch\/en\/wp-json\/wp\/v2\/product\/30513\/revisions\/32582"}],"wp:featuredmedia":[{"embeddable":true,"href":"https:\/\/topprixsarl.ch\/en\/wp-json\/wp\/v2\/media\/30512"}],"wp:attachment":[{"href":"https:\/\/topprixsarl.ch\/en\/wp-json\/wp\/v2\/media?parent=30513"}],"wp:term":[{"taxonomy":"product_brand","embeddable":true,"href":"https:\/\/topprixsarl.ch\/en\/wp-json\/wp\/v2\/product_brand?post=30513"},{"taxonomy":"product_cat","embeddable":true,"href":"https:\/\/topprixsarl.ch\/en\/wp-json\/wp\/v2\/product_cat?post=30513"},{"taxonomy":"product_tag","embeddable":true,"href":"https:\/\/topprixsarl.ch\/en\/wp-json\/wp\/v2\/product_tag?post=30513"}],"curies":[{"name":"wp","href":"https:\/\/api.w.org\/{rel}","templated":true}]}}