{"id":30511,"date":"2026-01-09T13:38:52","date_gmt":"2026-01-09T13:38:52","guid":{"rendered":"https:\/\/topprixsarl.ch\/product\/corbeille-a-courrier-laterale-recyclee-transparente\/"},"modified":"2026-01-14T14:20:22","modified_gmt":"2026-01-14T14:20:22","slug":"corbeille-a-courrier-laterale-recyclee-transparente","status":"publish","type":"product","link":"https:\/\/topprixsarl.ch\/en\/product-2\/corbeille-a-courrier-laterale-recyclee-transparente\/","title":{"rendered":"Corbeille \u00e0 courrier lat\u00e9rale- recycl\u00e9e- transparente"},"content":{"rendered":"<p>Entreposer vos lettres avec facilit\u00e9<\/p>\n<p>Gardez-vous tous vos papiers et dossiers sur la table? Apr\u00e8s une semaine de travail difficile, les documents s\u2019amoncellent sur le bureau. Vous devez passer parfois des heures \u00e0 rechercher le dossier qui vous est demand\u00e9. <\/p>\n<p>Pour disposer d&rsquo;espaces de travail organis\u00e9s, la corbeille \u00e0 courrier est la solution. <\/p>\n<p>+ Con\u00e7ue pour vous aider \u00e0 retrouver le bon dossier. <\/p>\n<p>+ Peut \u00eatre plac\u00e9e partout pour que votre correspondance soit facilement accessible. <\/p>\n<p>+ Superposable pour cr\u00e9er un jeu de mini tiroirs pour votre bureau. <\/p>\n<p>+ Recyclable \u00e0 100 % et ne nuit donc pas \u00e0 la nature. <\/p>\n<p>\u00c9conomisez de l&rsquo;espace de travail gr\u00e2ce \u00e0 cette corbeille \u00e0 courrier pratique!<\/p>","protected":false},"excerpt":{"rendered":"<p>Entreposer vos lettres avec facilit\u00e9Gardez-vous tous vos papiers et dossiers sur la table? Apr\u00e8s une semaine de travail difficile, les documents s\u2019amoncellent sur le bureau. Vous devez passer parfois des heures \u00e0 rechercher le dossier qui vous est de<\/p>","protected":false},"featured_media":30510,"comment_status":"open","ping_status":"closed","template":"","meta":[],"product_brand":[],"product_cat":[137],"product_tag":[],"class_list":{"0":"post-30511","1":"product","2":"type-product","3":"status-publish","4":"has-post-thumbnail","6":"product_cat-papier","8":"first","9":"instock","10":"shipping-taxable","11":"purchasable","12":"product-type-simple"},"_links":{"self":[{"href":"https:\/\/topprixsarl.ch\/en\/wp-json\/wp\/v2\/product\/30511","targetHints":{"allow":["GET"]}}],"collection":[{"href":"https:\/\/topprixsarl.ch\/en\/wp-json\/wp\/v2\/product"}],"about":[{"href":"https:\/\/topprixsarl.ch\/en\/wp-json\/wp\/v2\/types\/product"}],"replies":[{"embeddable":true,"href":"https:\/\/topprixsarl.ch\/en\/wp-json\/wp\/v2\/comments?post=30511"}],"version-history":[{"count":3,"href":"https:\/\/topprixsarl.ch\/en\/wp-json\/wp\/v2\/product\/30511\/revisions"}],"predecessor-version":[{"id":33319,"href":"https:\/\/topprixsarl.ch\/en\/wp-json\/wp\/v2\/product\/30511\/revisions\/33319"}],"wp:featuredmedia":[{"embeddable":true,"href":"https:\/\/topprixsarl.ch\/en\/wp-json\/wp\/v2\/media\/30510"}],"wp:attachment":[{"href":"https:\/\/topprixsarl.ch\/en\/wp-json\/wp\/v2\/media?parent=30511"}],"wp:term":[{"taxonomy":"product_brand","embeddable":true,"href":"https:\/\/topprixsarl.ch\/en\/wp-json\/wp\/v2\/product_brand?post=30511"},{"taxonomy":"product_cat","embeddable":true,"href":"https:\/\/topprixsarl.ch\/en\/wp-json\/wp\/v2\/product_cat?post=30511"},{"taxonomy":"product_tag","embeddable":true,"href":"https:\/\/topprixsarl.ch\/en\/wp-json\/wp\/v2\/product_tag?post=30511"}],"curies":[{"name":"wp","href":"https:\/\/api.w.org\/{rel}","templated":true}]}}