{"id":30505,"date":"2026-01-09T13:38:08","date_gmt":"2026-01-09T13:38:08","guid":{"rendered":"https:\/\/topprixsarl.ch\/product\/roller-de-correction-85-m-x-42-mm\/"},"modified":"2026-01-14T14:20:22","modified_gmt":"2026-01-14T14:20:22","slug":"roller-de-correction-85-m-x-42-mm","status":"publish","type":"product","link":"https:\/\/topprixsarl.ch\/en\/product-2\/roller-de-correction-85-m-x-42-mm\/","title":{"rendered":"Roller de correction- 8,5 m x 4,2 mm"},"content":{"rendered":"<p>Une fa\u00e7on simple de dissimuler les erreurs<\/p>\n<p>Les erreurs sont fr\u00e9quentes dans les documents manuscrits. Vu que la r\u00e9\u00e9criture d&rsquo;une \u0153uvre enti\u00e8re peut prendre beaucoup de temps, avoir un roller de correction sur le bureau peut \u00eatre utile.<\/p>\n<p>+ Ruban correcteur : pr\u00e9cis et facile \u00e0 utiliser<\/p>\n<p>Il est parfait pour corriger ou cacher vos petites erreurs, et parfaitement adapt\u00e9 \u00e0 la taille des caract\u00e8res d&rsquo;un cahier.<\/p>\n<p>+ \u00c9crivez sans erreurs! <\/p>\n<p>*Footnotes :<br \/> 1. Utiliser un roller de correction peut am\u00e9liorer la pr\u00e9sentation de vos documents.<br \/> 2. Id\u00e9al pour les \u00e9tudiants et les professionnels.<\/p>","protected":false},"excerpt":{"rendered":"<p>Une fa\u00e7on simple de dissimuler les erreurs Les erreurs sont fr\u00e9quentes dans les documents manuscrits. Vu que la r\u00e9\u00e9criture d&rsquo;une \u0153uvre enti\u00e8re peut prendre beaucoup de temps, avoir un roller de correction sur le bureau peut \u00eatre utile.Le ruban correc<\/p>","protected":false},"featured_media":30504,"comment_status":"open","ping_status":"closed","template":"","meta":[],"product_brand":[],"product_cat":[137],"product_tag":[],"class_list":{"0":"post-30505","1":"product","2":"type-product","3":"status-publish","4":"has-post-thumbnail","6":"product_cat-papier","8":"first","9":"instock","10":"shipping-taxable","11":"purchasable","12":"product-type-simple"},"_links":{"self":[{"href":"https:\/\/topprixsarl.ch\/en\/wp-json\/wp\/v2\/product\/30505","targetHints":{"allow":["GET"]}}],"collection":[{"href":"https:\/\/topprixsarl.ch\/en\/wp-json\/wp\/v2\/product"}],"about":[{"href":"https:\/\/topprixsarl.ch\/en\/wp-json\/wp\/v2\/types\/product"}],"replies":[{"embeddable":true,"href":"https:\/\/topprixsarl.ch\/en\/wp-json\/wp\/v2\/comments?post=30505"}],"version-history":[{"count":3,"href":"https:\/\/topprixsarl.ch\/en\/wp-json\/wp\/v2\/product\/30505\/revisions"}],"predecessor-version":[{"id":33320,"href":"https:\/\/topprixsarl.ch\/en\/wp-json\/wp\/v2\/product\/30505\/revisions\/33320"}],"wp:featuredmedia":[{"embeddable":true,"href":"https:\/\/topprixsarl.ch\/en\/wp-json\/wp\/v2\/media\/30504"}],"wp:attachment":[{"href":"https:\/\/topprixsarl.ch\/en\/wp-json\/wp\/v2\/media?parent=30505"}],"wp:term":[{"taxonomy":"product_brand","embeddable":true,"href":"https:\/\/topprixsarl.ch\/en\/wp-json\/wp\/v2\/product_brand?post=30505"},{"taxonomy":"product_cat","embeddable":true,"href":"https:\/\/topprixsarl.ch\/en\/wp-json\/wp\/v2\/product_cat?post=30505"},{"taxonomy":"product_tag","embeddable":true,"href":"https:\/\/topprixsarl.ch\/en\/wp-json\/wp\/v2\/product_tag?post=30505"}],"curies":[{"name":"wp","href":"https:\/\/api.w.org\/{rel}","templated":true}]}}