{"id":30503,"date":"2026-01-09T13:37:54","date_gmt":"2026-01-09T13:37:54","guid":{"rendered":"https:\/\/topprixsarl.ch\/product\/effaceur-franken-z1921-magnetique-blanc\/"},"modified":"2026-01-14T14:20:22","modified_gmt":"2026-01-14T14:20:22","slug":"effaceur-franken-z1921-magnetique-blanc","status":"publish","type":"product","link":"https:\/\/topprixsarl.ch\/en\/product-2\/effaceur-franken-z1921-magnetique-blanc\/","title":{"rendered":"Effaceur Franken Z1921, magn\u00e9tique, blanc"},"content":{"rendered":"<p>Passez l&rsquo;\u00e9ponge! La t\u00eate est encore pleine de la derni\u00e8re r\u00e9union, le prochain rendez-vous vous attend d\u00e9j\u00e0 et la liste des choses \u00e0 faire ne cesse de s&rsquo;allonger. Vous avez d\u00e9j\u00e0 perdu la vue d&rsquo;ensemble ou vous avez tout simplement trop de choses \u00e0 faire? Vous avez besoin de place pour de nouvelles id\u00e9es? Pas de probl\u00e8me!<\/p>\n<p>Avec l&rsquo;effaceur de tableau pratique avec feutre de FRANKEN, vous faites rapidement et sans effort de la place pour de nouvelles choses. <\/p>\n<p>+ Il est magn\u00e9tique et peut donc rester coll\u00e9 au tableau, de sorte que vous l&rsquo;avez toujours \u00e0 port\u00e9e de main. <\/p>\n<p>Les inscriptions sur votre tableau blanc ou votre tableau de planification peuvent ainsi \u00eatre effac\u00e9es tr\u00e8s facilement et sans difficult\u00e9. <\/p>\n<p>+ Le rev\u00eatement interchangeable en non-tiss\u00e9 ou en feutre vous permet de tout effacer proprement d&rsquo;un simple coup d&rsquo;\u00e9ponge et d&rsquo;\u00e9crire \u00e0 nouveau sur votre tableau comme s&rsquo;il \u00e9tait neuf. <\/p>\n<p>+ Le bo\u00eetier en plastique robuste de 160 x 75 x 45 mm tient bien dans la main et peut \u00eatre recouvert de nouveau mat\u00e9riau d&rsquo;effacement apr\u00e8s utilisation si n\u00e9cessaire. <\/p>\n<p>Il est donc particuli\u00e8rement durable, efficace et r\u00e9sistant. <\/p>\n<p>Cr\u00e9ez des surfaces propres en un seul coup d&rsquo;\u00e9ponge!<\/p>","protected":false},"excerpt":{"rendered":"<p>Passez l&rsquo;\u00e9ponge! La t\u00eate est encore pleine de la derni\u00e8re r\u00e9union, le prochain rendez-vous vous attend d\u00e9j\u00e0 et la liste des choses \u00e0 faire ne cesse de s&rsquo;allonger. Vous avez d\u00e9j\u00e0 perdu la vue d&rsquo;ensemble ou vous avez tout simplement trop de choses \u00e0 fa<\/p>","protected":false},"featured_media":30502,"comment_status":"open","ping_status":"closed","template":"","meta":[],"product_brand":[],"product_cat":[143],"product_tag":[],"class_list":{"0":"post-30503","1":"product","2":"type-product","3":"status-publish","4":"has-post-thumbnail","6":"product_cat-nettoyage","8":"first","9":"instock","10":"shipping-taxable","11":"purchasable","12":"product-type-simple"},"_links":{"self":[{"href":"https:\/\/topprixsarl.ch\/en\/wp-json\/wp\/v2\/product\/30503","targetHints":{"allow":["GET"]}}],"collection":[{"href":"https:\/\/topprixsarl.ch\/en\/wp-json\/wp\/v2\/product"}],"about":[{"href":"https:\/\/topprixsarl.ch\/en\/wp-json\/wp\/v2\/types\/product"}],"replies":[{"embeddable":true,"href":"https:\/\/topprixsarl.ch\/en\/wp-json\/wp\/v2\/comments?post=30503"}],"version-history":[{"count":2,"href":"https:\/\/topprixsarl.ch\/en\/wp-json\/wp\/v2\/product\/30503\/revisions"}],"predecessor-version":[{"id":32577,"href":"https:\/\/topprixsarl.ch\/en\/wp-json\/wp\/v2\/product\/30503\/revisions\/32577"}],"wp:featuredmedia":[{"embeddable":true,"href":"https:\/\/topprixsarl.ch\/en\/wp-json\/wp\/v2\/media\/30502"}],"wp:attachment":[{"href":"https:\/\/topprixsarl.ch\/en\/wp-json\/wp\/v2\/media?parent=30503"}],"wp:term":[{"taxonomy":"product_brand","embeddable":true,"href":"https:\/\/topprixsarl.ch\/en\/wp-json\/wp\/v2\/product_brand?post=30503"},{"taxonomy":"product_cat","embeddable":true,"href":"https:\/\/topprixsarl.ch\/en\/wp-json\/wp\/v2\/product_cat?post=30503"},{"taxonomy":"product_tag","embeddable":true,"href":"https:\/\/topprixsarl.ch\/en\/wp-json\/wp\/v2\/product_tag?post=30503"}],"curies":[{"name":"wp","href":"https:\/\/api.w.org\/{rel}","templated":true}]}}