{"id":30489,"date":"2026-01-09T13:35:47","date_gmt":"2026-01-09T13:35:47","guid":{"rendered":"https:\/\/topprixsarl.ch\/product\/classeur-swiss-standard-a4-7-cm-jaune\/"},"modified":"2026-01-14T14:20:23","modified_gmt":"2026-01-14T14:20:23","slug":"classeur-swiss-standard-a4-7-cm-jaune","status":"publish","type":"product","link":"https:\/\/topprixsarl.ch\/en\/product\/classeur-swiss-standard-a4-7-cm-jaune\/","title":{"rendered":"Classeur Swiss Standard A4, 7 cm, jaune"},"content":{"rendered":"<p>Conserva i tuoi documenti con! <\/p>\n<p>La cartella Swiss Standard A4 \u00e8 semplice e adatta a tutti i tuoi compiti quotidiani. Questo prodotto, grazie alla sua praticit\u00e0, attirer\u00e0 la tua attenzione. <\/p>\n<p>+ Fabriqu\u00e9e en robuste cartone e plastica, durer\u00e0 a lungo, in modo da poter conservare tantissimi documenti mese dopo mese. <\/p>\n<p>+ Molto capiente, per soddisfare le tue esigenze di archiviazione in termini di volume. <\/p>\n<p>+ Un&rsquo;etichetta, incollata sul fronte, ti permetter\u00e0 di ordinare facilmente le tue carte. <\/p>\n<p>Scegli i dossier!<\/p>","protected":false},"excerpt":{"rendered":"<p>Conserva i tuoi documenti con! La cartella Swiss Standard A4 \u00e8 semplice e adatta a tutti i tuoi compiti quotidiani. Questo prodotto, grazie alla sua praticit\u00e0, attirer\u00e0 la tua attenzione. Essendo realizzato in robusto cartone e plastica<\/p>","protected":false},"featured_media":30488,"comment_status":"open","ping_status":"closed","template":"","meta":[],"product_brand":[],"product_cat":[137],"product_tag":[],"class_list":{"0":"post-30489","1":"product","2":"type-product","3":"status-publish","4":"has-post-thumbnail","6":"product_cat-article-offic","8":"first","9":"instock","10":"shipping-taxable","11":"purchasable","12":"product-type-simple"},"_links":{"self":[{"href":"https:\/\/topprixsarl.ch\/en\/wp-json\/wp\/v2\/product\/30489","targetHints":{"allow":["GET"]}}],"collection":[{"href":"https:\/\/topprixsarl.ch\/en\/wp-json\/wp\/v2\/product"}],"about":[{"href":"https:\/\/topprixsarl.ch\/en\/wp-json\/wp\/v2\/types\/product"}],"replies":[{"embeddable":true,"href":"https:\/\/topprixsarl.ch\/en\/wp-json\/wp\/v2\/comments?post=30489"}],"version-history":[{"count":3,"href":"https:\/\/topprixsarl.ch\/en\/wp-json\/wp\/v2\/product\/30489\/revisions"}],"predecessor-version":[{"id":33323,"href":"https:\/\/topprixsarl.ch\/en\/wp-json\/wp\/v2\/product\/30489\/revisions\/33323"}],"wp:featuredmedia":[{"embeddable":true,"href":"https:\/\/topprixsarl.ch\/en\/wp-json\/wp\/v2\/media\/30488"}],"wp:attachment":[{"href":"https:\/\/topprixsarl.ch\/en\/wp-json\/wp\/v2\/media?parent=30489"}],"wp:term":[{"taxonomy":"product_brand","embeddable":true,"href":"https:\/\/topprixsarl.ch\/en\/wp-json\/wp\/v2\/product_brand?post=30489"},{"taxonomy":"product_cat","embeddable":true,"href":"https:\/\/topprixsarl.ch\/en\/wp-json\/wp\/v2\/product_cat?post=30489"},{"taxonomy":"product_tag","embeddable":true,"href":"https:\/\/topprixsarl.ch\/en\/wp-json\/wp\/v2\/product_tag?post=30489"}],"curies":[{"name":"wp","href":"https:\/\/api.w.org\/{rel}","templated":true}]}}