{"id":30483,"date":"2026-01-09T13:35:05","date_gmt":"2026-01-09T13:35:05","guid":{"rendered":"https:\/\/topprixsarl.ch\/product\/classeur-swiss-standard-a4-7-cm-bordeaux\/"},"modified":"2026-01-14T14:20:23","modified_gmt":"2026-01-14T14:20:23","slug":"classeur-swiss-standard-a4-7-cm-bordeaux","status":"publish","type":"product","link":"https:\/\/topprixsarl.ch\/en\/product\/classeur-swiss-standard-a4-7-cm-bordeaux\/","title":{"rendered":"Classeur Swiss Standard A4, 7 cm, bordeaux"},"content":{"rendered":"<p>Soyez cr\u00e9atif avec. <\/p>\n<p>Parfois, vous avez besoin de stocker des documents qui sont plus importants que d&rsquo;autres. Il serait utile, si vous pouviez les reconna\u00eetre juste de leur couverture. C&rsquo;est pour cela que a con\u00e7u ce dossier qui rendra vos papiers reconnaissables au premier coup d&rsquo;\u0153il. <\/p>\n<p>+ Classeur Swiss Standard A4 : un bon produit qui permet de garder tous vos papiers bien rang\u00e9s. <\/p>\n<p>+ Garantit cr\u00e9ativit\u00e9, confort et s\u00e9curit\u00e9. <\/p>\n<p>+ Fabriqu\u00e9 en plastique r\u00e9sistant et respectueux de l&rsquo;environnement, il durera longtemps. <\/p>\n<p>+ Design simple et moderne avec une \u00e9tiquette sur le c\u00f4t\u00e9, qui peut donner des informations sur les documents. <\/p>\n<p>Essayez ce dossier unique maintenant!<\/p>","protected":false},"excerpt":{"rendered":"<p>Soyez cr\u00e9atif avec Parfois, vous avez besoin de stocker des documents qui sont plus importants que d&rsquo;autres. Il serait utile, si vous pouviez les reconna\u00eetre juste de leur couverture. C&rsquo;est pour cela que a con\u00e7u ce dossier qui rendra vo<\/p>","protected":false},"featured_media":30482,"comment_status":"open","ping_status":"closed","template":"","meta":[],"product_brand":[],"product_cat":[137],"product_tag":[],"class_list":{"0":"post-30483","1":"product","2":"type-product","3":"status-publish","4":"has-post-thumbnail","6":"product_cat-article-offic","8":"first","9":"instock","10":"shipping-taxable","11":"purchasable","12":"product-type-simple"},"_links":{"self":[{"href":"https:\/\/topprixsarl.ch\/en\/wp-json\/wp\/v2\/product\/30483","targetHints":{"allow":["GET"]}}],"collection":[{"href":"https:\/\/topprixsarl.ch\/en\/wp-json\/wp\/v2\/product"}],"about":[{"href":"https:\/\/topprixsarl.ch\/en\/wp-json\/wp\/v2\/types\/product"}],"replies":[{"embeddable":true,"href":"https:\/\/topprixsarl.ch\/en\/wp-json\/wp\/v2\/comments?post=30483"}],"version-history":[{"count":3,"href":"https:\/\/topprixsarl.ch\/en\/wp-json\/wp\/v2\/product\/30483\/revisions"}],"predecessor-version":[{"id":33326,"href":"https:\/\/topprixsarl.ch\/en\/wp-json\/wp\/v2\/product\/30483\/revisions\/33326"}],"wp:featuredmedia":[{"embeddable":true,"href":"https:\/\/topprixsarl.ch\/en\/wp-json\/wp\/v2\/media\/30482"}],"wp:attachment":[{"href":"https:\/\/topprixsarl.ch\/en\/wp-json\/wp\/v2\/media?parent=30483"}],"wp:term":[{"taxonomy":"product_brand","embeddable":true,"href":"https:\/\/topprixsarl.ch\/en\/wp-json\/wp\/v2\/product_brand?post=30483"},{"taxonomy":"product_cat","embeddable":true,"href":"https:\/\/topprixsarl.ch\/en\/wp-json\/wp\/v2\/product_cat?post=30483"},{"taxonomy":"product_tag","embeddable":true,"href":"https:\/\/topprixsarl.ch\/en\/wp-json\/wp\/v2\/product_tag?post=30483"}],"curies":[{"name":"wp","href":"https:\/\/api.w.org\/{rel}","templated":true}]}}