{"id":30477,"date":"2026-01-09T13:34:24","date_gmt":"2026-01-09T13:34:24","guid":{"rendered":"https:\/\/topprixsarl.ch\/product\/classeur-swiss-standard-a4-7-cm-orange\/"},"modified":"2026-01-14T14:20:23","modified_gmt":"2026-01-14T14:20:23","slug":"classeur-swiss-standard-a4-7-cm-orange","status":"publish","type":"product","link":"https:\/\/topprixsarl.ch\/en\/product\/classeur-swiss-standard-a4-7-cm-orange\/","title":{"rendered":"Classeur Swiss Standard A4, 7 cm, orange"},"content":{"rendered":"<p>Le meilleur classeur pour votre bureau<\/p>\n<p>Le classeur Swiss Standard se distingue par son design simple et son excellente qualit\u00e9 : en effet, il a \u00e9t\u00e9 r\u00e9alis\u00e9 avec un mat\u00e9riau r\u00e9sistant qui garantit sa durabilit\u00e9.<\/p>\n<p>+ Design simple et \u00e9l\u00e9gant<br \/> + Mat\u00e9riau r\u00e9sistant pour une durabilit\u00e9 accrue<br \/> + \u00c9tiquette pratique pour d\u00e9crire son contenu <\/p>\n<p>Il vous aidera \u00e0 bien ranger votre bureau. <\/p>\n<p>Conservez vos documents avec le classeur Swiss Standard!*<\/p>","protected":false},"excerpt":{"rendered":"<p>Le meilleur classeur pour votre bureau Le classeur Swiss Standard se distingue par son design simple et son excellente qualit\u00e9: en effet, il a \u00e9t\u00e9 r\u00e9alis\u00e9 avec un mat\u00e9riau r\u00e9sistant qui garantit sa durabilit\u00e9. Il est \u00e9galement accompagn\u00e9 d&rsquo;une<\/p>","protected":false},"featured_media":30476,"comment_status":"open","ping_status":"closed","template":"","meta":[],"product_brand":[],"product_cat":[137],"product_tag":[],"class_list":{"0":"post-30477","1":"product","2":"type-product","3":"status-publish","4":"has-post-thumbnail","6":"product_cat-article-offic","8":"first","9":"instock","10":"shipping-taxable","11":"purchasable","12":"product-type-simple"},"_links":{"self":[{"href":"https:\/\/topprixsarl.ch\/en\/wp-json\/wp\/v2\/product\/30477","targetHints":{"allow":["GET"]}}],"collection":[{"href":"https:\/\/topprixsarl.ch\/en\/wp-json\/wp\/v2\/product"}],"about":[{"href":"https:\/\/topprixsarl.ch\/en\/wp-json\/wp\/v2\/types\/product"}],"replies":[{"embeddable":true,"href":"https:\/\/topprixsarl.ch\/en\/wp-json\/wp\/v2\/comments?post=30477"}],"version-history":[{"count":3,"href":"https:\/\/topprixsarl.ch\/en\/wp-json\/wp\/v2\/product\/30477\/revisions"}],"predecessor-version":[{"id":33329,"href":"https:\/\/topprixsarl.ch\/en\/wp-json\/wp\/v2\/product\/30477\/revisions\/33329"}],"wp:featuredmedia":[{"embeddable":true,"href":"https:\/\/topprixsarl.ch\/en\/wp-json\/wp\/v2\/media\/30476"}],"wp:attachment":[{"href":"https:\/\/topprixsarl.ch\/en\/wp-json\/wp\/v2\/media?parent=30477"}],"wp:term":[{"taxonomy":"product_brand","embeddable":true,"href":"https:\/\/topprixsarl.ch\/en\/wp-json\/wp\/v2\/product_brand?post=30477"},{"taxonomy":"product_cat","embeddable":true,"href":"https:\/\/topprixsarl.ch\/en\/wp-json\/wp\/v2\/product_cat?post=30477"},{"taxonomy":"product_tag","embeddable":true,"href":"https:\/\/topprixsarl.ch\/en\/wp-json\/wp\/v2\/product_tag?post=30477"}],"curies":[{"name":"wp","href":"https:\/\/api.w.org\/{rel}","templated":true}]}}