{"id":30471,"date":"2026-01-09T13:33:38","date_gmt":"2026-01-09T13:33:38","guid":{"rendered":"https:\/\/topprixsarl.ch\/product\/classeur-swiss-standard-a4-7-cm-gris\/"},"modified":"2026-01-14T14:20:24","modified_gmt":"2026-01-14T14:20:24","slug":"classeur-swiss-standard-a4-7-cm-gris","status":"publish","type":"product","link":"https:\/\/topprixsarl.ch\/en\/product\/classeur-swiss-standard-a4-7-cm-gris\/","title":{"rendered":"Classeur Swiss Standard A4, 7 cm, gris"},"content":{"rendered":"<p>El\u00e9gant, fiable et adapt\u00e9 \u00e0 chaque t\u00e2che<\/p>\n<p>Pensez-vous que l&rsquo;\u00e9l\u00e9gance est un must au bureau? Vous appr\u00e9ciez les documents bien rang\u00e9s et parfaitement en ordre? Oui? Donc, le classeur Swiss Standard r\u00e9pondra \u00e0 vos besoins.<\/p>\n<p>+ Design moderne et fonctionnel<br \/> + Parfait pour des feuilles ou des manchons perfor\u00e9s de format A4<br \/> + Assure la s\u00e9curit\u00e9 et l&rsquo;organisation de vos documents dans les meilleures conditions<br \/> + \u00c9tiquette externe incluse <\/p>\n<p>Choisissez un classeur traditionnel!<\/p>","protected":false},"excerpt":{"rendered":"<p>El\u00e9gant, fiable et adapt\u00e9 \u00e0 chaque t\u00e2che Pensez-vous que l&rsquo;\u00e9l\u00e9gance est un must au bureau? Vous appr\u00e9ciez les documents bien rang\u00e9s et parfaitement en ordre? Oui? Donc, le classeur Swiss Standard r\u00e9pondra \u00e0 vos besoins. Le classeur Swis<\/p>","protected":false},"featured_media":30470,"comment_status":"open","ping_status":"closed","template":"","meta":[],"product_brand":[],"product_cat":[137],"product_tag":[],"class_list":{"0":"post-30471","1":"product","2":"type-product","3":"status-publish","4":"has-post-thumbnail","6":"product_cat-article-offic","8":"first","9":"instock","10":"shipping-taxable","11":"purchasable","12":"product-type-simple"},"_links":{"self":[{"href":"https:\/\/topprixsarl.ch\/en\/wp-json\/wp\/v2\/product\/30471","targetHints":{"allow":["GET"]}}],"collection":[{"href":"https:\/\/topprixsarl.ch\/en\/wp-json\/wp\/v2\/product"}],"about":[{"href":"https:\/\/topprixsarl.ch\/en\/wp-json\/wp\/v2\/types\/product"}],"replies":[{"embeddable":true,"href":"https:\/\/topprixsarl.ch\/en\/wp-json\/wp\/v2\/comments?post=30471"}],"version-history":[{"count":3,"href":"https:\/\/topprixsarl.ch\/en\/wp-json\/wp\/v2\/product\/30471\/revisions"}],"predecessor-version":[{"id":33332,"href":"https:\/\/topprixsarl.ch\/en\/wp-json\/wp\/v2\/product\/30471\/revisions\/33332"}],"wp:featuredmedia":[{"embeddable":true,"href":"https:\/\/topprixsarl.ch\/en\/wp-json\/wp\/v2\/media\/30470"}],"wp:attachment":[{"href":"https:\/\/topprixsarl.ch\/en\/wp-json\/wp\/v2\/media?parent=30471"}],"wp:term":[{"taxonomy":"product_brand","embeddable":true,"href":"https:\/\/topprixsarl.ch\/en\/wp-json\/wp\/v2\/product_brand?post=30471"},{"taxonomy":"product_cat","embeddable":true,"href":"https:\/\/topprixsarl.ch\/en\/wp-json\/wp\/v2\/product_cat?post=30471"},{"taxonomy":"product_tag","embeddable":true,"href":"https:\/\/topprixsarl.ch\/en\/wp-json\/wp\/v2\/product_tag?post=30471"}],"curies":[{"name":"wp","href":"https:\/\/api.w.org\/{rel}","templated":true}]}}