{"id":30465,"date":"2026-01-09T13:32:55","date_gmt":"2026-01-09T13:32:55","guid":{"rendered":"https:\/\/topprixsarl.ch\/product\/classeur-swiss-standard-a4-4-cm-jaune\/"},"modified":"2026-01-14T14:20:24","modified_gmt":"2026-01-14T14:20:24","slug":"classeur-swiss-standard-a4-4-cm-jaune","status":"publish","type":"product","link":"https:\/\/topprixsarl.ch\/en\/product\/classeur-swiss-standard-a4-4-cm-jaune\/","title":{"rendered":"Classeur Swiss Standard A4, 4 cm, jaune"},"content":{"rendered":"<p>Un classeur solide et compact<\/p>\n<p>Vous en avez assez des feuilles volantes? Vous ne supportez plus d&rsquo;avoir des piles de documents sur votre bureau? Dans ce cas, a quelque chose pour vous.<\/p>\n<p>Le classeur Swiss Standard est une option peu encombrante et utile pour attacher un grand nombre de feuilles ou de chemises transparentes A4. <\/p>\n<p>+ Design moderne qui s&rsquo;adapte au style de n&rsquo;importe quel bureau.<\/p>\n<p>De plus, une \u00e9tiquette pratique est appos\u00e9e au recto pour vous permettre d&rsquo;en d\u00e9crire le contenu.<\/p>\n<p>Essayez les classeurs!<\/p>","protected":false},"excerpt":{"rendered":"<p>Un classeur solide et compact Vous en avez assez des feuilles volantes? Vous ne supportez plus d&rsquo;avoir des piles de documents sur votre bureau? Dans ce cas, a quelque chose pour vous. Le classeur Swiss Standard est une option peu encomb<\/p>","protected":false},"featured_media":30464,"comment_status":"open","ping_status":"closed","template":"","meta":[],"product_brand":[],"product_cat":[137],"product_tag":[],"class_list":{"0":"post-30465","1":"product","2":"type-product","3":"status-publish","4":"has-post-thumbnail","6":"product_cat-article-offic","8":"first","9":"instock","10":"shipping-taxable","11":"purchasable","12":"product-type-simple"},"_links":{"self":[{"href":"https:\/\/topprixsarl.ch\/en\/wp-json\/wp\/v2\/product\/30465","targetHints":{"allow":["GET"]}}],"collection":[{"href":"https:\/\/topprixsarl.ch\/en\/wp-json\/wp\/v2\/product"}],"about":[{"href":"https:\/\/topprixsarl.ch\/en\/wp-json\/wp\/v2\/types\/product"}],"replies":[{"embeddable":true,"href":"https:\/\/topprixsarl.ch\/en\/wp-json\/wp\/v2\/comments?post=30465"}],"version-history":[{"count":3,"href":"https:\/\/topprixsarl.ch\/en\/wp-json\/wp\/v2\/product\/30465\/revisions"}],"predecessor-version":[{"id":33335,"href":"https:\/\/topprixsarl.ch\/en\/wp-json\/wp\/v2\/product\/30465\/revisions\/33335"}],"wp:featuredmedia":[{"embeddable":true,"href":"https:\/\/topprixsarl.ch\/en\/wp-json\/wp\/v2\/media\/30464"}],"wp:attachment":[{"href":"https:\/\/topprixsarl.ch\/en\/wp-json\/wp\/v2\/media?parent=30465"}],"wp:term":[{"taxonomy":"product_brand","embeddable":true,"href":"https:\/\/topprixsarl.ch\/en\/wp-json\/wp\/v2\/product_brand?post=30465"},{"taxonomy":"product_cat","embeddable":true,"href":"https:\/\/topprixsarl.ch\/en\/wp-json\/wp\/v2\/product_cat?post=30465"},{"taxonomy":"product_tag","embeddable":true,"href":"https:\/\/topprixsarl.ch\/en\/wp-json\/wp\/v2\/product_tag?post=30465"}],"curies":[{"name":"wp","href":"https:\/\/api.w.org\/{rel}","templated":true}]}}