{"id":30463,"date":"2026-01-09T13:32:40","date_gmt":"2026-01-09T13:32:40","guid":{"rendered":"https:\/\/topprixsarl.ch\/product\/classeur-swiss-standard-a4-4-cm-rouge\/"},"modified":"2026-01-14T14:20:24","modified_gmt":"2026-01-14T14:20:24","slug":"classeur-swiss-standard-a4-4-cm-rouge","status":"publish","type":"product","link":"https:\/\/topprixsarl.ch\/en\/product\/classeur-swiss-standard-a4-4-cm-rouge\/","title":{"rendered":"Classeur Swiss Standard A4, 4 cm, rouge"},"content":{"rendered":"<p>Un classeur \u00e9l\u00e9gant et simple<\/p>\n<p>Le classeur standard Swiss est une excellente option pour prot\u00e9ger un grand nombre de feuilles. Il a \u00e9t\u00e9 sp\u00e9cialement con\u00e7u pour un usage quotidien au bureau. <\/p>\n<p>+ Convient en particulier aux feuilles A4 ou aux chemises transparentes.<\/p>\n<p>Ce produit, caract\u00e9ris\u00e9 par un design adapt\u00e9 \u00e0 tout environnement de travail, a \u00e9t\u00e9 r\u00e9alis\u00e9 en plastique \u00e9cologique. <\/p>\n<p>+ Choisissez le meilleur classeur pour votre bureau!*<\/p>","protected":false},"excerpt":{"rendered":"<p>Un classeur \u00e9l\u00e9gant et simple Le classeur standard Swiss est une excellente option pour prot\u00e9ger un grand nombre de feuilles et il a \u00e9t\u00e9 sp\u00e9cialement con\u00e7u pour un usage quotidien au bureau. Il convient en particulier aux feuilles A4 ou aux ch<\/p>","protected":false},"featured_media":30462,"comment_status":"open","ping_status":"closed","template":"","meta":[],"product_brand":[],"product_cat":[137],"product_tag":[],"class_list":{"0":"post-30463","1":"product","2":"type-product","3":"status-publish","4":"has-post-thumbnail","6":"product_cat-article-offic","8":"first","9":"instock","10":"shipping-taxable","11":"purchasable","12":"product-type-simple"},"_links":{"self":[{"href":"https:\/\/topprixsarl.ch\/en\/wp-json\/wp\/v2\/product\/30463","targetHints":{"allow":["GET"]}}],"collection":[{"href":"https:\/\/topprixsarl.ch\/en\/wp-json\/wp\/v2\/product"}],"about":[{"href":"https:\/\/topprixsarl.ch\/en\/wp-json\/wp\/v2\/types\/product"}],"replies":[{"embeddable":true,"href":"https:\/\/topprixsarl.ch\/en\/wp-json\/wp\/v2\/comments?post=30463"}],"version-history":[{"count":3,"href":"https:\/\/topprixsarl.ch\/en\/wp-json\/wp\/v2\/product\/30463\/revisions"}],"predecessor-version":[{"id":33336,"href":"https:\/\/topprixsarl.ch\/en\/wp-json\/wp\/v2\/product\/30463\/revisions\/33336"}],"wp:featuredmedia":[{"embeddable":true,"href":"https:\/\/topprixsarl.ch\/en\/wp-json\/wp\/v2\/media\/30462"}],"wp:attachment":[{"href":"https:\/\/topprixsarl.ch\/en\/wp-json\/wp\/v2\/media?parent=30463"}],"wp:term":[{"taxonomy":"product_brand","embeddable":true,"href":"https:\/\/topprixsarl.ch\/en\/wp-json\/wp\/v2\/product_brand?post=30463"},{"taxonomy":"product_cat","embeddable":true,"href":"https:\/\/topprixsarl.ch\/en\/wp-json\/wp\/v2\/product_cat?post=30463"},{"taxonomy":"product_tag","embeddable":true,"href":"https:\/\/topprixsarl.ch\/en\/wp-json\/wp\/v2\/product_tag?post=30463"}],"curies":[{"name":"wp","href":"https:\/\/api.w.org\/{rel}","templated":true}]}}