{"id":30457,"date":"2026-01-09T13:31:57","date_gmt":"2026-01-09T13:31:57","guid":{"rendered":"https:\/\/topprixsarl.ch\/product\/classeur-swiss-standard-a4-4-cm-bleu\/"},"modified":"2026-01-14T14:20:24","modified_gmt":"2026-01-14T14:20:24","slug":"classeur-swiss-standard-a4-4-cm-bleu","status":"publish","type":"product","link":"https:\/\/topprixsarl.ch\/en\/product\/classeur-swiss-standard-a4-4-cm-bleu\/","title":{"rendered":"Classeur Swiss Standard A4, 4 cm, bleu"},"content":{"rendered":"<p>Classique et fonctionnel, le classeur Swiss Standard a \u00e9t\u00e9 con\u00e7u pour faciliter le stockage des documents de bureau, tels que des contrats, des notes, des croquis, des bleus, etc.<\/p>\n<p>+ Fabriqu\u00e9 en carton solide et en plastique, il garantit une longue durabilit\u00e9.<\/p>\n<p>+ Gr\u00e2ce \u00e0 son design classique, c&rsquo;est un choix parfait pour tout environnement de travail moderne.<\/p>\n<p>Archivez vos documents de la meilleure fa\u00e7on possible! <\/p>\n<p>*Notes de bas de page.<\/p>","protected":false},"excerpt":{"rendered":"<p>Classique et fonctionnel Le classeur Swiss Standard a \u00e9t\u00e9 con\u00e7u pour faciliter le stockage des documents de bureau, tels quels des contrats, des notes, des croquis, des bleus, etc. Comme ce produit est fait de carton solide et de plastique, il<\/p>","protected":false},"featured_media":30456,"comment_status":"open","ping_status":"closed","template":"","meta":[],"product_brand":[],"product_cat":[137],"product_tag":[],"class_list":{"0":"post-30457","1":"product","2":"type-product","3":"status-publish","4":"has-post-thumbnail","6":"product_cat-article-offic","8":"first","9":"instock","10":"shipping-taxable","11":"purchasable","12":"product-type-simple"},"_links":{"self":[{"href":"https:\/\/topprixsarl.ch\/en\/wp-json\/wp\/v2\/product\/30457","targetHints":{"allow":["GET"]}}],"collection":[{"href":"https:\/\/topprixsarl.ch\/en\/wp-json\/wp\/v2\/product"}],"about":[{"href":"https:\/\/topprixsarl.ch\/en\/wp-json\/wp\/v2\/types\/product"}],"replies":[{"embeddable":true,"href":"https:\/\/topprixsarl.ch\/en\/wp-json\/wp\/v2\/comments?post=30457"}],"version-history":[{"count":3,"href":"https:\/\/topprixsarl.ch\/en\/wp-json\/wp\/v2\/product\/30457\/revisions"}],"predecessor-version":[{"id":33337,"href":"https:\/\/topprixsarl.ch\/en\/wp-json\/wp\/v2\/product\/30457\/revisions\/33337"}],"wp:featuredmedia":[{"embeddable":true,"href":"https:\/\/topprixsarl.ch\/en\/wp-json\/wp\/v2\/media\/30456"}],"wp:attachment":[{"href":"https:\/\/topprixsarl.ch\/en\/wp-json\/wp\/v2\/media?parent=30457"}],"wp:term":[{"taxonomy":"product_brand","embeddable":true,"href":"https:\/\/topprixsarl.ch\/en\/wp-json\/wp\/v2\/product_brand?post=30457"},{"taxonomy":"product_cat","embeddable":true,"href":"https:\/\/topprixsarl.ch\/en\/wp-json\/wp\/v2\/product_cat?post=30457"},{"taxonomy":"product_tag","embeddable":true,"href":"https:\/\/topprixsarl.ch\/en\/wp-json\/wp\/v2\/product_tag?post=30457"}],"curies":[{"name":"wp","href":"https:\/\/api.w.org\/{rel}","templated":true}]}}