{"id":30453,"date":"2026-01-09T13:31:26","date_gmt":"2026-01-09T13:31:26","guid":{"rendered":"https:\/\/topprixsarl.ch\/product\/classeur-swiss-standard-a4-4-cm-bleu-fonce\/"},"modified":"2026-01-14T14:20:24","modified_gmt":"2026-01-14T14:20:24","slug":"classeur-swiss-standard-a4-4-cm-bleu-fonce","status":"publish","type":"product","link":"https:\/\/topprixsarl.ch\/en\/product\/classeur-swiss-standard-a4-4-cm-bleu-fonce\/","title":{"rendered":"Classeur Swiss Standard A4, 4 cm, bleu fonc\u00e9"},"content":{"rendered":"<p>Un classeur fiable et \u00e9l\u00e9gant<\/p>\n<p>Le classeur Swiss Standard est une excellente option pour archiver un grand nombre de feuilles A4 ou de manchons d&rsquo;un usage quotidien.<\/p>\n<p>+ Mat\u00e9riau r\u00e9sistant : il durera longtemps et conservera vos documents dans les meilleures conditions.<\/p>\n<p>+ Protection optimale : il prot\u00e8ge vos documents des taches, de la lumi\u00e8re et des dommages.<\/p>\n<p>+ Design simple : parfait pour tous les environnements de bureau ou de travail.<\/p>\n<p>Choisissez ce classeur pour vos documents importants!*<\/p>","protected":false},"excerpt":{"rendered":"<p>Un classeur fiable et \u00e9l\u00e9gant Le classeur Swiss Standard est une excellente option pour archiver un grand nombre de feuilles A4 ou de manchons d&rsquo;un usage quotidien. Gr\u00e2ce \u00e0 son mat\u00e9riau r\u00e9sistant, il durera longtemps: il conservera vos documen<\/p>","protected":false},"featured_media":30452,"comment_status":"open","ping_status":"closed","template":"","meta":[],"product_brand":[],"product_cat":[137],"product_tag":[],"class_list":{"0":"post-30453","1":"product","2":"type-product","3":"status-publish","4":"has-post-thumbnail","6":"product_cat-article-offic","8":"first","9":"instock","10":"shipping-taxable","11":"purchasable","12":"product-type-simple"},"_links":{"self":[{"href":"https:\/\/topprixsarl.ch\/en\/wp-json\/wp\/v2\/product\/30453","targetHints":{"allow":["GET"]}}],"collection":[{"href":"https:\/\/topprixsarl.ch\/en\/wp-json\/wp\/v2\/product"}],"about":[{"href":"https:\/\/topprixsarl.ch\/en\/wp-json\/wp\/v2\/types\/product"}],"replies":[{"embeddable":true,"href":"https:\/\/topprixsarl.ch\/en\/wp-json\/wp\/v2\/comments?post=30453"}],"version-history":[{"count":3,"href":"https:\/\/topprixsarl.ch\/en\/wp-json\/wp\/v2\/product\/30453\/revisions"}],"predecessor-version":[{"id":33338,"href":"https:\/\/topprixsarl.ch\/en\/wp-json\/wp\/v2\/product\/30453\/revisions\/33338"}],"wp:featuredmedia":[{"embeddable":true,"href":"https:\/\/topprixsarl.ch\/en\/wp-json\/wp\/v2\/media\/30452"}],"wp:attachment":[{"href":"https:\/\/topprixsarl.ch\/en\/wp-json\/wp\/v2\/media?parent=30453"}],"wp:term":[{"taxonomy":"product_brand","embeddable":true,"href":"https:\/\/topprixsarl.ch\/en\/wp-json\/wp\/v2\/product_brand?post=30453"},{"taxonomy":"product_cat","embeddable":true,"href":"https:\/\/topprixsarl.ch\/en\/wp-json\/wp\/v2\/product_cat?post=30453"},{"taxonomy":"product_tag","embeddable":true,"href":"https:\/\/topprixsarl.ch\/en\/wp-json\/wp\/v2\/product_tag?post=30453"}],"curies":[{"name":"wp","href":"https:\/\/api.w.org\/{rel}","templated":true}]}}