{"id":30443,"date":"2026-01-09T13:30:11","date_gmt":"2026-01-09T13:30:11","guid":{"rendered":"https:\/\/topprixsarl.ch\/product\/classeur-lyreco-swiss-standard-a4-4-cm-noir\/"},"modified":"2026-01-14T14:20:25","modified_gmt":"2026-01-14T14:20:25","slug":"classeur-lyreco-swiss-standard-a4-4-cm-noir","status":"publish","type":"product","link":"https:\/\/topprixsarl.ch\/en\/product\/classeur-lyreco-swiss-standard-a4-4-cm-noir\/","title":{"rendered":"Classeur Swiss Standard A4, 4 cm, noir"},"content":{"rendered":"<p>Ne perdez pas vos documents! <\/p>\n<p>Avez-vous d\u00e9j\u00e0 perdu une information importante parce que c&rsquo;\u00e9tait \u00e9crit sur des feuilles volantes? Ce n&rsquo;\u00e9tait pas une situation si agr\u00e9able, n&rsquo;est-ce pas? <\/p>\n<p>Avec le classeur Swiss Standard, vous n&rsquo;aurez plus besoin de revivre cette exp\u00e9rience. <\/p>\n<p>+ Pratique pour ranger les feuilles perfor\u00e9es et les manchons. <\/p>\n<p>Fabriqu\u00e9 en carton robuste et en plastique, il pr\u00e9servera vos documents, les prot\u00e9geant des taches, de la lumi\u00e8re et des dommages mineurs. <\/p>\n<p>+ Design classique et toujours actuel, il s&rsquo;adapte parfaitement \u00e0 tout type de bureau ou d&rsquo;environnement de travail. <\/p>\n<p>Achetez un classeur Swiss Standard!<\/p>","protected":false},"excerpt":{"rendered":"<p>Ne perdez pas vos documents! Avez-vous d\u00e9j\u00e0 perdu une information importante parce que c&rsquo;\u00e9tait \u00e9crit sur des feuilles volantes? Ce n&rsquo;\u00e9tait pas une situation si agr\u00e9able, n&rsquo;est-ce pas? Avec le classeur Swiss Standard, vous n&rsquo;aurez plus besoin d<\/p>","protected":false},"featured_media":30442,"comment_status":"open","ping_status":"closed","template":"","meta":[],"product_brand":[],"product_cat":[137],"product_tag":[],"class_list":{"0":"post-30443","1":"product","2":"type-product","3":"status-publish","4":"has-post-thumbnail","6":"product_cat-article-offic","8":"first","9":"instock","10":"shipping-taxable","11":"purchasable","12":"product-type-simple"},"_links":{"self":[{"href":"https:\/\/topprixsarl.ch\/en\/wp-json\/wp\/v2\/product\/30443","targetHints":{"allow":["GET"]}}],"collection":[{"href":"https:\/\/topprixsarl.ch\/en\/wp-json\/wp\/v2\/product"}],"about":[{"href":"https:\/\/topprixsarl.ch\/en\/wp-json\/wp\/v2\/types\/product"}],"replies":[{"embeddable":true,"href":"https:\/\/topprixsarl.ch\/en\/wp-json\/wp\/v2\/comments?post=30443"}],"version-history":[{"count":3,"href":"https:\/\/topprixsarl.ch\/en\/wp-json\/wp\/v2\/product\/30443\/revisions"}],"predecessor-version":[{"id":33343,"href":"https:\/\/topprixsarl.ch\/en\/wp-json\/wp\/v2\/product\/30443\/revisions\/33343"}],"wp:featuredmedia":[{"embeddable":true,"href":"https:\/\/topprixsarl.ch\/en\/wp-json\/wp\/v2\/media\/30442"}],"wp:attachment":[{"href":"https:\/\/topprixsarl.ch\/en\/wp-json\/wp\/v2\/media?parent=30443"}],"wp:term":[{"taxonomy":"product_brand","embeddable":true,"href":"https:\/\/topprixsarl.ch\/en\/wp-json\/wp\/v2\/product_brand?post=30443"},{"taxonomy":"product_cat","embeddable":true,"href":"https:\/\/topprixsarl.ch\/en\/wp-json\/wp\/v2\/product_cat?post=30443"},{"taxonomy":"product_tag","embeddable":true,"href":"https:\/\/topprixsarl.ch\/en\/wp-json\/wp\/v2\/product_tag?post=30443"}],"curies":[{"name":"wp","href":"https:\/\/api.w.org\/{rel}","templated":true}]}}