{"id":30435,"date":"2026-01-09T13:29:17","date_gmt":"2026-01-09T13:29:17","guid":{"rendered":"https:\/\/topprixsarl.ch\/product\/repertoire-pour-classeur-kolma-longlife-1910420-a4-plast-10-pieces-coul\/"},"modified":"2026-01-14T14:20:25","modified_gmt":"2026-01-14T14:20:25","slug":"repertoire-pour-classeur-kolma-longlife-1910420-a4-plast-10-pieces-coul","status":"publish","type":"product","link":"https:\/\/topprixsarl.ch\/en\/product-2\/repertoire-pour-classeur-kolma-longlife-1910420-a4-plast-10-pieces-coul\/","title":{"rendered":"R\u00e9pertoire pour classeur Kolma LongLife 1910420 A4, plast., 10 pi\u00e8ces, coul."},"content":{"rendered":"<p>Mat\u00e9riau durable, r\u00e9sistant et ind\u00e9chirable.<\/p>\n<p>Neutre avec page de garde inscriptible.<\/p>\n<p>Perforation 3&#215;8 cm, ovale.<\/p>\n<p>Conditionnement original: 10 pi\u00e8ces.<\/p>\n<p>Prix par pi\u00e8ce.<\/p>\n<p>+ Mat\u00e9riau durable et r\u00e9sistant<br \/>\n+ Ind\u00e9chirable<br \/>\n+ Page de garde inscriptible<br \/>\n+ Perforation de 3&#215;8 cm, ovale<br \/>\n+ Conditionnement de 10 pi\u00e8ces<br \/>\n+ Prix par pi\u00e8ce*<\/p>","protected":false},"excerpt":{"rendered":"<p>Mat\u00e9riau durable, r\u00e9sistant et ind\u00e9chirable. Neutre avec page de garde inscriptible. Perforation 3&#215;8 cm, ovale. Conditionnement original: 10 pi\u00e8ces. Prix par pi\u00e8ce.<\/p>","protected":false},"featured_media":30434,"comment_status":"open","ping_status":"closed","template":"","meta":[],"product_brand":[],"product_cat":[137],"product_tag":[],"class_list":{"0":"post-30435","1":"product","2":"type-product","3":"status-publish","4":"has-post-thumbnail","6":"product_cat-papier","8":"first","9":"instock","10":"shipping-taxable","11":"purchasable","12":"product-type-simple"},"_links":{"self":[{"href":"https:\/\/topprixsarl.ch\/en\/wp-json\/wp\/v2\/product\/30435","targetHints":{"allow":["GET"]}}],"collection":[{"href":"https:\/\/topprixsarl.ch\/en\/wp-json\/wp\/v2\/product"}],"about":[{"href":"https:\/\/topprixsarl.ch\/en\/wp-json\/wp\/v2\/types\/product"}],"replies":[{"embeddable":true,"href":"https:\/\/topprixsarl.ch\/en\/wp-json\/wp\/v2\/comments?post=30435"}],"version-history":[{"count":2,"href":"https:\/\/topprixsarl.ch\/en\/wp-json\/wp\/v2\/product\/30435\/revisions"}],"predecessor-version":[{"id":32540,"href":"https:\/\/topprixsarl.ch\/en\/wp-json\/wp\/v2\/product\/30435\/revisions\/32540"}],"wp:featuredmedia":[{"embeddable":true,"href":"https:\/\/topprixsarl.ch\/en\/wp-json\/wp\/v2\/media\/30434"}],"wp:attachment":[{"href":"https:\/\/topprixsarl.ch\/en\/wp-json\/wp\/v2\/media?parent=30435"}],"wp:term":[{"taxonomy":"product_brand","embeddable":true,"href":"https:\/\/topprixsarl.ch\/en\/wp-json\/wp\/v2\/product_brand?post=30435"},{"taxonomy":"product_cat","embeddable":true,"href":"https:\/\/topprixsarl.ch\/en\/wp-json\/wp\/v2\/product_cat?post=30435"},{"taxonomy":"product_tag","embeddable":true,"href":"https:\/\/topprixsarl.ch\/en\/wp-json\/wp\/v2\/product_tag?post=30435"}],"curies":[{"name":"wp","href":"https:\/\/api.w.org\/{rel}","templated":true}]}}