{"id":30431,"date":"2026-01-09T13:28:49","date_gmt":"2026-01-09T13:28:49","guid":{"rendered":"https:\/\/topprixsarl.ch\/product\/repertoire-kolma-longlife-1911203-a4-plastique-1-12-gris\/"},"modified":"2026-01-14T14:20:25","modified_gmt":"2026-01-14T14:20:25","slug":"repertoire-kolma-longlife-1911203-a4-plastique-1-12-gris","status":"publish","type":"product","link":"https:\/\/topprixsarl.ch\/en\/product-2\/repertoire-kolma-longlife-1911203-a4-plastique-1-12-gris\/","title":{"rendered":"Addressbook Kolma LongLife 1911203 A4, plastic, 1-12, grey"},"content":{"rendered":"<p>**Description du produit :**<\/p>\n<p>Mat\u00e9riau durable, r\u00e9sistant et ind\u00e9chirable.<\/p>\n<p>+ Perforation : 3&#215;8 cm, ovale<\/p>\n<p>+ Couleur : gris<\/p>\n<p>+ Conditionnement original : 10 pi\u00e8ces<\/p>\n<p>+ Prix par pi\u00e8ce<\/p>\n<p>*Notes de bas de page :*<\/p>","protected":false},"excerpt":{"rendered":"<p>Mat\u00e9riau durable, r\u00e9sistant et ind\u00e9chirable. Perforation 3&#215;8 cm, ovale. Couleur: gris. Conditionnement original: 10 pi\u00e8ces. Prix par pi\u00e8ce.<\/p>","protected":false},"featured_media":30430,"comment_status":"open","ping_status":"closed","template":"","meta":[],"product_brand":[],"product_cat":[138],"product_tag":[],"class_list":{"0":"post-30431","1":"product","2":"type-product","3":"status-publish","4":"has-post-thumbnail","6":"product_cat-sac-a-dechet","8":"first","9":"instock","10":"shipping-taxable","11":"purchasable","12":"product-type-simple"},"_links":{"self":[{"href":"https:\/\/topprixsarl.ch\/en\/wp-json\/wp\/v2\/product\/30431","targetHints":{"allow":["GET"]}}],"collection":[{"href":"https:\/\/topprixsarl.ch\/en\/wp-json\/wp\/v2\/product"}],"about":[{"href":"https:\/\/topprixsarl.ch\/en\/wp-json\/wp\/v2\/types\/product"}],"replies":[{"embeddable":true,"href":"https:\/\/topprixsarl.ch\/en\/wp-json\/wp\/v2\/comments?post=30431"}],"version-history":[{"count":2,"href":"https:\/\/topprixsarl.ch\/en\/wp-json\/wp\/v2\/product\/30431\/revisions"}],"predecessor-version":[{"id":32538,"href":"https:\/\/topprixsarl.ch\/en\/wp-json\/wp\/v2\/product\/30431\/revisions\/32538"}],"wp:featuredmedia":[{"embeddable":true,"href":"https:\/\/topprixsarl.ch\/en\/wp-json\/wp\/v2\/media\/30430"}],"wp:attachment":[{"href":"https:\/\/topprixsarl.ch\/en\/wp-json\/wp\/v2\/media?parent=30431"}],"wp:term":[{"taxonomy":"product_brand","embeddable":true,"href":"https:\/\/topprixsarl.ch\/en\/wp-json\/wp\/v2\/product_brand?post=30431"},{"taxonomy":"product_cat","embeddable":true,"href":"https:\/\/topprixsarl.ch\/en\/wp-json\/wp\/v2\/product_cat?post=30431"},{"taxonomy":"product_tag","embeddable":true,"href":"https:\/\/topprixsarl.ch\/en\/wp-json\/wp\/v2\/product_tag?post=30431"}],"curies":[{"name":"wp","href":"https:\/\/api.w.org\/{rel}","templated":true}]}}