{"id":30429,"date":"2026-01-09T13:28:34","date_gmt":"2026-01-09T13:28:34","guid":{"rendered":"https:\/\/topprixsarl.ch\/product\/repertoire-kolma-a4-pp-januar-dezember-gris\/"},"modified":"2026-01-14T14:20:25","modified_gmt":"2026-01-14T14:20:25","slug":"repertoire-kolma-a4-pp-januar-dezember-gris","status":"publish","type":"product","link":"https:\/\/topprixsarl.ch\/en\/product-2\/repertoire-kolma-a4-pp-januar-dezember-gris\/","title":{"rendered":"R\u00e9pertoire Kolma A4, PP, Januar-Dezember, gris"},"content":{"rendered":"<p>Triez vos documents avec Kolma !<\/p>\n<p>Les fiches Kolma A4, divis\u00e9es en 12 sections de janvier \u00e0 d\u00e9cembre, trient vos documents mensuellement &#8211; ce qui peut \u00eatre tr\u00e8s utile pour la planification du travail.<\/p>\n<p>+ Fiches A4 divis\u00e9es en 12 sections pour une organisation mensuelle<\/p>\n<p>+ Fabriqu\u00e9es en propyl\u00e8ne r\u00e9sistant pour une durabilit\u00e9 accrue<\/p>\n<p>+ Style simple et moderne, adapt\u00e9 \u00e0 diff\u00e9rents types de papiers<\/p>\n<p>Essayez les fiches Kolma A4 !<\/p>","protected":false},"excerpt":{"rendered":"<p>Triez vos documents avec Kolma! Les fiches Kolma A4, divis\u00e9es en 12 sections de janvier \u00e0 d\u00e9cembre, trient vos documents mensuellement &#8211; ce qui peut \u00eatre tr\u00e8s utile pour la planification du travail. Comme ce produit est fait de propyl\u00e8ne r\u00e9sistant, i<\/p>","protected":false},"featured_media":30428,"comment_status":"open","ping_status":"closed","template":"","meta":[],"product_brand":[],"product_cat":[137],"product_tag":[],"class_list":{"0":"post-30429","1":"product","2":"type-product","3":"status-publish","4":"has-post-thumbnail","6":"product_cat-papier","8":"first","9":"instock","10":"shipping-taxable","11":"purchasable","12":"product-type-simple"},"_links":{"self":[{"href":"https:\/\/topprixsarl.ch\/en\/wp-json\/wp\/v2\/product\/30429","targetHints":{"allow":["GET"]}}],"collection":[{"href":"https:\/\/topprixsarl.ch\/en\/wp-json\/wp\/v2\/product"}],"about":[{"href":"https:\/\/topprixsarl.ch\/en\/wp-json\/wp\/v2\/types\/product"}],"replies":[{"embeddable":true,"href":"https:\/\/topprixsarl.ch\/en\/wp-json\/wp\/v2\/comments?post=30429"}],"version-history":[{"count":2,"href":"https:\/\/topprixsarl.ch\/en\/wp-json\/wp\/v2\/product\/30429\/revisions"}],"predecessor-version":[{"id":32537,"href":"https:\/\/topprixsarl.ch\/en\/wp-json\/wp\/v2\/product\/30429\/revisions\/32537"}],"wp:featuredmedia":[{"embeddable":true,"href":"https:\/\/topprixsarl.ch\/en\/wp-json\/wp\/v2\/media\/30428"}],"wp:attachment":[{"href":"https:\/\/topprixsarl.ch\/en\/wp-json\/wp\/v2\/media?parent=30429"}],"wp:term":[{"taxonomy":"product_brand","embeddable":true,"href":"https:\/\/topprixsarl.ch\/en\/wp-json\/wp\/v2\/product_brand?post=30429"},{"taxonomy":"product_cat","embeddable":true,"href":"https:\/\/topprixsarl.ch\/en\/wp-json\/wp\/v2\/product_cat?post=30429"},{"taxonomy":"product_tag","embeddable":true,"href":"https:\/\/topprixsarl.ch\/en\/wp-json\/wp\/v2\/product_tag?post=30429"}],"curies":[{"name":"wp","href":"https:\/\/api.w.org\/{rel}","templated":true}]}}