{"id":30413,"date":"2026-01-09T13:26:33","date_gmt":"2026-01-09T13:26:33","guid":{"rendered":"https:\/\/topprixsarl.ch\/product\/classeur-bisley-2-rails-8-x-a4-gris-clair\/"},"modified":"2026-04-11T01:26:21","modified_gmt":"2026-04-11T01:26:21","slug":"classeur-bisley-2-rails-8-x-a4-gris-clair","status":"publish","type":"product","link":"https:\/\/topprixsarl.ch\/en\/product\/classeur-bisley-2-rails-8-x-a4-gris-clair\/","title":{"rendered":"Classeur Bisley, 2 rails, 8 x A4, gris clair"},"content":{"rendered":"<p>Stockage des dossiers suspendus pendant des ann\u00e9es<\/p>\n<p>Il y a quelques mois, une armoire de classement tant attendue a \u00e9t\u00e9 livr\u00e9e pour simplifier votre travail avec les dossiers. Mais la joie fut de courte dur\u00e9e! Votre armoire est sit\u00f4t hors fonction. C&rsquo;est affreux!<\/p>\n<p>Les armoires de rangement de Bisley garantissent un travail durable, m\u00eame lorsque d&rsquo;autres meubles de bureau deviennent inutilisables. Bisley est un sp\u00e9cialiste britannique classique du rangement qui propose une large gamme de produits pour organiser votre espace de travail.<\/p>\n<p>+ Armoire pratique pour un stockage fiable et de longue dur\u00e9e des dossiers suspendus.<br \/>\n+ Placez vos dossiers dans chaque compartiment pour les prot\u00e9ger contre les pertes et les dommages!<br \/>\n+ \u00c9tiquetez le contenu gr\u00e2ce au support sp\u00e9cial pour \u00e9viter toute confusion.<br \/>\n+ Construction m\u00e9tallique durable pour stocker en toute s\u00e9curit\u00e9 les documents confidentiels en les verrouillant \u00e0 cl\u00e9.<br \/>\n+ Fabriqu\u00e9e \u00e0 partir d&rsquo;un mat\u00e9riau solide, cette armoire durera longtemps.  <\/p>\n<p>Faites le bon choix pour ranger vos documents de travail!  <\/p>\n<p>&gt; 5-year warranty<\/p>","protected":false},"excerpt":{"rendered":"<p>Stockage des dossiers suspendus pendant des ann\u00e9es Il y a quelques mois, une armoire de classement tant attendue a \u00e9t\u00e9 livr\u00e9e pour simplifier votre travail avec les dossiers. Mais la joie fut de courte dur\u00e9e! Votre armoire est sit\u00f4t hors fonction. C&rsquo;<\/p>","protected":false},"featured_media":30412,"comment_status":"open","ping_status":"closed","template":"","meta":[],"product_brand":[],"product_cat":[143],"product_tag":[],"class_list":{"0":"post-30413","1":"product","2":"type-product","3":"status-publish","4":"has-post-thumbnail","6":"product_cat-nettoyage","8":"first","9":"instock","10":"shipping-taxable","11":"purchasable","12":"product-type-simple"},"_links":{"self":[{"href":"https:\/\/topprixsarl.ch\/en\/wp-json\/wp\/v2\/product\/30413","targetHints":{"allow":["GET"]}}],"collection":[{"href":"https:\/\/topprixsarl.ch\/en\/wp-json\/wp\/v2\/product"}],"about":[{"href":"https:\/\/topprixsarl.ch\/en\/wp-json\/wp\/v2\/types\/product"}],"replies":[{"embeddable":true,"href":"https:\/\/topprixsarl.ch\/en\/wp-json\/wp\/v2\/comments?post=30413"}],"version-history":[{"count":2,"href":"https:\/\/topprixsarl.ch\/en\/wp-json\/wp\/v2\/product\/30413\/revisions"}],"predecessor-version":[{"id":32529,"href":"https:\/\/topprixsarl.ch\/en\/wp-json\/wp\/v2\/product\/30413\/revisions\/32529"}],"wp:featuredmedia":[{"embeddable":true,"href":"https:\/\/topprixsarl.ch\/en\/wp-json\/wp\/v2\/media\/30412"}],"wp:attachment":[{"href":"https:\/\/topprixsarl.ch\/en\/wp-json\/wp\/v2\/media?parent=30413"}],"wp:term":[{"taxonomy":"product_brand","embeddable":true,"href":"https:\/\/topprixsarl.ch\/en\/wp-json\/wp\/v2\/product_brand?post=30413"},{"taxonomy":"product_cat","embeddable":true,"href":"https:\/\/topprixsarl.ch\/en\/wp-json\/wp\/v2\/product_cat?post=30413"},{"taxonomy":"product_tag","embeddable":true,"href":"https:\/\/topprixsarl.ch\/en\/wp-json\/wp\/v2\/product_tag?post=30413"}],"curies":[{"name":"wp","href":"https:\/\/api.w.org\/{rel}","templated":true}]}}