{"id":30399,"date":"2026-01-09T13:24:51","date_gmt":"2026-01-09T13:24:51","guid":{"rendered":"https:\/\/topprixsarl.ch\/product\/stylo-a-bille-caran-dache-825-rouge\/"},"modified":"2026-01-14T14:20:27","modified_gmt":"2026-01-14T14:20:27","slug":"stylo-a-bille-caran-dache-825-rouge","status":"publish","type":"product","link":"https:\/\/topprixsarl.ch\/en\/product-2\/stylo-a-bille-caran-dache-825-rouge\/","title":{"rendered":"Stylo \u00e0 bille Caran d&rsquo;Ache 825, rouge"},"content":{"rendered":"<p>Pour obtenir de jolis caract\u00e8res, comme s&rsquo;ils avaient \u00e9t\u00e9 peints. <\/p>\n<p>Tous ceux qui \u00e9crivent beaucoup savent \u00e0 quel point le stylo \u00e0 bille de la marque Caran d&rsquo;Ache peut faciliter le travail au quotidien. <\/p>\n<p>+ Confortable \u00e0 utiliser et particuli\u00e8rement durable. <\/p>\n<p>Il vous permet ainsi d&rsquo;obtenir des caract\u00e8res r\u00e9guliers, m\u00eame pour des textes plus longs. <\/p>\n<p>+ Design bien pens\u00e9 qui donne une image professionnelle jusque dans les moindres d\u00e9tails. <\/p>\n<p>Le produit utilise une encre p\u00e2teuse s\u00e9chant rapidement gr\u00e2ce \u00e0 laquelle votre \u00e9criture sera claire et nette. <\/p>\n<p>+ Pointe ogive, un v\u00e9ritable classique. <\/p>\n<p>La couleur rouge est intense et contribue aux r\u00e9sultats brillants. <\/p>\n<p>Utilisez toujours cet outil lorsqu&rsquo;il faut faire preuve de vari\u00e9t\u00e9. <\/p>\n<p>+ Fait pour la perfection, il permet d&rsquo;obtenir un r\u00e9sultat facilement visible et qui vous convaincra par sa durabilit\u00e9. <\/p>\n<p>De plus, son design est tel qu&rsquo;il peut \u00e9galement \u00eatre utilis\u00e9 pour diff\u00e9rentes t\u00e2ches. <\/p>\n<p>+ Lignes expressives en s\u00e9rie : commandez cet article d\u00e8s maintenant!<\/p>","protected":false},"excerpt":{"rendered":"<p>Pour obtenir de jolis caract\u00e8res, comme s&rsquo;ils avaient \u00e9t\u00e9 peints Tous ceux qui \u00e9crivent beaucoup savent \u00e0 quel point le stylo \u00e0 bille de la marque Caran d&rsquo;Ache peut faciliter le travail au quotidien. Il est tr\u00e8s confortable \u00e0 utiliser et particuli\u00e8re<\/p>","protected":false},"featured_media":30398,"comment_status":"open","ping_status":"closed","template":"","meta":[],"product_brand":[],"product_cat":[137],"product_tag":[],"class_list":{"0":"post-30399","1":"product","2":"type-product","3":"status-publish","4":"has-post-thumbnail","6":"product_cat-papier","8":"first","9":"instock","10":"shipping-taxable","11":"purchasable","12":"product-type-simple"},"_links":{"self":[{"href":"https:\/\/topprixsarl.ch\/en\/wp-json\/wp\/v2\/product\/30399","targetHints":{"allow":["GET"]}}],"collection":[{"href":"https:\/\/topprixsarl.ch\/en\/wp-json\/wp\/v2\/product"}],"about":[{"href":"https:\/\/topprixsarl.ch\/en\/wp-json\/wp\/v2\/types\/product"}],"replies":[{"embeddable":true,"href":"https:\/\/topprixsarl.ch\/en\/wp-json\/wp\/v2\/comments?post=30399"}],"version-history":[{"count":2,"href":"https:\/\/topprixsarl.ch\/en\/wp-json\/wp\/v2\/product\/30399\/revisions"}],"predecessor-version":[{"id":32522,"href":"https:\/\/topprixsarl.ch\/en\/wp-json\/wp\/v2\/product\/30399\/revisions\/32522"}],"wp:featuredmedia":[{"embeddable":true,"href":"https:\/\/topprixsarl.ch\/en\/wp-json\/wp\/v2\/media\/30398"}],"wp:attachment":[{"href":"https:\/\/topprixsarl.ch\/en\/wp-json\/wp\/v2\/media?parent=30399"}],"wp:term":[{"taxonomy":"product_brand","embeddable":true,"href":"https:\/\/topprixsarl.ch\/en\/wp-json\/wp\/v2\/product_brand?post=30399"},{"taxonomy":"product_cat","embeddable":true,"href":"https:\/\/topprixsarl.ch\/en\/wp-json\/wp\/v2\/product_cat?post=30399"},{"taxonomy":"product_tag","embeddable":true,"href":"https:\/\/topprixsarl.ch\/en\/wp-json\/wp\/v2\/product_tag?post=30399"}],"curies":[{"name":"wp","href":"https:\/\/api.w.org\/{rel}","templated":true}]}}