{"id":30389,"date":"2026-01-09T13:23:37","date_gmt":"2026-01-09T13:23:37","guid":{"rendered":"https:\/\/topprixsarl.ch\/product\/crayon-graphite-caran-dache-341-moyen-no-2-rouge-fonce-emb-a-12-pces\/"},"modified":"2026-01-14T14:21:19","modified_gmt":"2026-01-14T14:21:19","slug":"crayon-graphite-caran-dache-341-moyen-no-2-rouge-fonce-emb-a-12-pces","status":"publish","type":"product","link":"https:\/\/topprixsarl.ch\/en\/product\/crayon-graphite-caran-dache-341-moyen-no-2-rouge-fonce-emb-a-12-pces\/","title":{"rendered":"Crayon graphite Caran d&rsquo;Ache 341 moyen, no. 2 rouge fonc\u00e9, emb. \u00e0 12 pces."},"content":{"rendered":"<p>Simple et pratique<\/p>\n<p>Un crayon doit \u00eatre simple et universel. Le Caran D&rsquo;Ache n. 2 r\u00e9pond \u00e0 tous ces pr\u00e9requis. <\/p>\n<p>+ Utilisation polyvalente : Il peut \u00eatre utilis\u00e9 pour dessiner, cr\u00e9er des projets et \u00e9crire des notes. <\/p>\n<p>+ Design simple : Gr\u00e2ce \u00e0 son design simple, ce produit est parfait pour toutes vos t\u00e2ches quotidiennes au bureau. <\/p>\n<p>+ Choix id\u00e9al : C\u2019est vraiment le choix meilleur pour un environnement professionnel. <\/p>\n<p>\u00c9crivez et dessinez tout ce que vous voulez! <\/p>\n<p>*Notes de bas de page : *<\/p>","protected":false},"excerpt":{"rendered":"<p>Simple et pratique Un crayon doit \u00eatre simple et universel. Le Caran D&rsquo;Ache n. 2 r\u00e9pond \u00e0 tous ces pr\u00e9requis. Il peut \u00eatre utilis\u00e9 pour dessiner, cr\u00e9er des projets et \u00e9crire des notes. Gr\u00e2ce \u00e0 son design simple, ce produit est parfait pour toutes vos<\/p>","protected":false},"featured_media":30388,"comment_status":"open","ping_status":"closed","template":"","meta":[],"product_brand":[],"product_cat":[137],"product_tag":[],"class_list":{"0":"post-30389","1":"product","2":"type-product","3":"status-publish","4":"has-post-thumbnail","6":"product_cat-article-offic","8":"first","9":"instock","10":"shipping-taxable","11":"purchasable","12":"product-type-simple"},"_links":{"self":[{"href":"https:\/\/topprixsarl.ch\/en\/wp-json\/wp\/v2\/product\/30389","targetHints":{"allow":["GET"]}}],"collection":[{"href":"https:\/\/topprixsarl.ch\/en\/wp-json\/wp\/v2\/product"}],"about":[{"href":"https:\/\/topprixsarl.ch\/en\/wp-json\/wp\/v2\/types\/product"}],"replies":[{"embeddable":true,"href":"https:\/\/topprixsarl.ch\/en\/wp-json\/wp\/v2\/comments?post=30389"}],"version-history":[{"count":2,"href":"https:\/\/topprixsarl.ch\/en\/wp-json\/wp\/v2\/product\/30389\/revisions"}],"predecessor-version":[{"id":32517,"href":"https:\/\/topprixsarl.ch\/en\/wp-json\/wp\/v2\/product\/30389\/revisions\/32517"}],"wp:featuredmedia":[{"embeddable":true,"href":"https:\/\/topprixsarl.ch\/en\/wp-json\/wp\/v2\/media\/30388"}],"wp:attachment":[{"href":"https:\/\/topprixsarl.ch\/en\/wp-json\/wp\/v2\/media?parent=30389"}],"wp:term":[{"taxonomy":"product_brand","embeddable":true,"href":"https:\/\/topprixsarl.ch\/en\/wp-json\/wp\/v2\/product_brand?post=30389"},{"taxonomy":"product_cat","embeddable":true,"href":"https:\/\/topprixsarl.ch\/en\/wp-json\/wp\/v2\/product_cat?post=30389"},{"taxonomy":"product_tag","embeddable":true,"href":"https:\/\/topprixsarl.ch\/en\/wp-json\/wp\/v2\/product_tag?post=30389"}],"curies":[{"name":"wp","href":"https:\/\/api.w.org\/{rel}","templated":true}]}}