{"id":30385,"date":"2026-01-09T13:23:06","date_gmt":"2026-01-09T13:23:06","guid":{"rendered":"https:\/\/topprixsarl.ch\/product\/mines-de-crayon-caran-dache-6077-2-mm-2h-boite-de-12-mines\/"},"modified":"2026-01-14T14:21:19","modified_gmt":"2026-01-14T14:21:19","slug":"mines-de-crayon-caran-dache-6077-2-mm-2h-boite-de-12-mines","status":"publish","type":"product","link":"https:\/\/topprixsarl.ch\/en\/product\/mines-de-crayon-caran-dache-6077-2-mm-2h-boite-de-12-mines\/","title":{"rendered":"Mines de crayon Caran d&rsquo;Ache 6077, 2 mm, 2H, bo\u00eete de 12 mines"},"content":{"rendered":"<p>Mines en graphite rempla\u00e7ables de qualit\u00e9 suisse<\/p>\n<p>Les porte-mines modernes sont beaucoup plus pratiques \u00e0 utiliser que les porte-mines traditionnels en bois. Ils sont faciles \u00e0 transporter gr\u00e2ce \u00e0 leur clip pratique et il n\u2019est pas n\u00e9cessaire de les tailler. <\/p>\n<p>Mais, \u00e9crire avec un porte-mines tr\u00e8s \u00e9l\u00e9gant avec des mines de qualit\u00e9 m\u00e9diocre n\u2019est pas la solution. Vous avez besoin de mines r\u00e9sistantes et fiables. <\/p>\n<p>+ Les experts suisses Caran d&rsquo;Ache ont une grande exp\u00e9rience dans la fabrication de crayons et de mines de rechange de haute qualit\u00e9. <\/p>\n<p>+ Ces mines 2H sont id\u00e9ales pour le dessin ou l&rsquo;\u00e9criture. <\/p>\n<p>+ Dessinez une ligne pr\u00e9cise et ressentez de la satisfaction. <\/p>\n<p>Les mines non utilis\u00e9es se conservent plus longtemps \u00e0 l\u2019int\u00e9rieur du crayon et dans la bo\u00eete de rangement qui les prot\u00e8ge de la pression. <\/p>\n<p>+ Rangez-les dans votre sac, dans votre poche, sur votre bureau &#8211; tout ira bien!<\/p>\n<p>Un paquet se compose de douze mines de remplacement de haute qualit\u00e9 pour une rentabilit\u00e9 \u00e0 long terme. <\/p>\n<p>+ Remplacez la mine et continuez \u00e0 \u00e9crire!<\/p>","protected":false},"excerpt":{"rendered":"<p>Mines en graphite rempla\u00e7ables de qualit\u00e9 suisse Les porte-mines modernes sont beaucoup plus pratiques \u00e0 utiliser que les porte-mines traditionnels en bois. Ils sont faciles \u00e0 transporter gr\u00e2ce \u00e0 leur clip pratique et il n\u2019est pas n\u00e9cessaire de les t<\/p>","protected":false},"featured_media":30384,"comment_status":"open","ping_status":"closed","template":"","meta":[],"product_brand":[],"product_cat":[137],"product_tag":[],"class_list":{"0":"post-30385","1":"product","2":"type-product","3":"status-publish","4":"has-post-thumbnail","6":"product_cat-article-offic","8":"first","9":"instock","10":"shipping-taxable","11":"purchasable","12":"product-type-simple"},"_links":{"self":[{"href":"https:\/\/topprixsarl.ch\/en\/wp-json\/wp\/v2\/product\/30385","targetHints":{"allow":["GET"]}}],"collection":[{"href":"https:\/\/topprixsarl.ch\/en\/wp-json\/wp\/v2\/product"}],"about":[{"href":"https:\/\/topprixsarl.ch\/en\/wp-json\/wp\/v2\/types\/product"}],"replies":[{"embeddable":true,"href":"https:\/\/topprixsarl.ch\/en\/wp-json\/wp\/v2\/comments?post=30385"}],"version-history":[{"count":2,"href":"https:\/\/topprixsarl.ch\/en\/wp-json\/wp\/v2\/product\/30385\/revisions"}],"predecessor-version":[{"id":32515,"href":"https:\/\/topprixsarl.ch\/en\/wp-json\/wp\/v2\/product\/30385\/revisions\/32515"}],"wp:featuredmedia":[{"embeddable":true,"href":"https:\/\/topprixsarl.ch\/en\/wp-json\/wp\/v2\/media\/30384"}],"wp:attachment":[{"href":"https:\/\/topprixsarl.ch\/en\/wp-json\/wp\/v2\/media?parent=30385"}],"wp:term":[{"taxonomy":"product_brand","embeddable":true,"href":"https:\/\/topprixsarl.ch\/en\/wp-json\/wp\/v2\/product_brand?post=30385"},{"taxonomy":"product_cat","embeddable":true,"href":"https:\/\/topprixsarl.ch\/en\/wp-json\/wp\/v2\/product_cat?post=30385"},{"taxonomy":"product_tag","embeddable":true,"href":"https:\/\/topprixsarl.ch\/en\/wp-json\/wp\/v2\/product_tag?post=30385"}],"curies":[{"name":"wp","href":"https:\/\/api.w.org\/{rel}","templated":true}]}}