{"id":30373,"date":"2026-01-09T13:21:39","date_gmt":"2026-01-09T13:21:39","guid":{"rendered":"https:\/\/topprixsarl.ch\/product\/bloc-notes-elco-prestige-a4-80-g-m2-a-lignes-9-mm-50-feuilles\/"},"modified":"2026-01-14T14:21:20","modified_gmt":"2026-01-14T14:21:20","slug":"bloc-notes-elco-prestige-a4-80-g-m2-a-lignes-9-mm-50-feuilles","status":"publish","type":"product","link":"https:\/\/topprixsarl.ch\/en\/product-2\/bloc-notes-elco-prestige-a4-80-g-m2-a-lignes-9-mm-50-feuilles\/","title":{"rendered":"Elco Prestige A4 notepad, 80 g\/m2, 9 mm lines, 50 sheets"},"content":{"rendered":"<p>Pour une \u00e9criture pr\u00e9cise, \u00e9crire un beau texte sur du papier A4 ordinaire est difficile. Souvent, il n\u2019est pas lign\u00e9 et n\u2019a pas de marge. Les lettres peuvent donc avoir des formes et des tailles diff\u00e9rentes. Ce n&rsquo;est pas bon signe. <\/p>\n<p>Pour \u00e9viter ce probl\u00e8me, utilisez un bloc avec des feuilles pr\u00e9-lign\u00e9es. <\/p>\n<p>+ Chaque feuille comporte des r\u00e9glures de 9 mm et un espace dans la partie sup\u00e9rieure pour un titre. <\/p>\n<p>+ Avec une densit\u00e9 standard de 80 grammes par m\u00e8tre carr\u00e9, ces feuilles sont parfaites pour \u00e9crire, m\u00eame avec un stylo. <\/p>\n<p>Vous pouvez \u00e9crire un beau texte sur des lignes imprim\u00e9es avec pr\u00e9cision. <\/p>\n<p>+ La couleur est un autre atout. Toutes les pages sont blanchies. <\/p>\n<p>+ Les 50 feuilles extra-blanches sont parfaites pour un large \u00e9ventail de t\u00e2ches. <\/p>\n<p>Utilisez-les pour les documents internes ou pour les lettres. Une lettre \u00e9crite pour un partenaire commercial peut l&rsquo;impressionner positivement. <\/p>\n<p>Afin de faciliter l&rsquo;utilisation du bloc, toutes les feuilles ont \u00e9t\u00e9 coll\u00e9es dans la partie sup\u00e9rieure. <\/p>\n<p>+ Il suffit de prendre un stylo, d&rsquo;\u00e9crire et de d\u00e9tacher la feuille en suivant les pointill\u00e9s perfor\u00e9s. <\/p>\n<p>Vous obtiendrez une feuille A4 claire avec une belle \u00e9criture. <\/p>\n<p>\u00c9crivez avec pr\u00e9cision sur un superbe papier!<\/p>","protected":false},"excerpt":{"rendered":"<p>Pour une \u00e9criture pr\u00e9cise \u00c9crire un beau texte sur du papier A4 ordinaire est difficile. Souvent, il n\u2019est pas lign\u00e9 et n\u2019a pas de marge. Les lettres peuvent donc avoir des formes et des tailles diff\u00e9rentes. Ce n&rsquo;est pas bon signe. Pour \u00e9viter ce pro<\/p>","protected":false},"featured_media":30372,"comment_status":"open","ping_status":"closed","template":"","meta":[],"product_brand":[],"product_cat":[137],"product_tag":[],"class_list":{"0":"post-30373","1":"product","2":"type-product","3":"status-publish","4":"has-post-thumbnail","6":"product_cat-papier","8":"first","9":"instock","10":"shipping-taxable","11":"purchasable","12":"product-type-simple"},"_links":{"self":[{"href":"https:\/\/topprixsarl.ch\/en\/wp-json\/wp\/v2\/product\/30373","targetHints":{"allow":["GET"]}}],"collection":[{"href":"https:\/\/topprixsarl.ch\/en\/wp-json\/wp\/v2\/product"}],"about":[{"href":"https:\/\/topprixsarl.ch\/en\/wp-json\/wp\/v2\/types\/product"}],"replies":[{"embeddable":true,"href":"https:\/\/topprixsarl.ch\/en\/wp-json\/wp\/v2\/comments?post=30373"}],"version-history":[{"count":2,"href":"https:\/\/topprixsarl.ch\/en\/wp-json\/wp\/v2\/product\/30373\/revisions"}],"predecessor-version":[{"id":32509,"href":"https:\/\/topprixsarl.ch\/en\/wp-json\/wp\/v2\/product\/30373\/revisions\/32509"}],"wp:featuredmedia":[{"embeddable":true,"href":"https:\/\/topprixsarl.ch\/en\/wp-json\/wp\/v2\/media\/30372"}],"wp:attachment":[{"href":"https:\/\/topprixsarl.ch\/en\/wp-json\/wp\/v2\/media?parent=30373"}],"wp:term":[{"taxonomy":"product_brand","embeddable":true,"href":"https:\/\/topprixsarl.ch\/en\/wp-json\/wp\/v2\/product_brand?post=30373"},{"taxonomy":"product_cat","embeddable":true,"href":"https:\/\/topprixsarl.ch\/en\/wp-json\/wp\/v2\/product_cat?post=30373"},{"taxonomy":"product_tag","embeddable":true,"href":"https:\/\/topprixsarl.ch\/en\/wp-json\/wp\/v2\/product_tag?post=30373"}],"curies":[{"name":"wp","href":"https:\/\/api.w.org\/{rel}","templated":true}]}}