{"id":30371,"date":"2026-01-09T13:21:25","date_gmt":"2026-01-09T13:21:25","guid":{"rendered":"https:\/\/topprixsarl.ch\/product\/enveloppes-elco-office-c5-sans-fenetre-100-g-m2-blanc\/"},"modified":"2026-01-14T14:21:20","modified_gmt":"2026-01-14T14:21:20","slug":"enveloppes-elco-office-c5-sans-fenetre-100-g-m2-blanc","status":"publish","type":"product","link":"https:\/\/topprixsarl.ch\/en\/product-2\/enveloppes-elco-office-c5-sans-fenetre-100-g-m2-blanc\/","title":{"rendered":"Enveloppes Elco Office, C5, sans fen\u00eatre, 100 g\/m2, blanc"},"content":{"rendered":"<p>Fourniture de courrier \u00e9cologique<\/p>\n<p>Les cabinets d&rsquo;avocats, les agences immobili\u00e8res et les organisations gouvernementales communiquent toujours avec leurs clients par courrier papier. Il est essentiel de les associer \u00e0 des enveloppes de la meilleure qualit\u00e9. <\/p>\n<p>La soci\u00e9t\u00e9 suisse Elco est l&rsquo;un des principaux fournisseurs d&rsquo;enveloppes de ce type. <\/p>\n<p>+ Format C5 (A5) (162mm x 229mm)<br \/>\n+ Enveloppes livr\u00e9es dans une bo\u00eete servant de distributeur &#8211; il est facile d&rsquo;en sortir une ou plusieurs sans d\u00e9baller toute la bo\u00eete.<br \/>\n+ Emballage sous enveloppe simple, utile et peu encombrant.<br \/>\n+ Fermeture avec patte auto-adh\u00e9sive pour un scellage rapide et s\u00fbr.<br \/>\n+ Enveloppes sans fen\u00eatre d&rsquo;adresse, faciles \u00e0 \u00e9crire avec un stylo ou un marqueur ou \u00e0 coller une \u00e9tiquette d&rsquo;adresse.<br \/>\n+ Blanchies sans chlore, enti\u00e8rement \u00e9cologiques et 100% recyclables!  <\/p>\n<p>Envoyez des lettres de qualit\u00e9!<\/p>","protected":false},"excerpt":{"rendered":"<p>Fourniture de courrier \u00e9cologique Les cabinets d&rsquo;avocats, les agences immobili\u00e8res et les organisations gouvernementales communiquent toujours avec leurs clients par courrier papier. Il est essentiel de les associer \u00e0 des enveloppes de la meilleure q<\/p>","protected":false},"featured_media":30370,"comment_status":"open","ping_status":"closed","template":"","meta":[],"product_brand":[],"product_cat":[137],"product_tag":[],"class_list":{"0":"post-30371","1":"product","2":"type-product","3":"status-publish","4":"has-post-thumbnail","6":"product_cat-papier","8":"first","9":"instock","10":"shipping-taxable","11":"purchasable","12":"product-type-simple"},"_links":{"self":[{"href":"https:\/\/topprixsarl.ch\/en\/wp-json\/wp\/v2\/product\/30371","targetHints":{"allow":["GET"]}}],"collection":[{"href":"https:\/\/topprixsarl.ch\/en\/wp-json\/wp\/v2\/product"}],"about":[{"href":"https:\/\/topprixsarl.ch\/en\/wp-json\/wp\/v2\/types\/product"}],"replies":[{"embeddable":true,"href":"https:\/\/topprixsarl.ch\/en\/wp-json\/wp\/v2\/comments?post=30371"}],"version-history":[{"count":2,"href":"https:\/\/topprixsarl.ch\/en\/wp-json\/wp\/v2\/product\/30371\/revisions"}],"predecessor-version":[{"id":32508,"href":"https:\/\/topprixsarl.ch\/en\/wp-json\/wp\/v2\/product\/30371\/revisions\/32508"}],"wp:featuredmedia":[{"embeddable":true,"href":"https:\/\/topprixsarl.ch\/en\/wp-json\/wp\/v2\/media\/30370"}],"wp:attachment":[{"href":"https:\/\/topprixsarl.ch\/en\/wp-json\/wp\/v2\/media?parent=30371"}],"wp:term":[{"taxonomy":"product_brand","embeddable":true,"href":"https:\/\/topprixsarl.ch\/en\/wp-json\/wp\/v2\/product_brand?post=30371"},{"taxonomy":"product_cat","embeddable":true,"href":"https:\/\/topprixsarl.ch\/en\/wp-json\/wp\/v2\/product_cat?post=30371"},{"taxonomy":"product_tag","embeddable":true,"href":"https:\/\/topprixsarl.ch\/en\/wp-json\/wp\/v2\/product_tag?post=30371"}],"curies":[{"name":"wp","href":"https:\/\/api.w.org\/{rel}","templated":true}]}}