{"id":30367,"date":"2026-01-09T13:20:55","date_gmt":"2026-01-09T13:20:55","guid":{"rendered":"https:\/\/topprixsarl.ch\/product\/enveloppes-elco-premium-c5-6-sans-fenetre-100-g-m2-blanc\/"},"modified":"2026-01-14T14:21:20","modified_gmt":"2026-01-14T14:21:20","slug":"enveloppes-elco-premium-c5-6-sans-fenetre-100-g-m2-blanc","status":"publish","type":"product","link":"https:\/\/topprixsarl.ch\/en\/product\/enveloppes-elco-premium-c5-6-sans-fenetre-100-g-m2-blanc\/","title":{"rendered":"Enveloppes Elco Premium, C5\/6, sans fen\u00eatre, 100 g\/m2, blanc"},"content":{"rendered":"<p>La livraison correcte des documents essentiels<\/p>\n<p>Votre anniversaire s\u2019approche et vous voulez le c\u00e9l\u00e9brer avec vos amis et parents. Vous avez donc fait appel \u00e0 un service d\u2019organisation de vacances. Ils ont sugg\u00e9r\u00e9 des touches personnalis\u00e9es, comme l&rsquo;envoi d&rsquo;invitations individuelles dans des enveloppes de qualit\u00e9 et \u00e9l\u00e9gantes comme les Elco Premium C5\/6.<\/p>\n<p>+ Design extra-blanc avec impression int\u00e9rieure grise qui fascine au premier coup d&rsquo;\u0153il.<\/p>\n<p>+ Souligne l&rsquo;importance du message et du destinataire.<\/p>\n<p>+ Enveloppes blanchies sans chlore pour \u00e9liminer toute odeur d\u00e9sagr\u00e9able ou vapeurs toxiques.<\/p>\n<p>+ Papier r\u00e9sistant qui ne se d\u00e9chire pas pendant le transport, garantissant que la lettre parvienne intacte \u00e0 son destinataire.<\/p>\n<p>+ Fermeture simple et rapide gr\u00e2ce \u00e0 la patte auto-adh\u00e9sive qui acc\u00e9l\u00e8re le processus.<\/p>\n<p>Faites attention aux d\u00e9tails importants!*<\/p>","protected":false},"excerpt":{"rendered":"<p>La livraison correcte des documents essentiels Votre anniversaire s\u2019approche et vous voulez le c\u00e9l\u00e9brer avec vos amis et parents. Vous avez donc fait appel \u00e0 un service d\u2019organisation de vacances. Ils ont sugg\u00e9r\u00e9 des touches personnalis\u00e9es, comme l&rsquo;e<\/p>","protected":false},"featured_media":30366,"comment_status":"open","ping_status":"closed","template":"","meta":[],"product_brand":[],"product_cat":[137],"product_tag":[],"class_list":{"0":"post-30367","1":"product","2":"type-product","3":"status-publish","4":"has-post-thumbnail","6":"product_cat-article-offic","8":"first","9":"instock","10":"shipping-taxable","11":"purchasable","12":"product-type-simple"},"_links":{"self":[{"href":"https:\/\/topprixsarl.ch\/en\/wp-json\/wp\/v2\/product\/30367","targetHints":{"allow":["GET"]}}],"collection":[{"href":"https:\/\/topprixsarl.ch\/en\/wp-json\/wp\/v2\/product"}],"about":[{"href":"https:\/\/topprixsarl.ch\/en\/wp-json\/wp\/v2\/types\/product"}],"replies":[{"embeddable":true,"href":"https:\/\/topprixsarl.ch\/en\/wp-json\/wp\/v2\/comments?post=30367"}],"version-history":[{"count":2,"href":"https:\/\/topprixsarl.ch\/en\/wp-json\/wp\/v2\/product\/30367\/revisions"}],"predecessor-version":[{"id":32506,"href":"https:\/\/topprixsarl.ch\/en\/wp-json\/wp\/v2\/product\/30367\/revisions\/32506"}],"wp:featuredmedia":[{"embeddable":true,"href":"https:\/\/topprixsarl.ch\/en\/wp-json\/wp\/v2\/media\/30366"}],"wp:attachment":[{"href":"https:\/\/topprixsarl.ch\/en\/wp-json\/wp\/v2\/media?parent=30367"}],"wp:term":[{"taxonomy":"product_brand","embeddable":true,"href":"https:\/\/topprixsarl.ch\/en\/wp-json\/wp\/v2\/product_brand?post=30367"},{"taxonomy":"product_cat","embeddable":true,"href":"https:\/\/topprixsarl.ch\/en\/wp-json\/wp\/v2\/product_cat?post=30367"},{"taxonomy":"product_tag","embeddable":true,"href":"https:\/\/topprixsarl.ch\/en\/wp-json\/wp\/v2\/product_tag?post=30367"}],"curies":[{"name":"wp","href":"https:\/\/api.w.org\/{rel}","templated":true}]}}