{"id":30361,"date":"2026-01-09T13:20:14","date_gmt":"2026-01-09T13:20:14","guid":{"rendered":"https:\/\/topprixsarl.ch\/product\/enveloppes-elco-premium-34882-c4-sans-fenetre-120-g-m2-blanc\/"},"modified":"2026-01-14T14:21:20","modified_gmt":"2026-01-14T14:21:20","slug":"enveloppes-elco-premium-34882-c4-sans-fenetre-120-g-m2-blanc","status":"publish","type":"product","link":"https:\/\/topprixsarl.ch\/en\/product\/enveloppes-elco-premium-34882-c4-sans-fenetre-120-g-m2-blanc\/","title":{"rendered":"Enveloppes Elco Premium 34882, C4, sans fen\u00eatre, 120 g\/m2, blanc"},"content":{"rendered":"<p>\u00c9l\u00e9gance, confidentialit\u00e9 et respect de l\u2019environnement vont de pair.<\/p>\n<p>Lors du choix d&rsquo;un produit, pourquoi devez-vous faire des compromis sur des qualit\u00e9s importantes? C&rsquo;est trop souvent le cas : s\u2019il est \u00e9cologique, il est de mauvaise qualit\u00e9, si la qualit\u00e9 est bonne, il faut sacrifier le design. Mais, il existe un produit qui r\u00e9pond \u00e0 ces exigences : les enveloppes Elco Premium.<\/p>\n<p>+ De qualit\u00e9 tr\u00e8s \u00e9lev\u00e9e, elles ne se d\u00e9chirent pas pour arriver intactes \u00e0 leur destinataire.<\/p>\n<p>+ Pratiques et simples \u00e0 utiliser, une feuille A4 se glisse facilement \u00e0 l&rsquo;int\u00e9rieur.<\/p>\n<p>+ Sans fen\u00eatre ou ouverture sur l&rsquo;enveloppe, votre correspondance sera confidentielle.<\/p>\n<p>+ Ces enveloppes ultra-blanches ont un design qui souligne le professionnalisme de votre entreprise.<\/p>\n<p>+ Elles n\u2019ont pas \u00e9t\u00e9 blanchi au chlore pour \u00e9liminer tout risque d&rsquo;\u00e9manations toxiques.<\/p>\n<p>+ Certifi\u00e9es FSC, elles sont respectueuses de l&rsquo;environnement.<\/p>\n<p>+ Enfin, et c&rsquo;est important, elles sont \u00e9conomiques. Le paquet de 250 enveloppes vous servira pendant longtemps.<\/p>\n<p>D\u00e9couvrez l&rsquo;enveloppe parfaite!<\/p>","protected":false},"excerpt":{"rendered":"<p>\u00c9l\u00e9gance, confidentialit\u00e9 et respect de l\u2019environnement vont de pair Lors du choix d&rsquo;un produit, pourquoi devez-vous faire des compromis sur des qualit\u00e9s importantes? C&rsquo;est trop souvent le cas : s\u2019il est \u00e9cologique, il est de mauvaise qualit\u00e9, si la <\/p>","protected":false},"featured_media":30360,"comment_status":"open","ping_status":"closed","template":"","meta":[],"product_brand":[],"product_cat":[137],"product_tag":[],"class_list":{"0":"post-30361","1":"product","2":"type-product","3":"status-publish","4":"has-post-thumbnail","6":"product_cat-article-offic","8":"first","9":"instock","10":"shipping-taxable","11":"purchasable","12":"product-type-simple"},"_links":{"self":[{"href":"https:\/\/topprixsarl.ch\/en\/wp-json\/wp\/v2\/product\/30361","targetHints":{"allow":["GET"]}}],"collection":[{"href":"https:\/\/topprixsarl.ch\/en\/wp-json\/wp\/v2\/product"}],"about":[{"href":"https:\/\/topprixsarl.ch\/en\/wp-json\/wp\/v2\/types\/product"}],"replies":[{"embeddable":true,"href":"https:\/\/topprixsarl.ch\/en\/wp-json\/wp\/v2\/comments?post=30361"}],"version-history":[{"count":2,"href":"https:\/\/topprixsarl.ch\/en\/wp-json\/wp\/v2\/product\/30361\/revisions"}],"predecessor-version":[{"id":32503,"href":"https:\/\/topprixsarl.ch\/en\/wp-json\/wp\/v2\/product\/30361\/revisions\/32503"}],"wp:featuredmedia":[{"embeddable":true,"href":"https:\/\/topprixsarl.ch\/en\/wp-json\/wp\/v2\/media\/30360"}],"wp:attachment":[{"href":"https:\/\/topprixsarl.ch\/en\/wp-json\/wp\/v2\/media?parent=30361"}],"wp:term":[{"taxonomy":"product_brand","embeddable":true,"href":"https:\/\/topprixsarl.ch\/en\/wp-json\/wp\/v2\/product_brand?post=30361"},{"taxonomy":"product_cat","embeddable":true,"href":"https:\/\/topprixsarl.ch\/en\/wp-json\/wp\/v2\/product_cat?post=30361"},{"taxonomy":"product_tag","embeddable":true,"href":"https:\/\/topprixsarl.ch\/en\/wp-json\/wp\/v2\/product_tag?post=30361"}],"curies":[{"name":"wp","href":"https:\/\/api.w.org\/{rel}","templated":true}]}}