{"id":30357,"date":"2026-01-09T13:19:47","date_gmt":"2026-01-09T13:19:47","guid":{"rendered":"https:\/\/topprixsarl.ch\/product\/etiquettes-volantes-herma-6918-32-x-50-mm-blc-avec-fil-rouge100-unites\/"},"modified":"2026-01-14T14:21:21","modified_gmt":"2026-01-14T14:21:21","slug":"etiquettes-volantes-herma-6918-32-x-50-mm-blc-avec-fil-rouge100-unites","status":"publish","type":"product","link":"https:\/\/topprixsarl.ch\/en\/product\/etiquettes-volantes-herma-6918-32-x-50-mm-blc-avec-fil-rouge100-unites\/","title":{"rendered":"\u00c9tiquettes volantes Herma 6918, 32 x 50 mm, blc, avec fil rouge,100\u00a0unit\u00e9s"},"content":{"rendered":"<p>\u00c9tiquettes \u00e9l\u00e9gantes pour de nombreuses occasions<\/p>\n<p>C&rsquo;est l&rsquo;anniversaire de votre coll\u00e8gue demain et vous lui avez achet\u00e9 un beau cadeau. Vous \u00eates absolument s\u00fbr qu&rsquo;il l\u2019appr\u00e9ciera. Il faut l&rsquo;envelopper dans du papier cadeau et y apposer une jolie \u00e9tiquette Herma, accompagn\u00e9e de quelques mots d\u2019amiti\u00e9. Quelques mots d&rsquo;amiti\u00e9 sur l&rsquo;\u00e9tiquette, et il se sentira sp\u00e9cial.<\/p>\n<p>+ Ces \u00e9tiquettes Herma sont l&rsquo;une des plus jolies d\u00e9corations pour les emballages. <\/p>\n<p>+ Fabriqu\u00e9es en carton blanc, elles ont une forme pratique et un fil rouge pour les fixer \u00e0 ce que vous voulez. <\/p>\n<p>+ C&rsquo;est une solution \u00e9conomique pour d\u00e9corer de nombreux articles, des sacs, des envois ou des bo\u00eetes-cadeaux. <\/p>\n<p>+ Ces \u00e9tiquettes Herma sont livr\u00e9es en paquet de 100 pi\u00e8ces. <\/p>\n<p>+ Chaque \u00e9tiquette, au format de 50mm x 32mm, est assez compacte, mais assez grande pour \u00e9crire des informations ou des salutations. <\/p>\n<p>Faites-vous en sorte que vos clients et vos coll\u00e8gues se sentent sp\u00e9ciaux!*<\/p>","protected":false},"excerpt":{"rendered":"<p>\u00c9tiquettes \u00e9l\u00e9gantes pour de nombreuses occasions C&rsquo;est l&rsquo;anniversaire de votre coll\u00e8gue demain et vous lui avez achet\u00e9 un beau cadeau. Vous \u00eates absolument s\u00fbr qu&rsquo;il l\u2019appr\u00e9ciera. Il faut l&rsquo;envelopper dans du papier cadeau et y apposer une jolie \u00e9ti<\/p>","protected":false},"featured_media":30356,"comment_status":"open","ping_status":"closed","template":"","meta":[],"product_brand":[],"product_cat":[137],"product_tag":[],"class_list":{"0":"post-30357","1":"product","2":"type-product","3":"status-publish","4":"has-post-thumbnail","6":"product_cat-article-offic","8":"first","9":"instock","10":"shipping-taxable","11":"purchasable","12":"product-type-simple"},"_links":{"self":[{"href":"https:\/\/topprixsarl.ch\/en\/wp-json\/wp\/v2\/product\/30357","targetHints":{"allow":["GET"]}}],"collection":[{"href":"https:\/\/topprixsarl.ch\/en\/wp-json\/wp\/v2\/product"}],"about":[{"href":"https:\/\/topprixsarl.ch\/en\/wp-json\/wp\/v2\/types\/product"}],"replies":[{"embeddable":true,"href":"https:\/\/topprixsarl.ch\/en\/wp-json\/wp\/v2\/comments?post=30357"}],"version-history":[{"count":2,"href":"https:\/\/topprixsarl.ch\/en\/wp-json\/wp\/v2\/product\/30357\/revisions"}],"predecessor-version":[{"id":32501,"href":"https:\/\/topprixsarl.ch\/en\/wp-json\/wp\/v2\/product\/30357\/revisions\/32501"}],"wp:featuredmedia":[{"embeddable":true,"href":"https:\/\/topprixsarl.ch\/en\/wp-json\/wp\/v2\/media\/30356"}],"wp:attachment":[{"href":"https:\/\/topprixsarl.ch\/en\/wp-json\/wp\/v2\/media?parent=30357"}],"wp:term":[{"taxonomy":"product_brand","embeddable":true,"href":"https:\/\/topprixsarl.ch\/en\/wp-json\/wp\/v2\/product_brand?post=30357"},{"taxonomy":"product_cat","embeddable":true,"href":"https:\/\/topprixsarl.ch\/en\/wp-json\/wp\/v2\/product_cat?post=30357"},{"taxonomy":"product_tag","embeddable":true,"href":"https:\/\/topprixsarl.ch\/en\/wp-json\/wp\/v2\/product_tag?post=30357"}],"curies":[{"name":"wp","href":"https:\/\/api.w.org\/{rel}","templated":true}]}}