{"id":30343,"date":"2026-01-09T13:18:09","date_gmt":"2026-01-09T13:18:09","guid":{"rendered":"https:\/\/topprixsarl.ch\/product\/pot-a-crayons-noir\/"},"modified":"2026-01-14T14:21:21","modified_gmt":"2026-01-14T14:21:21","slug":"pot-a-crayons-noir","status":"publish","type":"product","link":"https:\/\/topprixsarl.ch\/en\/product-2\/pot-a-crayons-noir\/","title":{"rendered":"Pencil cup - black"},"content":{"rendered":"<p>Une bonne id\u00e9e pour les affaires de tous les jours<\/p>\n<p>Les porte-stylos font partie int\u00e9grante de l&rsquo;\u00e9quipement de bureau. Sans eux, le d\u00e9sordre r\u00e9gnerait sur chaque bureau : des stylos et crayons pos\u00e9s sur la table, \u00e0 c\u00f4t\u00e9 des capsules de caf\u00e9 ou coinc\u00e9s entre les papiers. C&rsquo;est un sc\u00e9nario si peu professionnel, n&rsquo;est-ce pas ? <\/p>\n<p>Si vous misez sur le professionnalisme, essayez le porte-stylos. <\/p>\n<p>+ Deux compartiments pour s\u00e9parer les objets et organiser le processus de travail. <\/p>\n<p>+ Capacit\u00e9 de 32 stylos, plus que suffisante pour le travail quotidien. <\/p>\n<p>+ Taille de 9,5 x 7,4 centim\u00e8tres carr\u00e9s, permettant de prendre des articles sans aucun probl\u00e8me. <\/p>\n<p>+ Produit recyclable pour \u00e9viter tout dommage \u00e0 l&rsquo;environnement. <\/p>\n<p>Ce produit est en outre assorti d&rsquo;une garantie afin que vous puissiez \u00eatre assur\u00e9 qu&rsquo;il s&rsquo;agit du bon achat pour vous. <\/p>\n<p>Cr\u00e9ez le bon environnement pour un travail productif avec cet \u00e9l\u00e9gant porte-stylos !<\/p>","protected":false},"excerpt":{"rendered":"<p>Une bonne id\u00e9e pour les affaires de tous les joursLes porte-stylos font partie int\u00e9grante de l&rsquo;\u00e9quipement de bureau. Sans eux, le d\u00e9sordre r\u00e9gnerait sur chaque bureau: des stylos et crayons pos\u00e9s sur la table, \u00e0 c\u00f4t\u00e9 des capsules de caf\u00e9 ou coinc\u00e9s e<\/p>","protected":false},"featured_media":30342,"comment_status":"open","ping_status":"closed","template":"","meta":[],"product_brand":[],"product_cat":[142],"product_tag":[],"class_list":{"0":"post-30343","1":"product","2":"type-product","3":"status-publish","4":"has-post-thumbnail","6":"product_cat-entretien","8":"first","9":"instock","10":"shipping-taxable","11":"purchasable","12":"product-type-simple"},"_links":{"self":[{"href":"https:\/\/topprixsarl.ch\/en\/wp-json\/wp\/v2\/product\/30343","targetHints":{"allow":["GET"]}}],"collection":[{"href":"https:\/\/topprixsarl.ch\/en\/wp-json\/wp\/v2\/product"}],"about":[{"href":"https:\/\/topprixsarl.ch\/en\/wp-json\/wp\/v2\/types\/product"}],"replies":[{"embeddable":true,"href":"https:\/\/topprixsarl.ch\/en\/wp-json\/wp\/v2\/comments?post=30343"}],"version-history":[{"count":3,"href":"https:\/\/topprixsarl.ch\/en\/wp-json\/wp\/v2\/product\/30343\/revisions"}],"predecessor-version":[{"id":33346,"href":"https:\/\/topprixsarl.ch\/en\/wp-json\/wp\/v2\/product\/30343\/revisions\/33346"}],"wp:featuredmedia":[{"embeddable":true,"href":"https:\/\/topprixsarl.ch\/en\/wp-json\/wp\/v2\/media\/30342"}],"wp:attachment":[{"href":"https:\/\/topprixsarl.ch\/en\/wp-json\/wp\/v2\/media?parent=30343"}],"wp:term":[{"taxonomy":"product_brand","embeddable":true,"href":"https:\/\/topprixsarl.ch\/en\/wp-json\/wp\/v2\/product_brand?post=30343"},{"taxonomy":"product_cat","embeddable":true,"href":"https:\/\/topprixsarl.ch\/en\/wp-json\/wp\/v2\/product_cat?post=30343"},{"taxonomy":"product_tag","embeddable":true,"href":"https:\/\/topprixsarl.ch\/en\/wp-json\/wp\/v2\/product_tag?post=30343"}],"curies":[{"name":"wp","href":"https:\/\/api.w.org\/{rel}","templated":true}]}}