{"id":30339,"date":"2026-01-09T13:17:39","date_gmt":"2026-01-09T13:17:39","guid":{"rendered":"https:\/\/topprixsarl.ch\/product\/effaceur-legamaster-avec-bande-effaceuse-gris\/"},"modified":"2026-01-14T14:21:21","modified_gmt":"2026-01-14T14:21:21","slug":"effaceur-legamaster-avec-bande-effaceuse-gris","status":"publish","type":"product","link":"https:\/\/topprixsarl.ch\/en\/product-2\/effaceur-legamaster-avec-bande-effaceuse-gris\/","title":{"rendered":"Effaceur Legamaster, avec bande effaceuse, gris"},"content":{"rendered":"<p>Pour \u00e9conomiser du temps et de l&rsquo;argent, des r\u00e9unions d\u2019entreprise ont lieu r\u00e9guli\u00e8rement au bureau. L\u2019orateur dessine diff\u00e9rents tableaux ou graphiques sur le tableau et les efface ensuite. Imaginez ce qui se passerait s&rsquo;il utilisait un effa\u00e7eur de mauvaise qualit\u00e9. <\/p>\n<p>Bien s\u00fbr, le tableau blanc a son propre rev\u00eatement protecteur. Mais apr\u00e8s l\u2019utilisation intensive d&rsquo;un mauvais effa\u00e7eur, m\u00eame les meilleures surfaces peuvent s&rsquo;ab\u00eemer et se rayer. Le marqueur sera mal effac\u00e9, le tableau se d\u00e9gradera, et vous devrez en chercher un nouveau.<\/p>\n<p>L\u2019effaceur Legamaster vous aidera \u00e0 \u00e9viter de tels probl\u00e8mes. <\/p>\n<p>+ Gr\u00e2ce \u00e0 la poign\u00e9e ergonomique, vous pouvez retirer rapidement toutes les inscriptions inutiles du travail. <\/p>\n<p>+ Sa taille pratique vous permet de le placer sur une \u00e9tag\u00e8re sp\u00e9ciale au bas de la plupart des tableaux blancs. <\/p>\n<p>+ Le rev\u00eatement doux de l\u2019effaceur est con\u00e7u pour ne pas endommager la surface et ne laisse aucune rayure. <\/p>\n<p>+ Les blocs comptent une bande velcro, ce qui vous permet de les d\u00e9tacher rapidement et de les remplacer par de nouveaux. <\/p>\n<p>Rendez votre pr\u00e9sentation plus professionnelle et prenez soin de votre tableau blanc! <\/p>\n<p>> Garantie 2 ans*<\/p>","protected":false},"excerpt":{"rendered":"<p>Pour \u00e9conomiser du temps et de l&rsquo;argentDes r\u00e9unions d\u2019entreprise ont lieu r\u00e9guli\u00e8rement au bureau. L\u2019orateur dessine diff\u00e9rents tableaux ou graphiques sur le tableau et les efface ensuite. Imaginez ce qui se passerait s&rsquo;il utilisait un effa\u00e7eur de ma<\/p>","protected":false},"featured_media":30338,"comment_status":"open","ping_status":"closed","template":"","meta":[],"product_brand":[],"product_cat":[143],"product_tag":[],"class_list":{"0":"post-30339","1":"product","2":"type-product","3":"status-publish","4":"has-post-thumbnail","6":"product_cat-nettoyage","8":"first","9":"instock","10":"shipping-taxable","11":"purchasable","12":"product-type-simple"},"_links":{"self":[{"href":"https:\/\/topprixsarl.ch\/en\/wp-json\/wp\/v2\/product\/30339","targetHints":{"allow":["GET"]}}],"collection":[{"href":"https:\/\/topprixsarl.ch\/en\/wp-json\/wp\/v2\/product"}],"about":[{"href":"https:\/\/topprixsarl.ch\/en\/wp-json\/wp\/v2\/types\/product"}],"replies":[{"embeddable":true,"href":"https:\/\/topprixsarl.ch\/en\/wp-json\/wp\/v2\/comments?post=30339"}],"version-history":[{"count":2,"href":"https:\/\/topprixsarl.ch\/en\/wp-json\/wp\/v2\/product\/30339\/revisions"}],"predecessor-version":[{"id":32492,"href":"https:\/\/topprixsarl.ch\/en\/wp-json\/wp\/v2\/product\/30339\/revisions\/32492"}],"wp:featuredmedia":[{"embeddable":true,"href":"https:\/\/topprixsarl.ch\/en\/wp-json\/wp\/v2\/media\/30338"}],"wp:attachment":[{"href":"https:\/\/topprixsarl.ch\/en\/wp-json\/wp\/v2\/media?parent=30339"}],"wp:term":[{"taxonomy":"product_brand","embeddable":true,"href":"https:\/\/topprixsarl.ch\/en\/wp-json\/wp\/v2\/product_brand?post=30339"},{"taxonomy":"product_cat","embeddable":true,"href":"https:\/\/topprixsarl.ch\/en\/wp-json\/wp\/v2\/product_cat?post=30339"},{"taxonomy":"product_tag","embeddable":true,"href":"https:\/\/topprixsarl.ch\/en\/wp-json\/wp\/v2\/product_tag?post=30339"}],"curies":[{"name":"wp","href":"https:\/\/api.w.org\/{rel}","templated":true}]}}