{"id":30337,"date":"2026-01-09T13:17:24","date_gmt":"2026-01-09T13:17:24","guid":{"rendered":"https:\/\/topprixsarl.ch\/product\/agrafeuse-stanley-bostitch-b8rex-capacite-30-feuilles-noir\/"},"modified":"2026-01-14T14:21:22","modified_gmt":"2026-01-14T14:21:22","slug":"agrafeuse-stanley-bostitch-b8rex-capacite-30-feuilles-noir","status":"publish","type":"product","link":"https:\/\/topprixsarl.ch\/en\/product-2\/agrafeuse-stanley-bostitch-b8rex-capacite-30-feuilles-noir\/","title":{"rendered":"Stanley Bostitch B8REX stapler, 30-sheet capacity, black"},"content":{"rendered":"<p>Faites une d\u00e9claration de paix \u00e0 vos documents en d\u00e9sordre. C&rsquo;est toujours lorsqu&rsquo;on en a besoin en toute urgence que l&rsquo;on se rend compte que des feuilles manquent ou que des documents sont incomplets. On se met alors \u00e0 chercher pendant un bon moment. <\/p>\n<p>Gr\u00e2ce \u00e0 l&rsquo;agrafeuse de la marque Bostitch, assurez-vous de ne plus vous retrouver dans des situations pareilles. Car une fois agraf\u00e9s, les contrats ou les piles de documents sont disponibles sous une forme bien structur\u00e9e. <\/p>\n<p>+ Capacit\u00e9 d&rsquo;agrafage : 30 feuilles<br \/>\n+ Chargement par le dessus<br \/>\n+ Capacit\u00e9 d&rsquo;agrafes : 105 agrafes<br \/>\n+ Mod\u00e8le pleine bande : les extr\u00e9mit\u00e9s de l&rsquo;agrafe se replient l&rsquo;une vers l&rsquo;autre  <\/p>\n<p>Ce mod\u00e8le assure que les papiers sont tr\u00e8s bien fix\u00e9s. Afin de retirer l&rsquo;agrafe, il est recommand\u00e9 d&rsquo;utiliser un \u00f4te-agrafes. <\/p>\n<p>Apr\u00e8s un coup d&rsquo;\u0153il rapide sur les documents, la r\u00e9ponse est d\u00e9j\u00e0 trouv\u00e9e. L&rsquo;agrafeuse de la marque Bostitch vous permet de conserver les statistiques, les graphiques et les informations exactement dans le bon ordre. <\/p>\n<p>En un seul geste, vous pouvez rem\u00e9dier \u00e0 la pagaille qui r\u00e8gne dans vos papiers et r\u00e9aliser un gain de temps remarquable. <\/p>\n<p>Mettez de l&rsquo;ordre dans vos papiers d\u00e8s maintenant! <\/p>\n<p>> Garantie 1 an<\/p>","protected":false},"excerpt":{"rendered":"<p>Faites une d\u00e9claration de paix \u00e0 vos documents en d\u00e9sordre. C&rsquo;est toujours lorsqu&rsquo;on en a besoin en toute urgence que l&rsquo;on se rend compte que des feuilles manquent ou que des documents sont incomplets. On se met alors \u00e0 chercher pendant un bon moment<\/p>","protected":false},"featured_media":30336,"comment_status":"open","ping_status":"closed","template":"","meta":[],"product_brand":[],"product_cat":[137],"product_tag":[],"class_list":{"0":"post-30337","1":"product","2":"type-product","3":"status-publish","4":"has-post-thumbnail","6":"product_cat-papier","8":"first","9":"instock","10":"shipping-taxable","11":"purchasable","12":"product-type-simple"},"_links":{"self":[{"href":"https:\/\/topprixsarl.ch\/en\/wp-json\/wp\/v2\/product\/30337","targetHints":{"allow":["GET"]}}],"collection":[{"href":"https:\/\/topprixsarl.ch\/en\/wp-json\/wp\/v2\/product"}],"about":[{"href":"https:\/\/topprixsarl.ch\/en\/wp-json\/wp\/v2\/types\/product"}],"replies":[{"embeddable":true,"href":"https:\/\/topprixsarl.ch\/en\/wp-json\/wp\/v2\/comments?post=30337"}],"version-history":[{"count":2,"href":"https:\/\/topprixsarl.ch\/en\/wp-json\/wp\/v2\/product\/30337\/revisions"}],"predecessor-version":[{"id":32491,"href":"https:\/\/topprixsarl.ch\/en\/wp-json\/wp\/v2\/product\/30337\/revisions\/32491"}],"wp:featuredmedia":[{"embeddable":true,"href":"https:\/\/topprixsarl.ch\/en\/wp-json\/wp\/v2\/media\/30336"}],"wp:attachment":[{"href":"https:\/\/topprixsarl.ch\/en\/wp-json\/wp\/v2\/media?parent=30337"}],"wp:term":[{"taxonomy":"product_brand","embeddable":true,"href":"https:\/\/topprixsarl.ch\/en\/wp-json\/wp\/v2\/product_brand?post=30337"},{"taxonomy":"product_cat","embeddable":true,"href":"https:\/\/topprixsarl.ch\/en\/wp-json\/wp\/v2\/product_cat?post=30337"},{"taxonomy":"product_tag","embeddable":true,"href":"https:\/\/topprixsarl.ch\/en\/wp-json\/wp\/v2\/product_tag?post=30337"}],"curies":[{"name":"wp","href":"https:\/\/api.w.org\/{rel}","templated":true}]}}