{"id":30335,"date":"2026-01-09T13:17:03","date_gmt":"2026-01-09T13:17:03","guid":{"rendered":"https:\/\/topprixsarl.ch\/product\/marqueur-permanent-pilot-begreen-twin-marker-double-pointe-fine-moyenne-noir\/"},"modified":"2026-01-14T14:21:22","modified_gmt":"2026-01-14T14:21:22","slug":"marqueur-permanent-pilot-begreen-twin-marker-double-pointe-fine-moyenne-noir","status":"publish","type":"product","link":"https:\/\/topprixsarl.ch\/en\/product-2\/marqueur-permanent-pilot-begreen-twin-marker-double-pointe-fine-moyenne-noir\/","title":{"rendered":"Marqueur permanent Pilot Begreen Twin Marker &#8211; double pointe fine\/moyenne &#8211; noir"},"content":{"rendered":"<p>**Marqueur polyvalent deux en un**<\/p>\n<p>Votre trousse d\u00e9borde car vous avez besoin de stylos diff\u00e9rents pour diverses t\u00e2ches. Vous devez s\u00fbrement investir une partie de cet argent durement gagn\u00e9 dans plus de stockage. Pourquoi ne pas acheter un nouveau stylo plus polyvalent?<\/p>\n<p>Les experts japonais Pilot d\u00e9veloppent depuis plus de 100 ans des articles de bureau complets, ils savent ce qu&rsquo;ils font et vous le savez.<\/p>\n<p>+ **Deux pointes diff\u00e9rentes** : Un marqueur a deux pointes diff\u00e9rentes pour permettre des \u00e9paisseurs diff\u00e9rentes. En fonction de la t\u00e2che, vous pouvez utiliser l&rsquo;\u00e9paisseur de trait requise de 1 ou 2 mm, ce qui peut ne pas sembler beaucoup mais donne un excellent contraste \u00e0 votre texte.<\/p>\n<p>+ **Polyvalence d&rsquo;utilisation** : Une pointe d&rsquo;\u00e9criture en fibre acrylique et une composition d&rsquo;encre sp\u00e9ciale vous permettent d&rsquo;utiliser ce stylo sur toute surface : papier, bois, caoutchouc, carton ou verre, presque tout!<\/p>\n<p>+ **S\u00e9chage rapide** : L&rsquo;encre s\u00e8che rapidement pour \u00e9viter de vilains frottements sur les documents.<\/p>\n<p>+ **\u00c9cologique** : Fabriqu\u00e9 \u00e0 partir de 76,1% de mat\u00e9riaux recycl\u00e9s, ce marqueur est non seulement pratique, mais aussi tr\u00e8s bon pour l&rsquo;environnement. L&rsquo;utilisation de mat\u00e9riaux recycl\u00e9s r\u00e9duit les \u00e9missions nocives pendant la production, diminue la quantit\u00e9 de d\u00e9chets plastiques et permet au fabricant d&rsquo;offrir un produit enti\u00e8rement fonctionnel.<\/p>\n<p>\u00c9crivez sur presque toutes les surfaces!<\/p>","protected":false},"excerpt":{"rendered":"<p>Marqueur polyvalent deux en un Votre trousse d\u00e9borde car avez besoin de stylos diff\u00e9rents pour diverses t\u00e2ches. Vous devez s\u00fbrement investir une partie de cet argent durement gagn\u00e9 dans plus de stockage. Pourquoi ne pas acheter un nouveau stylo plus <\/p>","protected":false},"featured_media":30334,"comment_status":"open","ping_status":"closed","template":"","meta":[],"product_brand":[],"product_cat":[137],"product_tag":[],"class_list":{"0":"post-30335","1":"product","2":"type-product","3":"status-publish","4":"has-post-thumbnail","6":"product_cat-papier","8":"first","9":"instock","10":"shipping-taxable","11":"purchasable","12":"product-type-simple"},"_links":{"self":[{"href":"https:\/\/topprixsarl.ch\/en\/wp-json\/wp\/v2\/product\/30335","targetHints":{"allow":["GET"]}}],"collection":[{"href":"https:\/\/topprixsarl.ch\/en\/wp-json\/wp\/v2\/product"}],"about":[{"href":"https:\/\/topprixsarl.ch\/en\/wp-json\/wp\/v2\/types\/product"}],"replies":[{"embeddable":true,"href":"https:\/\/topprixsarl.ch\/en\/wp-json\/wp\/v2\/comments?post=30335"}],"version-history":[{"count":2,"href":"https:\/\/topprixsarl.ch\/en\/wp-json\/wp\/v2\/product\/30335\/revisions"}],"predecessor-version":[{"id":32489,"href":"https:\/\/topprixsarl.ch\/en\/wp-json\/wp\/v2\/product\/30335\/revisions\/32489"}],"wp:featuredmedia":[{"embeddable":true,"href":"https:\/\/topprixsarl.ch\/en\/wp-json\/wp\/v2\/media\/30334"}],"wp:attachment":[{"href":"https:\/\/topprixsarl.ch\/en\/wp-json\/wp\/v2\/media?parent=30335"}],"wp:term":[{"taxonomy":"product_brand","embeddable":true,"href":"https:\/\/topprixsarl.ch\/en\/wp-json\/wp\/v2\/product_brand?post=30335"},{"taxonomy":"product_cat","embeddable":true,"href":"https:\/\/topprixsarl.ch\/en\/wp-json\/wp\/v2\/product_cat?post=30335"},{"taxonomy":"product_tag","embeddable":true,"href":"https:\/\/topprixsarl.ch\/en\/wp-json\/wp\/v2\/product_tag?post=30335"}],"curies":[{"name":"wp","href":"https:\/\/api.w.org\/{rel}","templated":true}]}}